{"id":19615,"date":"2023-11-13T10:51:29","date_gmt":"2023-11-13T09:51:29","guid":{"rendered":"https:\/\/baralivres.ma\/?post_type=product&#038;p=19615"},"modified":"2025-04-17T15:25:31","modified_gmt":"2025-04-17T14:25:31","slug":"meurtre-mode-demploi-disparition-inquietante-tome-2-meurtre-mode-demploi","status":"publish","type":"product","link":"https:\/\/baralivres.ma\/?product=meurtre-mode-demploi-disparition-inquietante-tome-2-meurtre-mode-demploi","title":{"rendered":"Meurtre, mode d&#8217;emploi &#8211; Disparition inqui\u00e9tante Tome 2 : Meurtre mode d&#8217;emploi"},"content":{"rendered":"<p>La cit\u00e9 enti\u00e8re est captiv\u00e9e par le podcast captivant de Pippa, qui narre l&rsquo;affaire qu&rsquo;elle a brillamment r\u00e9solue aux c\u00f4t\u00e9s de son petit ami, Ravi. Cependant, malgr\u00e9 sa r\u00e9solution de mettre fin \u00e0 sa carri\u00e8re de d\u00e9tective, Pip revient sur sa d\u00e9cision lorsque Jamie Reynolds, le fr\u00e8re de son meilleur ami, dispara\u00eet. La police refuse d&rsquo;intervenir, arguant que ce n&rsquo;est pas la premi\u00e8re fois que Jamie s&rsquo;absente sans pr\u00e9venir. Face \u00e0 cette impasse, Pippa con\u00e7oit une id\u00e9e aussi ing\u00e9nieuse que risqu\u00e9e : partager ses d\u00e9couvertes \u00e0 travers son podcast, m\u00eame au p\u00e9ril d&rsquo;attirer l&rsquo;attention de quelqu&rsquo;un d\u00e9termin\u00e9 \u00e0 garder ses secrets bien enfouis.<\/p>\n","protected":false},"excerpt":{"rendered":"<p>Pippa revient \u00e0 la d\u00e9tection pour retrouver Jamie, partageant ses d\u00e9couvertes via un podcast risqu\u00e9.<\/p>\n","protected":false},"featured_media":19618,"comment_status":"open","ping_status":"closed","template":"","meta":{"inline_featured_image":false},"product_cat":[3873,203,143],"product_tag":[],"class_list":{"0":"post-19615","1":"product","2":"type-product","3":"status-publish","4":"has-post-thumbnail","6":"product_cat-roman-en-francais","7":"product_cat-adolescente","8":"product_cat-roman","9":"pa_auteurs-holly-jackson","11":"first","12":"instock","13":"shipping-taxable","14":"purchasable","15":"product-type-simple"},"_links":{"self":[{"href":"https:\/\/baralivres.ma\/index.php?rest_route=\/wp\/v2\/product\/19615","targetHints":{"allow":["GET"]}}],"collection":[{"href":"https:\/\/baralivres.ma\/index.php?rest_route=\/wp\/v2\/product"}],"about":[{"href":"https:\/\/baralivres.ma\/index.php?rest_route=\/wp\/v2\/types\/product"}],"replies":[{"embeddable":true,"href":"https:\/\/baralivres.ma\/index.php?rest_route=%2Fwp%2Fv2%2Fcomments&post=19615"}],"version-history":[{"count":1,"href":"https:\/\/baralivres.ma\/index.php?rest_route=\/wp\/v2\/product\/19615\/revisions"}],"predecessor-version":[{"id":19619,"href":"https:\/\/baralivres.ma\/index.php?rest_route=\/wp\/v2\/product\/19615\/revisions\/19619"}],"wp:featuredmedia":[{"embeddable":true,"href":"https:\/\/baralivres.ma\/index.php?rest_route=\/wp\/v2\/media\/19618"}],"wp:attachment":[{"href":"https:\/\/baralivres.ma\/index.php?rest_route=%2Fwp%2Fv2%2Fmedia&parent=19615"}],"wp:term":[{"taxonomy":"product_cat","embeddable":true,"href":"https:\/\/baralivres.ma\/index.php?rest_route=%2Fwp%2Fv2%2Fproduct_cat&post=19615"},{"taxonomy":"product_tag","embeddable":true,"href":"https:\/\/baralivres.ma\/index.php?rest_route=%2Fwp%2Fv2%2Fproduct_tag&post=19615"}],"curies":[{"name":"wp","href":"https:\/\/api.w.org\/{rel}","templated":true}]}}