{"id":19612,"date":"2023-11-13T10:51:57","date_gmt":"2023-11-13T09:51:57","guid":{"rendered":"https:\/\/baralivres.ma\/?post_type=product&#038;p=19612"},"modified":"2023-11-13T10:51:58","modified_gmt":"2023-11-13T09:51:58","slug":"ces-substances-interdites-pour-linstant-qui-guerissent","status":"publish","type":"product","link":"https:\/\/baralivres.ma\/?product=ces-substances-interdites-pour-linstant-qui-guerissent","title":{"rendered":"Ces substances interdites (pour l&rsquo;instant) qui gu\u00e9rissent"},"content":{"rendered":"<p>Dans cette fascinante enqu\u00eate, St\u00e9phanie Chayet explore les propri\u00e9t\u00e9s th\u00e9rapeutiques de la psilocybine, autrefois consid\u00e9r\u00e9e comme une drogue dangereuse. Elle r\u00e9v\u00e8le les raisons r\u00e9elles de son interdiction par Nixon et explique pourquoi l&rsquo;Agence am\u00e9ricaine du m\u00e9dicament la classe d\u00e9sormais comme une \u00ab\u00a0th\u00e9rapie innovante\u00a0\u00bb contre la d\u00e9pression. Le livre d\u00e9voile les effets de la psilocybine sur le cerveau, son potentiel pour soulager la d\u00e9pression, att\u00e9nuer la peur de la mort, et gu\u00e9rir des d\u00e9pendances aux opiac\u00e9s, au tabac et \u00e0 l&rsquo;alcool. Une exploration pr\u00e9cise et objective de l&rsquo;une des r\u00e9volutions th\u00e9rapeutiques les plus significatives.<\/p>\n","protected":false},"excerpt":{"rendered":"<p>St\u00e9phanie Chayet explore les vertus th\u00e9rapeutiques de la psilocybine, r\u00e9v\u00e9lant son potentiel contre la d\u00e9pression.<\/p>\n","protected":false},"featured_media":19622,"comment_status":"open","ping_status":"closed","template":"","meta":{"inline_featured_image":false},"product_cat":[204,91],"product_tag":[],"class_list":{"0":"post-19612","1":"product","2":"type-product","3":"status-publish","4":"has-post-thumbnail","6":"product_cat-francais","7":"product_cat-developpement","8":"pa_auteurs-stephanie-chayet","10":"first","11":"instock","12":"shipping-taxable","13":"purchasable","14":"product-type-simple"},"_links":{"self":[{"href":"https:\/\/baralivres.ma\/index.php?rest_route=\/wp\/v2\/product\/19612","targetHints":{"allow":["GET"]}}],"collection":[{"href":"https:\/\/baralivres.ma\/index.php?rest_route=\/wp\/v2\/product"}],"about":[{"href":"https:\/\/baralivres.ma\/index.php?rest_route=\/wp\/v2\/types\/product"}],"replies":[{"embeddable":true,"href":"https:\/\/baralivres.ma\/index.php?rest_route=%2Fwp%2Fv2%2Fcomments&post=19612"}],"version-history":[{"count":1,"href":"https:\/\/baralivres.ma\/index.php?rest_route=\/wp\/v2\/product\/19612\/revisions"}],"predecessor-version":[{"id":19623,"href":"https:\/\/baralivres.ma\/index.php?rest_route=\/wp\/v2\/product\/19612\/revisions\/19623"}],"wp:featuredmedia":[{"embeddable":true,"href":"https:\/\/baralivres.ma\/index.php?rest_route=\/wp\/v2\/media\/19622"}],"wp:attachment":[{"href":"https:\/\/baralivres.ma\/index.php?rest_route=%2Fwp%2Fv2%2Fmedia&parent=19612"}],"wp:term":[{"taxonomy":"product_cat","embeddable":true,"href":"https:\/\/baralivres.ma\/index.php?rest_route=%2Fwp%2Fv2%2Fproduct_cat&post=19612"},{"taxonomy":"product_tag","embeddable":true,"href":"https:\/\/baralivres.ma\/index.php?rest_route=%2Fwp%2Fv2%2Fproduct_tag&post=19612"}],"curies":[{"name":"wp","href":"https:\/\/api.w.org\/{rel}","templated":true}]}}