{"id":19591,"date":"2023-11-13T10:45:23","date_gmt":"2023-11-13T09:45:23","guid":{"rendered":"https:\/\/baralivres.ma\/?post_type=product&#038;p=19591"},"modified":"2024-11-18T14:23:42","modified_gmt":"2024-11-18T13:23:42","slug":"paroles-3","status":"publish","type":"product","link":"https:\/\/baralivres.ma\/?product=paroles-3","title":{"rendered":"Paroles"},"content":{"rendered":"<p>\u00ab\u00a0Ensuite, d\u00e9licatement, arrachez l&rsquo;une des plumes de l&rsquo;oiseau et inscrivez votre nom discr\u00e8tement dans un coin du tableau.\u00a0\u00bb L&rsquo;oiseau, l&rsquo;un des motifs r\u00e9currents dans Paroles, le recueil de Pr\u00e9vert qui a connu un succ\u00e8s imm\u00e9diat lors de sa publication en 1946. Cet oiseau, \u00ab\u00a0riant aux \u00e9clats\u00a0\u00bb et parlant avec une politesse exquise du genre \u00ab\u00a0Vous \u00eates tout excus\u00e9, tout le monde peut se tromper\u00a0\u00bb, appara\u00eet fr\u00e9quemment dans ces pages. Il est d\u00e9crit comme \u00ab\u00a0marrant\u00a0\u00bb, \u00ab\u00a0rieur\u00a0\u00bb, \u00ab\u00a0libre\u00a0\u00bb et \u00ab\u00a0fraternel\u00a0\u00bb, symbolisant ainsi la libert\u00e9, une valeur supr\u00eame que le po\u00e8te a su magnifier d&rsquo;une voix unique. Les po\u00e8mes offrent une libert\u00e9 de ton, de r\u00eaver et d&rsquo;esp\u00e9rer, destin\u00e9s \u00e0 captiver le lecteur. De plus, le dossier en quatre parties, comprenant les sections \u00ab\u00a0Je d\u00e9couvre\u00a0\u00bb, \u00ab\u00a0J&rsquo;analyse\u00a0\u00bb, \u00ab\u00a0Nous avons la parole\u00a0\u00bb et \u00ab\u00a0Prolongements\u00a0\u00bb, est con\u00e7u sp\u00e9cifiquement pour les \u00e9l\u00e8ves de troisi\u00e8me.<\/p>\n","protected":false},"excerpt":{"rendered":"<p>Paroles de Pr\u00e9vert c\u00e9l\u00e8bre l&rsquo;oiseau, symbole de libert\u00e9, dans un recueil captivant pour \u00e9l\u00e8ves de troisi\u00e8me.<\/p>\n","protected":false},"featured_media":19599,"comment_status":"open","ping_status":"closed","template":"","meta":{"inline_featured_image":false},"product_cat":[203,204],"product_tag":[],"class_list":{"0":"post-19591","1":"product","2":"type-product","3":"status-publish","4":"has-post-thumbnail","6":"product_cat-adolescente","7":"product_cat-francais","8":"pa_auteurs-jacques-prevert","10":"first","11":"instock","12":"shipping-taxable","13":"purchasable","14":"product-type-simple"},"_links":{"self":[{"href":"https:\/\/baralivres.ma\/index.php?rest_route=\/wp\/v2\/product\/19591","targetHints":{"allow":["GET"]}}],"collection":[{"href":"https:\/\/baralivres.ma\/index.php?rest_route=\/wp\/v2\/product"}],"about":[{"href":"https:\/\/baralivres.ma\/index.php?rest_route=\/wp\/v2\/types\/product"}],"replies":[{"embeddable":true,"href":"https:\/\/baralivres.ma\/index.php?rest_route=%2Fwp%2Fv2%2Fcomments&post=19591"}],"version-history":[{"count":1,"href":"https:\/\/baralivres.ma\/index.php?rest_route=\/wp\/v2\/product\/19591\/revisions"}],"predecessor-version":[{"id":19605,"href":"https:\/\/baralivres.ma\/index.php?rest_route=\/wp\/v2\/product\/19591\/revisions\/19605"}],"wp:featuredmedia":[{"embeddable":true,"href":"https:\/\/baralivres.ma\/index.php?rest_route=\/wp\/v2\/media\/19599"}],"wp:attachment":[{"href":"https:\/\/baralivres.ma\/index.php?rest_route=%2Fwp%2Fv2%2Fmedia&parent=19591"}],"wp:term":[{"taxonomy":"product_cat","embeddable":true,"href":"https:\/\/baralivres.ma\/index.php?rest_route=%2Fwp%2Fv2%2Fproduct_cat&post=19591"},{"taxonomy":"product_tag","embeddable":true,"href":"https:\/\/baralivres.ma\/index.php?rest_route=%2Fwp%2Fv2%2Fproduct_tag&post=19591"}],"curies":[{"name":"wp","href":"https:\/\/api.w.org\/{rel}","templated":true}]}}