{"id":19590,"date":"2023-11-13T10:43:46","date_gmt":"2023-11-13T09:43:46","guid":{"rendered":"https:\/\/baralivres.ma\/?post_type=product&#038;p=19590"},"modified":"2023-11-13T10:48:38","modified_gmt":"2023-11-13T09:48:38","slug":"aime-toi-la-vie-taimera","status":"publish","type":"product","link":"https:\/\/baralivres.ma\/?product=aime-toi-la-vie-taimera","title":{"rendered":"Aime-toi, la vie t&rsquo;aimera"},"content":{"rendered":"<p>Catherine Bensaid, psychiatre-psychanalyste, propose un guide lib\u00e9rateur pour \u00e9chapper \u00e0 la prison des pens\u00e9es n\u00e9gatives qui compliquent nos vies. Les premi\u00e8res \u00e9tapes vers la r\u00e9conciliation avec soi-m\u00eame impliquent la reconnaissance des difficult\u00e9s et leur d\u00e9passement. Bensaid encourage \u00e0 abandonner les comportements entravants, \u00e0 \u00e9viter de suivre des chemins trac\u00e9s par d&rsquo;autres, et plut\u00f4t \u00e0 \u00e9couter ses propres d\u00e9sirs. Elle souligne l&rsquo;importance d&rsquo;accorder le droit de vivre ses r\u00eaves plut\u00f4t que de les r\u00eaver toute une vie. Ses \u00e9crits, nourris par une riche exp\u00e9rience professionnelle et personnelle, offrent un \u00e9clairage pr\u00e9cieux sur le chemin vers une vie plus \u00e9panouissante.<\/p>\n","protected":false},"excerpt":{"rendered":"<div class=\"group w-full text-token-text-primary border-b border-black\/10 gizmo:border-0 dark:border-gray-900\/50 gizmo:dark:border-0 bg-gray-50 gizmo:bg-transparent dark:bg-[#444654] gizmo:dark:bg-transparent\" data-testid=\"conversation-turn-59\">\n<div class=\"p-4 gizmo:py-2 justify-center text-base md:gap-6 md:py-6 m-auto\">\n<div class=\"flex flex-1 gap-4 text-base mx-auto md:gap-6 gizmo:gap-3 gizmo:md:px-5 gizmo:lg:px-1 gizmo:xl:px-5 md:max-w-2xl lg:max-w-[38rem] gizmo:md:max-w-3xl gizmo:lg:max-w-[40rem] gizmo:xl:max-w-[48rem] xl:max-w-3xl }\">\n<div class=\"relative flex w-[calc(100%-50px)] flex-col gizmo:w-full lg:w-[calc(100%-115px)] agent-turn\">\n<div class=\"flex-col gap-1 md:gap-3\">\n<div class=\"flex flex-grow flex-col max-w-full gap-3 gizmo:gap-0\">\n<div class=\"min-h-[20px] text-message peer flex flex-col items-start gap-3 whitespace-pre-wrap break-words peer-[.text-message]:mt-5 overflow-x-auto\" data-message-author-role=\"assistant\" data-message-id=\"e12a18ec-e26a-456f-918a-cc02dc6cef45\">\n<div class=\"markdown prose w-full break-words dark:prose-invert light\">\n<p>Catherine Bensaid guide pour surmonter pens\u00e9es n\u00e9gatives et reconna\u00eetre les obstacles, invitant \u00e0 \u00e9couter ses d\u00e9sirs et vivre pleinement. Psychiatre-psychanalyste, elle partage son expertise professionnelle et exp\u00e9rience personnelle.<\/p>\n<\/div>\n<\/div>\n<\/div>\n<div class=\"flex justify-between empty:hidden gizmo:justify-start gizmo:gap-3 lg:block gizmo:lg:flex\">\n<div class=\"text-gray-400 flex self-end lg:self-center justify-center gizmo:lg:justify-start mt-2 gizmo:mt-0 visible lg:gap-1 lg:absolute lg:top-0 lg:translate-x-full lg:right-0 lg:mt-0 lg:pl-2 gap-2 md:gap-3\">\n<p>&nbsp;<\/p>\n<div class=\"flex gap-1\"><\/div>\n<\/div>\n<\/div>\n<\/div>\n<\/div>\n<\/div>\n<\/div>\n<\/div>\n<div class=\"group w-full text-token-text-primary border-b border-black\/10 gizmo:border-0 dark:border-gray-900\/50 gizmo:dark:border-0 gizmo:bg-transparent dark:bg-gray-800 gizmo:dark:bg-transparent\" data-testid=\"conversation-turn-60\">\n<div class=\"p-4 gizmo:py-2 justify-center text-base md:gap-6 md:py-6 m-auto\">\n<div class=\"flex flex-1 gap-4 text-base mx-auto md:gap-6 gizmo:gap-3 gizmo:md:px-5 gizmo:lg:px-1 gizmo:xl:px-5 md:max-w-2xl lg:max-w-[38rem] gizmo:md:max-w-3xl gizmo:lg:max-w-[40rem] gizmo:xl:max-w-[48rem] xl:max-w-3xl }\">\n<div class=\"flex-shrink-0 flex flex-col relative items-end\">\n<div><\/div>\n<\/div>\n<\/div>\n<\/div>\n<\/div>\n","protected":false},"featured_media":19592,"comment_status":"open","ping_status":"closed","template":"","meta":{"inline_featured_image":false},"product_cat":[204,91],"product_tag":[],"class_list":{"0":"post-19590","1":"product","2":"type-product","3":"status-publish","4":"has-post-thumbnail","6":"product_cat-francais","7":"product_cat-developpement","8":"pa_auteurs-catherine-bensaid","10":"first","11":"instock","12":"shipping-taxable","13":"purchasable","14":"product-type-simple"},"_links":{"self":[{"href":"https:\/\/baralivres.ma\/index.php?rest_route=\/wp\/v2\/product\/19590","targetHints":{"allow":["GET"]}}],"collection":[{"href":"https:\/\/baralivres.ma\/index.php?rest_route=\/wp\/v2\/product"}],"about":[{"href":"https:\/\/baralivres.ma\/index.php?rest_route=\/wp\/v2\/types\/product"}],"replies":[{"embeddable":true,"href":"https:\/\/baralivres.ma\/index.php?rest_route=%2Fwp%2Fv2%2Fcomments&post=19590"}],"version-history":[{"count":2,"href":"https:\/\/baralivres.ma\/index.php?rest_route=\/wp\/v2\/product\/19590\/revisions"}],"predecessor-version":[{"id":19609,"href":"https:\/\/baralivres.ma\/index.php?rest_route=\/wp\/v2\/product\/19590\/revisions\/19609"}],"wp:featuredmedia":[{"embeddable":true,"href":"https:\/\/baralivres.ma\/index.php?rest_route=\/wp\/v2\/media\/19592"}],"wp:attachment":[{"href":"https:\/\/baralivres.ma\/index.php?rest_route=%2Fwp%2Fv2%2Fmedia&parent=19590"}],"wp:term":[{"taxonomy":"product_cat","embeddable":true,"href":"https:\/\/baralivres.ma\/index.php?rest_route=%2Fwp%2Fv2%2Fproduct_cat&post=19590"},{"taxonomy":"product_tag","embeddable":true,"href":"https:\/\/baralivres.ma\/index.php?rest_route=%2Fwp%2Fv2%2Fproduct_tag&post=19590"}],"curies":[{"name":"wp","href":"https:\/\/api.w.org\/{rel}","templated":true}]}}