{"id":19586,"date":"2023-11-13T10:45:20","date_gmt":"2023-11-13T09:45:20","guid":{"rendered":"https:\/\/baralivres.ma\/?post_type=product&#038;p=19586"},"modified":"2024-11-27T15:15:50","modified_gmt":"2024-11-27T14:15:50","slug":"un-conte-peut-en-cacher-un-autre","status":"publish","type":"product","link":"https:\/\/baralivres.ma\/?product=un-conte-peut-en-cacher-un-autre","title":{"rendered":"Un conte peut en cacher un autre"},"content":{"rendered":"<p>Blanche-Neige sous les projecteurs judiciaires ! Les secrets r\u00e9v\u00e9l\u00e9s de l&rsquo;affaire Cendrillon ! Le masque du prince charmant tombe ! Un scandale secoue le monde des contes de f\u00e9es ! D\u00e9couvrez une version pleine d&rsquo;humour sign\u00e9e Roald Dahl et Quentin Blake des classiques tels que \u00ab\u00a0Le Petit Chaperon rouge\u00a0\u00bb et \u00ab\u00a0Les Trois Petits Cochons\u00a0\u00bb. Saurez-vous reconna\u00eetre ces contes surprenants et hilarants ?<\/p>\n","protected":false},"excerpt":{"rendered":"<p>Contes classiques revisit\u00e9s avec humour par Roald Dahl et Quentin Blake, r\u00e9v\u00e9lant des secrets hilarants et \u00e9tonnants.<\/p>\n","protected":false},"featured_media":19595,"comment_status":"open","ping_status":"closed","template":"","meta":{"inline_featured_image":false},"product_cat":[4021,4022,203,204],"product_tag":[],"class_list":{"0":"post-19586","1":"product","2":"type-product","3":"status-publish","4":"has-post-thumbnail","6":"product_cat-collection_roald_dahl","7":"product_cat-francais-collection_roald_dahl","8":"product_cat-adolescente","9":"product_cat-francais","10":"pa_auteurs-roald-dahl","12":"first","13":"instock","14":"shipping-taxable","15":"purchasable","16":"product-type-simple"},"_links":{"self":[{"href":"https:\/\/baralivres.ma\/index.php?rest_route=\/wp\/v2\/product\/19586","targetHints":{"allow":["GET"]}}],"collection":[{"href":"https:\/\/baralivres.ma\/index.php?rest_route=\/wp\/v2\/product"}],"about":[{"href":"https:\/\/baralivres.ma\/index.php?rest_route=\/wp\/v2\/types\/product"}],"replies":[{"embeddable":true,"href":"https:\/\/baralivres.ma\/index.php?rest_route=%2Fwp%2Fv2%2Fcomments&post=19586"}],"version-history":[{"count":1,"href":"https:\/\/baralivres.ma\/index.php?rest_route=\/wp\/v2\/product\/19586\/revisions"}],"predecessor-version":[{"id":19604,"href":"https:\/\/baralivres.ma\/index.php?rest_route=\/wp\/v2\/product\/19586\/revisions\/19604"}],"wp:featuredmedia":[{"embeddable":true,"href":"https:\/\/baralivres.ma\/index.php?rest_route=\/wp\/v2\/media\/19595"}],"wp:attachment":[{"href":"https:\/\/baralivres.ma\/index.php?rest_route=%2Fwp%2Fv2%2Fmedia&parent=19586"}],"wp:term":[{"taxonomy":"product_cat","embeddable":true,"href":"https:\/\/baralivres.ma\/index.php?rest_route=%2Fwp%2Fv2%2Fproduct_cat&post=19586"},{"taxonomy":"product_tag","embeddable":true,"href":"https:\/\/baralivres.ma\/index.php?rest_route=%2Fwp%2Fv2%2Fproduct_tag&post=19586"}],"curies":[{"name":"wp","href":"https:\/\/api.w.org\/{rel}","templated":true}]}}