{"id":19583,"date":"2023-11-13T10:41:00","date_gmt":"2023-11-13T09:41:00","guid":{"rendered":"https:\/\/baralivres.ma\/?post_type=product&#038;p=19583"},"modified":"2023-11-13T10:41:01","modified_gmt":"2023-11-13T09:41:01","slug":"mousse-une-journee-avec-mousse","status":"publish","type":"product","link":"https:\/\/baralivres.ma\/?product=mousse-une-journee-avec-mousse","title":{"rendered":"Mousse &#8211; : Une journee avec mousse"},"content":{"rendered":"<p>Comme la vie est agr\u00e9able lorsqu&rsquo;on se trouve au bord de la plage, loin du tumulte du monde, en compagnie du doux murmure des vagues. Ainsi se d\u00e9roule la vie de Mousse. Chaque matin, il s&rsquo;aventure sur le sable, plonge dans les eaux fra\u00eeches et attend que la mar\u00e9e lui r\u00e9serve ses petits tr\u00e9sors du jour. Cependant, la journ\u00e9e prend une tournure inattendue avec l&rsquo;arriv\u00e9e d&rsquo;un visiteur pour le moins \u00e9tonnant dans son sanctuaire.<\/p>\n","protected":false},"excerpt":{"rendered":"<p>Mousse profite de la vie paisible \u00e0 la plage, mais un visiteur inattendu perturbe sa routine quotidienne.<\/p>\n","protected":false},"featured_media":19588,"comment_status":"open","ping_status":"closed","template":"","meta":{"inline_featured_image":false},"product_cat":[204,199],"product_tag":[],"class_list":{"0":"post-19583","1":"product","2":"type-product","3":"status-publish","4":"has-post-thumbnail","6":"product_cat-francais","7":"product_cat-histoires","8":"pa_auteurs-claire-lebourg","10":"first","11":"instock","12":"shipping-taxable","13":"purchasable","14":"product-type-simple"},"_links":{"self":[{"href":"https:\/\/baralivres.ma\/index.php?rest_route=\/wp\/v2\/product\/19583","targetHints":{"allow":["GET"]}}],"collection":[{"href":"https:\/\/baralivres.ma\/index.php?rest_route=\/wp\/v2\/product"}],"about":[{"href":"https:\/\/baralivres.ma\/index.php?rest_route=\/wp\/v2\/types\/product"}],"replies":[{"embeddable":true,"href":"https:\/\/baralivres.ma\/index.php?rest_route=%2Fwp%2Fv2%2Fcomments&post=19583"}],"version-history":[{"count":1,"href":"https:\/\/baralivres.ma\/index.php?rest_route=\/wp\/v2\/product\/19583\/revisions"}],"predecessor-version":[{"id":19589,"href":"https:\/\/baralivres.ma\/index.php?rest_route=\/wp\/v2\/product\/19583\/revisions\/19589"}],"wp:featuredmedia":[{"embeddable":true,"href":"https:\/\/baralivres.ma\/index.php?rest_route=\/wp\/v2\/media\/19588"}],"wp:attachment":[{"href":"https:\/\/baralivres.ma\/index.php?rest_route=%2Fwp%2Fv2%2Fmedia&parent=19583"}],"wp:term":[{"taxonomy":"product_cat","embeddable":true,"href":"https:\/\/baralivres.ma\/index.php?rest_route=%2Fwp%2Fv2%2Fproduct_cat&post=19583"},{"taxonomy":"product_tag","embeddable":true,"href":"https:\/\/baralivres.ma\/index.php?rest_route=%2Fwp%2Fv2%2Fproduct_tag&post=19583"}],"curies":[{"name":"wp","href":"https:\/\/api.w.org\/{rel}","templated":true}]}}