{"id":19579,"date":"2023-11-13T10:39:35","date_gmt":"2023-11-13T09:39:35","guid":{"rendered":"https:\/\/baralivres.ma\/?post_type=product&#038;p=19579"},"modified":"2023-11-13T10:40:39","modified_gmt":"2023-11-13T09:40:39","slug":"19579","status":"publish","type":"product","link":"https:\/\/baralivres.ma\/?product=19579","title":{"rendered":"L&rsquo;histoire d&rsquo;un coeur qui apprit \u00e0 battre"},"content":{"rendered":"<p>Marie \u00e9volue dans une ville ensorcelante o\u00f9 des cerfs-volants virevoltent telles des cr\u00e9atures c\u00e9lestes. Son compagnon, Lanm\u00f2, un serpent dor\u00e9 aux yeux rubis effrayants pour les hommes, ne voue son amour qu&rsquo;\u00e0 cette enfant. Cependant, la gaiet\u00e9 de la cit\u00e9 se ternit lorsque les bombes de la guerre la frappent, d\u00e9vorant son essence. Le puissant Lanm\u00f2 aurait-il commis une imprudence en s&rsquo;attachant \u00e0 une cr\u00e9ature aussi fragile ?<\/p>\n<p>Le r\u00e9cit explore la relation entre Marie et Lanm\u00f2, mettant en lumi\u00e8re les \u00e9chos vifs et sensibles de cette connexion particuli\u00e8re. La ville, autrefois joyeuse, devient le th\u00e9\u00e2tre de l&rsquo;ombre de la guerre. Et si cette humaine au destin pr\u00e9caire cachait un myst\u00e8re pr\u00e9cieux ?<\/p>\n<p>A.L. Kennedy offre dans \u00ab\u00a0L&rsquo;histoire d&rsquo;un c\u0153ur qui apprit \u00e0 battre\u00a0\u00bb une prose \u00e0 la fois triste et dr\u00f4le, simple et profonde, selon The New York Times. Le r\u00e9cit, amusant, surprenant et inattendu, d\u00e9voile une palette d&rsquo;\u00e9motions complexes.<\/p>\n","protected":false},"excerpt":{"rendered":"<p>Marie grandit dans une ville aux cerfs-volants, li\u00e9e \u00e0 Lanm\u00f2, un serpent dor\u00e9. La guerre menace. Lanm\u00f2, attach\u00e9 \u00e0 Marie, explore des \u00e9chos sensibles. La prose d&rsquo;A.L. Kennedy, \u00e0 la fois triste et dr\u00f4le, r\u00e9v\u00e8le un r\u00e9cit amusant, surprenant et profond. &#8211; The New York Times.<\/p>\n","protected":false},"featured_media":19584,"comment_status":"open","ping_status":"closed","template":"","meta":{"inline_featured_image":false},"product_cat":[204,91],"product_tag":[],"class_list":{"0":"post-19579","1":"product","2":"type-product","3":"status-publish","4":"has-post-thumbnail","6":"product_cat-francais","7":"product_cat-developpement","8":"pa_auteurs-alison-louise-kennedy","10":"first","11":"instock","12":"shipping-taxable","13":"purchasable","14":"product-type-simple"},"_links":{"self":[{"href":"https:\/\/baralivres.ma\/index.php?rest_route=\/wp\/v2\/product\/19579","targetHints":{"allow":["GET"]}}],"collection":[{"href":"https:\/\/baralivres.ma\/index.php?rest_route=\/wp\/v2\/product"}],"about":[{"href":"https:\/\/baralivres.ma\/index.php?rest_route=\/wp\/v2\/types\/product"}],"replies":[{"embeddable":true,"href":"https:\/\/baralivres.ma\/index.php?rest_route=%2Fwp%2Fv2%2Fcomments&post=19579"}],"version-history":[{"count":2,"href":"https:\/\/baralivres.ma\/index.php?rest_route=\/wp\/v2\/product\/19579\/revisions"}],"predecessor-version":[{"id":19587,"href":"https:\/\/baralivres.ma\/index.php?rest_route=\/wp\/v2\/product\/19579\/revisions\/19587"}],"wp:featuredmedia":[{"embeddable":true,"href":"https:\/\/baralivres.ma\/index.php?rest_route=\/wp\/v2\/media\/19584"}],"wp:attachment":[{"href":"https:\/\/baralivres.ma\/index.php?rest_route=%2Fwp%2Fv2%2Fmedia&parent=19579"}],"wp:term":[{"taxonomy":"product_cat","embeddable":true,"href":"https:\/\/baralivres.ma\/index.php?rest_route=%2Fwp%2Fv2%2Fproduct_cat&post=19579"},{"taxonomy":"product_tag","embeddable":true,"href":"https:\/\/baralivres.ma\/index.php?rest_route=%2Fwp%2Fv2%2Fproduct_tag&post=19579"}],"curies":[{"name":"wp","href":"https:\/\/api.w.org\/{rel}","templated":true}]}}