{"id":19569,"date":"2023-11-13T10:37:36","date_gmt":"2023-11-13T09:37:36","guid":{"rendered":"https:\/\/baralivres.ma\/?post_type=product&#038;p=19569"},"modified":"2023-11-13T10:37:39","modified_gmt":"2023-11-13T09:37:39","slug":"la-belle-et-la-bete-7","status":"publish","type":"product","link":"https:\/\/baralivres.ma\/?product=la-belle-et-la-bete-7","title":{"rendered":"La Belle et la B\u00eate"},"content":{"rendered":"<p>Il \u00e9tait une fois une jeune fille d&rsquo;une beaut\u00e9 remarquable, surnomm\u00e9e la Belle. Pour sauver son p\u00e8re des griffes d&rsquo;une cr\u00e9ature monstrueusement laide, elle se r\u00e9sout \u00e0 se sacrifier. Bravant la peur, elle d\u00e9cide de vivre aux c\u00f4t\u00e9s de la B\u00eate, dans un sombre ch\u00e2teau cach\u00e9 au c\u0153ur d&rsquo;une for\u00eat dense&#8230;<\/p>\n","protected":false},"excerpt":{"rendered":"<p>Belle, belle jeune fille, sacrifie pour sauver son p\u00e8re, vivant avec B\u00eate monstrueuse dans ch\u00e2teau isol\u00e9.<\/p>\n","protected":false},"featured_media":19575,"comment_status":"open","ping_status":"closed","template":"","meta":{"inline_featured_image":false},"product_cat":[204,199],"product_tag":[],"class_list":{"0":"post-19569","1":"product","2":"type-product","3":"status-publish","4":"has-post-thumbnail","6":"product_cat-francais","7":"product_cat-histoires","8":"pa_auteurs-jeanne-marie-leprince-de-beaumont","10":"first","11":"instock","12":"shipping-taxable","13":"purchasable","14":"product-type-simple"},"_links":{"self":[{"href":"https:\/\/baralivres.ma\/index.php?rest_route=\/wp\/v2\/product\/19569","targetHints":{"allow":["GET"]}}],"collection":[{"href":"https:\/\/baralivres.ma\/index.php?rest_route=\/wp\/v2\/product"}],"about":[{"href":"https:\/\/baralivres.ma\/index.php?rest_route=\/wp\/v2\/types\/product"}],"replies":[{"embeddable":true,"href":"https:\/\/baralivres.ma\/index.php?rest_route=%2Fwp%2Fv2%2Fcomments&post=19569"}],"version-history":[{"count":1,"href":"https:\/\/baralivres.ma\/index.php?rest_route=\/wp\/v2\/product\/19569\/revisions"}],"predecessor-version":[{"id":19580,"href":"https:\/\/baralivres.ma\/index.php?rest_route=\/wp\/v2\/product\/19569\/revisions\/19580"}],"wp:featuredmedia":[{"embeddable":true,"href":"https:\/\/baralivres.ma\/index.php?rest_route=\/wp\/v2\/media\/19575"}],"wp:attachment":[{"href":"https:\/\/baralivres.ma\/index.php?rest_route=%2Fwp%2Fv2%2Fmedia&parent=19569"}],"wp:term":[{"taxonomy":"product_cat","embeddable":true,"href":"https:\/\/baralivres.ma\/index.php?rest_route=%2Fwp%2Fv2%2Fproduct_cat&post=19569"},{"taxonomy":"product_tag","embeddable":true,"href":"https:\/\/baralivres.ma\/index.php?rest_route=%2Fwp%2Fv2%2Fproduct_tag&post=19569"}],"curies":[{"name":"wp","href":"https:\/\/api.w.org\/{rel}","templated":true}]}}