{"id":19568,"date":"2023-11-13T10:34:53","date_gmt":"2023-11-13T09:34:53","guid":{"rendered":"https:\/\/baralivres.ma\/?post_type=product&#038;p=19568"},"modified":"2024-11-18T13:52:19","modified_gmt":"2024-11-18T12:52:19","slug":"100-bio-leonard-de-vinci-vu-par-une-ado","status":"publish","type":"product","link":"https:\/\/baralivres.ma\/?product=100-bio-leonard-de-vinci-vu-par-une-ado","title":{"rendered":"100% Bio &#8211; L\u00e9onard de Vinci vu par une ado"},"content":{"rendered":"<p>Plongez dans l&rsquo;univers hilarant de la vie de L\u00e9onard de Vinci \u00e0 travers les yeux de M\u00e9lissa, une adolescente de 12 ans passionn\u00e9e par le g\u00e9nie aux multiples talents. Entre ses posters d\u00e9di\u00e9s \u00e0 De Vinci et sa cha\u00eene YouTube d\u00e9di\u00e9e, M\u00e9lissa vous offre une perspective unique et comique sur la vie de l&rsquo;artiste polymorphe. Avec une touche magique sous la forme d&rsquo;illustrations BD sur chaque page, le r\u00e9cit prend vie avec l&rsquo;intervention directe de L\u00e9onard De Vinci lui-m\u00eame. D\u00e9couvrez comment ce peintre, ing\u00e9nieur, sculpteur, inventeur, anatomiste, botaniste, architecte, musicien, po\u00e8te, philosophe, \u00e9crivain, et bien plus encore, devient un personnage de bande dessin\u00e9e, ajoutant une dimension amusante et captivante \u00e0 son histoire.<\/p>\n","protected":false},"excerpt":{"rendered":"<p>M\u00e9lissa, ado passionn\u00e9e par L\u00e9onard de Vinci, offre un r\u00e9cit hilarant avec interventions BD du g\u00e9nie.<\/p>\n","protected":false},"featured_media":19572,"comment_status":"open","ping_status":"closed","template":"","meta":{"inline_featured_image":false},"product_cat":[203,204],"product_tag":[],"class_list":{"0":"post-19568","1":"product","2":"type-product","3":"status-publish","4":"has-post-thumbnail","6":"product_cat-adolescente","7":"product_cat-francais","8":"pa_auteurs-cecile-alix","10":"first","11":"instock","12":"shipping-taxable","13":"purchasable","14":"product-type-simple"},"_links":{"self":[{"href":"https:\/\/baralivres.ma\/index.php?rest_route=\/wp\/v2\/product\/19568","targetHints":{"allow":["GET"]}}],"collection":[{"href":"https:\/\/baralivres.ma\/index.php?rest_route=\/wp\/v2\/product"}],"about":[{"href":"https:\/\/baralivres.ma\/index.php?rest_route=\/wp\/v2\/types\/product"}],"replies":[{"embeddable":true,"href":"https:\/\/baralivres.ma\/index.php?rest_route=%2Fwp%2Fv2%2Fcomments&post=19568"}],"version-history":[{"count":1,"href":"https:\/\/baralivres.ma\/index.php?rest_route=\/wp\/v2\/product\/19568\/revisions"}],"predecessor-version":[{"id":19573,"href":"https:\/\/baralivres.ma\/index.php?rest_route=\/wp\/v2\/product\/19568\/revisions\/19573"}],"wp:featuredmedia":[{"embeddable":true,"href":"https:\/\/baralivres.ma\/index.php?rest_route=\/wp\/v2\/media\/19572"}],"wp:attachment":[{"href":"https:\/\/baralivres.ma\/index.php?rest_route=%2Fwp%2Fv2%2Fmedia&parent=19568"}],"wp:term":[{"taxonomy":"product_cat","embeddable":true,"href":"https:\/\/baralivres.ma\/index.php?rest_route=%2Fwp%2Fv2%2Fproduct_cat&post=19568"},{"taxonomy":"product_tag","embeddable":true,"href":"https:\/\/baralivres.ma\/index.php?rest_route=%2Fwp%2Fv2%2Fproduct_tag&post=19568"}],"curies":[{"name":"wp","href":"https:\/\/api.w.org\/{rel}","templated":true}]}}