{"id":19564,"date":"2023-11-13T10:36:41","date_gmt":"2023-11-13T09:36:41","guid":{"rendered":"https:\/\/baralivres.ma\/?post_type=product&#038;p=19564"},"modified":"2023-11-13T10:36:42","modified_gmt":"2023-11-13T09:36:42","slug":"kintsugi-lart-de-la-resilience","status":"publish","type":"product","link":"https:\/\/baralivres.ma\/?product=kintsugi-lart-de-la-resilience","title":{"rendered":"Kintsugi, l&rsquo;art de la r\u00e9silience"},"content":{"rendered":"<p>L&rsquo;ouvrage explore la m\u00e9taphore du kintsugi, un ancien art japonais, o\u00f9 les objets cass\u00e9s sont r\u00e9par\u00e9s avec de la poudre d&rsquo;or, soulignant ainsi leurs cicatrices. Le kintsugi, signifiant \u00ab\u00a0jointure en or\u00a0\u00bb, devient un acte symbolique d&rsquo;apprentissage de la r\u00e9silience. Cet art-th\u00e9rapie, souvent per\u00e7u comme une c\u00e9r\u00e9monie minutieuse, invite \u00e0 un processus lent et consciencieux, demandant patience et concentration. \u00c0 travers des contes, des conseils et des exercices pratiques, l&rsquo;auteur guide les lecteurs dans leur parcours de gu\u00e9rison, qu&rsquo;il s&rsquo;agisse de blessures physiques ou \u00e9motionnelles. En suivant les \u00e9tapes traditionnelles du kintsugi, l&rsquo;ouvrage offre un accompagnement vers la gu\u00e9rison, la transformation et la sublimation des cicatrices.<\/p>\n","protected":false},"excerpt":{"rendered":"<div class=\"group w-full text-token-text-primary border-b border-black\/10 gizmo:border-0 dark:border-gray-900\/50 gizmo:dark:border-0 bg-gray-50 gizmo:bg-transparent dark:bg-[#444654] gizmo:dark:bg-transparent\" data-testid=\"conversation-turn-53\">\n<div class=\"p-4 gizmo:py-2 justify-center text-base md:gap-6 md:py-6 m-auto\">\n<div class=\"flex flex-1 gap-4 text-base mx-auto md:gap-6 gizmo:gap-3 gizmo:md:px-5 gizmo:lg:px-1 gizmo:xl:px-5 md:max-w-2xl lg:max-w-[38rem] gizmo:md:max-w-3xl gizmo:lg:max-w-[40rem] gizmo:xl:max-w-[48rem] xl:max-w-3xl }\">\n<div class=\"relative flex w-[calc(100%-50px)] flex-col gizmo:w-full lg:w-[calc(100%-115px)] agent-turn\">\n<div class=\"flex-col gap-1 md:gap-3\">\n<div class=\"flex flex-grow flex-col max-w-full gap-3 gizmo:gap-0\">\n<div class=\"min-h-[20px] text-message peer flex flex-col items-start gap-3 whitespace-pre-wrap break-words peer-[.text-message]:mt-5 overflow-x-auto\" data-message-author-role=\"assistant\" data-message-id=\"72d79760-9661-4458-ab7d-32cbb34f9b82\">\n<div class=\"markdown prose w-full break-words dark:prose-invert light\">\n<p>Apprenez la r\u00e9silience avec le kintsugi, r\u00e9paration d&rsquo;objets bris\u00e9s, soulignant les cicatrices avec de l&rsquo;or.<\/p>\n<\/div>\n<\/div>\n<\/div>\n<div class=\"flex justify-between empty:hidden gizmo:justify-start gizmo:gap-3 lg:block gizmo:lg:flex\">\n<div class=\"text-gray-400 flex self-end lg:self-center justify-center gizmo:lg:justify-start mt-2 gizmo:mt-0 visible lg:gap-1 lg:absolute lg:top-0 lg:translate-x-full lg:right-0 lg:mt-0 lg:pl-2 gap-2 md:gap-3\"><button class=\"flex ml-auto gizmo:ml-0 gap-2 items-center rounded-md p-1 text-xs gizmo:gap-1.5 gizmo:pl-0 dark:text-gray-400 dark:hover:text-gray-200 disabled:dark:hover:text-gray-400 hover:text-gray-700\"><\/button><\/p>\n<div class=\"flex gap-1\"><\/div>\n<\/div>\n<\/div>\n<\/div>\n<\/div>\n<\/div>\n<\/div>\n<\/div>\n","protected":false},"featured_media":19577,"comment_status":"open","ping_status":"closed","template":"","meta":{"inline_featured_image":false},"product_cat":[204,91],"product_tag":[],"class_list":{"0":"post-19564","1":"product","2":"type-product","3":"status-publish","4":"has-post-thumbnail","6":"product_cat-francais","7":"product_cat-developpement","8":"pa_auteurs-celine-prenassi","10":"first","11":"instock","12":"shipping-taxable","13":"purchasable","14":"product-type-simple"},"_links":{"self":[{"href":"https:\/\/baralivres.ma\/index.php?rest_route=\/wp\/v2\/product\/19564","targetHints":{"allow":["GET"]}}],"collection":[{"href":"https:\/\/baralivres.ma\/index.php?rest_route=\/wp\/v2\/product"}],"about":[{"href":"https:\/\/baralivres.ma\/index.php?rest_route=\/wp\/v2\/types\/product"}],"replies":[{"embeddable":true,"href":"https:\/\/baralivres.ma\/index.php?rest_route=%2Fwp%2Fv2%2Fcomments&post=19564"}],"version-history":[{"count":1,"href":"https:\/\/baralivres.ma\/index.php?rest_route=\/wp\/v2\/product\/19564\/revisions"}],"predecessor-version":[{"id":19578,"href":"https:\/\/baralivres.ma\/index.php?rest_route=\/wp\/v2\/product\/19564\/revisions\/19578"}],"wp:featuredmedia":[{"embeddable":true,"href":"https:\/\/baralivres.ma\/index.php?rest_route=\/wp\/v2\/media\/19577"}],"wp:attachment":[{"href":"https:\/\/baralivres.ma\/index.php?rest_route=%2Fwp%2Fv2%2Fmedia&parent=19564"}],"wp:term":[{"taxonomy":"product_cat","embeddable":true,"href":"https:\/\/baralivres.ma\/index.php?rest_route=%2Fwp%2Fv2%2Fproduct_cat&post=19564"},{"taxonomy":"product_tag","embeddable":true,"href":"https:\/\/baralivres.ma\/index.php?rest_route=%2Fwp%2Fv2%2Fproduct_tag&post=19564"}],"curies":[{"name":"wp","href":"https:\/\/api.w.org\/{rel}","templated":true}]}}