{"id":19557,"date":"2023-11-13T10:28:54","date_gmt":"2023-11-13T09:28:54","guid":{"rendered":"https:\/\/baralivres.ma\/?post_type=product&#038;p=19557"},"modified":"2023-11-13T10:28:56","modified_gmt":"2023-11-13T09:28:56","slug":"comment-sentourer-de-gens-extraordinaires","status":"publish","type":"product","link":"https:\/\/baralivres.ma\/?product=comment-sentourer-de-gens-extraordinaires","title":{"rendered":"Comment s&rsquo;entourer de gens extraordinaires"},"content":{"rendered":"<p>Lillian Glass, docteure en troubles de la communication et en psychologie, conseill\u00e8re \u00e0 New York et Beverly Hills, a aid\u00e9 diverses personnalit\u00e9s. Son livre explore les peurs li\u00e9es \u00e0 la confiance en soi, proposant des solutions pour s&rsquo;entourer de personnes positives et \u00e9tablir des relations b\u00e9n\u00e9fiques. Alliant analyse psychologique et pr\u00e9sentation de la grammaire des relations, le guide offre des conseils pratiques pour cr\u00e9er un cercle social \u00e9panouissant.<\/p>\n","protected":false},"excerpt":{"rendered":"<p>Lillian Glass, experte en communication, guide sur la confiance en soi, relations positives et \u00e9panouissement social.<\/p>\n","protected":false},"featured_media":19560,"comment_status":"open","ping_status":"closed","template":"","meta":{"inline_featured_image":false},"product_cat":[204,91],"product_tag":[],"class_list":{"0":"post-19557","1":"product","2":"type-product","3":"status-publish","4":"has-post-thumbnail","6":"product_cat-francais","7":"product_cat-developpement","8":"pa_auteurs-lillian-glass","10":"first","11":"instock","12":"shipping-taxable","13":"purchasable","14":"product-type-simple"},"_links":{"self":[{"href":"https:\/\/baralivres.ma\/index.php?rest_route=\/wp\/v2\/product\/19557","targetHints":{"allow":["GET"]}}],"collection":[{"href":"https:\/\/baralivres.ma\/index.php?rest_route=\/wp\/v2\/product"}],"about":[{"href":"https:\/\/baralivres.ma\/index.php?rest_route=\/wp\/v2\/types\/product"}],"replies":[{"embeddable":true,"href":"https:\/\/baralivres.ma\/index.php?rest_route=%2Fwp%2Fv2%2Fcomments&post=19557"}],"version-history":[{"count":1,"href":"https:\/\/baralivres.ma\/index.php?rest_route=\/wp\/v2\/product\/19557\/revisions"}],"predecessor-version":[{"id":19562,"href":"https:\/\/baralivres.ma\/index.php?rest_route=\/wp\/v2\/product\/19557\/revisions\/19562"}],"wp:featuredmedia":[{"embeddable":true,"href":"https:\/\/baralivres.ma\/index.php?rest_route=\/wp\/v2\/media\/19560"}],"wp:attachment":[{"href":"https:\/\/baralivres.ma\/index.php?rest_route=%2Fwp%2Fv2%2Fmedia&parent=19557"}],"wp:term":[{"taxonomy":"product_cat","embeddable":true,"href":"https:\/\/baralivres.ma\/index.php?rest_route=%2Fwp%2Fv2%2Fproduct_cat&post=19557"},{"taxonomy":"product_tag","embeddable":true,"href":"https:\/\/baralivres.ma\/index.php?rest_route=%2Fwp%2Fv2%2Fproduct_tag&post=19557"}],"curies":[{"name":"wp","href":"https:\/\/api.w.org\/{rel}","templated":true}]}}