{"id":19554,"date":"2023-11-13T10:28:51","date_gmt":"2023-11-13T09:28:51","guid":{"rendered":"https:\/\/baralivres.ma\/?post_type=product&#038;p=19554"},"modified":"2023-11-13T10:28:52","modified_gmt":"2023-11-13T09:28:52","slug":"les-40-secrets-du-bonheur-au-quotidien","status":"publish","type":"product","link":"https:\/\/baralivres.ma\/?product=les-40-secrets-du-bonheur-au-quotidien","title":{"rendered":"Les 40 secrets du bonheur au quotidien"},"content":{"rendered":"<p>Dans notre routine quotidienne, souvent \u00e9touffante, nous fonctionnons en mode \u00ab\u00a0pilote automatique\u00a0\u00bb, rarement pleinement conscients de nous-m\u00eames et des autres. Olivier Clerc propose dans son livre une approche transformative. Il rassemble les enseignements essentiels de diverses traditions mondiales. \u00c0 travers 40 pratiques simples et profondes, l&rsquo;auteur invite \u00e0 une prise de conscience, sugg\u00e9rant des rituels pour insuffler la spiritualit\u00e9 dans le quotidien et se purifier. Ces exercices offrent une voie pour sortir de la monotonie et vivre de mani\u00e8re plus \u00e9veill\u00e9e et attentive.<\/p>\n","protected":false},"excerpt":{"rendered":"<p>Olivier Clerc propose 40 pratiques issues de traditions mondiales pour \u00e9veiller la spiritualit\u00e9 dans la routine quotidienne.<\/p>\n","protected":false},"featured_media":19559,"comment_status":"open","ping_status":"closed","template":"","meta":{"inline_featured_image":false},"product_cat":[204,91],"product_tag":[],"class_list":{"0":"post-19554","1":"product","2":"type-product","3":"status-publish","4":"has-post-thumbnail","6":"product_cat-francais","7":"product_cat-developpement","8":"pa_auteurs-olivier-clerc","10":"first","11":"instock","12":"shipping-taxable","13":"purchasable","14":"product-type-simple"},"_links":{"self":[{"href":"https:\/\/baralivres.ma\/index.php?rest_route=\/wp\/v2\/product\/19554","targetHints":{"allow":["GET"]}}],"collection":[{"href":"https:\/\/baralivres.ma\/index.php?rest_route=\/wp\/v2\/product"}],"about":[{"href":"https:\/\/baralivres.ma\/index.php?rest_route=\/wp\/v2\/types\/product"}],"replies":[{"embeddable":true,"href":"https:\/\/baralivres.ma\/index.php?rest_route=%2Fwp%2Fv2%2Fcomments&post=19554"}],"version-history":[{"count":1,"href":"https:\/\/baralivres.ma\/index.php?rest_route=\/wp\/v2\/product\/19554\/revisions"}],"predecessor-version":[{"id":19561,"href":"https:\/\/baralivres.ma\/index.php?rest_route=\/wp\/v2\/product\/19554\/revisions\/19561"}],"wp:featuredmedia":[{"embeddable":true,"href":"https:\/\/baralivres.ma\/index.php?rest_route=\/wp\/v2\/media\/19559"}],"wp:attachment":[{"href":"https:\/\/baralivres.ma\/index.php?rest_route=%2Fwp%2Fv2%2Fmedia&parent=19554"}],"wp:term":[{"taxonomy":"product_cat","embeddable":true,"href":"https:\/\/baralivres.ma\/index.php?rest_route=%2Fwp%2Fv2%2Fproduct_cat&post=19554"},{"taxonomy":"product_tag","embeddable":true,"href":"https:\/\/baralivres.ma\/index.php?rest_route=%2Fwp%2Fv2%2Fproduct_tag&post=19554"}],"curies":[{"name":"wp","href":"https:\/\/api.w.org\/{rel}","templated":true}]}}