{"id":19548,"date":"2023-11-13T10:24:53","date_gmt":"2023-11-13T09:24:53","guid":{"rendered":"https:\/\/baralivres.ma\/?post_type=product&#038;p=19548"},"modified":"2023-11-13T10:24:54","modified_gmt":"2023-11-13T09:24:54","slug":"votre-parole-vaut-de-lor-25-regles-pour-convaincre","status":"publish","type":"product","link":"https:\/\/baralivres.ma\/?product=votre-parole-vaut-de-lor-25-regles-pour-convaincre","title":{"rendered":"Votre parole vaut de l&rsquo;or &#8211; 25 r\u00e8gles pour convaincre"},"content":{"rendered":"<p>\u00c0 travers un voyage de 3000 ans d&rsquo;art oratoire et les coulisses des grands orateurs, ce livre r\u00e9v\u00e8le les secrets de l&rsquo;\u00e9loquence. Il souligne que, contrairement \u00e0 l&rsquo;adage \u00ab\u00a0les \u00e9crits restent, les mots s&rsquo;envolent\u00a0\u00bb, la parole ma\u00eetris\u00e9e d\u00e9tient un pouvoir immense. L&rsquo;\u00e9loquence est pr\u00e9sent\u00e9e comme une arme et un art qui s&rsquo;apprend, se cultive et se perfectionne. L&rsquo;auteur explore des questions telles que la mani\u00e8re de convaincre sans ennuyer, d&rsquo;oser, de s\u00e9duire, et de monter \u00e0 la tribune tout en restant authentique. Les composants essentiels de l&rsquo;\u00e9loquence, tels que la justesse, la simplicit\u00e9, la r\u00e9partie, et la posture du corps, sont d\u00e9voil\u00e9s avec clart\u00e9 et gourmandise. Destin\u00e9 aussi bien aux timides qu&rsquo;aux enrou\u00e9s, ce guide encourage \u00e0 prendre la parole et \u00e0 devenir plus \u00e9loquent au quotidien. Lou\u00e9 comme un vade-mecum vif, plaisant, instructif, voire d\u00e9cal\u00e9, il offre une perspective enrichissante sur l&rsquo;art de la parole.<\/p>\n","protected":false},"excerpt":{"rendered":"<p>Guide \u00e9loquent sur les secrets de l&rsquo;\u00e9loquence, explorant 3000 ans d&rsquo;art oratoire avec clart\u00e9 et gourmandise.<\/p>\n","protected":false},"featured_media":19552,"comment_status":"open","ping_status":"closed","template":"","meta":{"inline_featured_image":false},"product_cat":[204,91],"product_tag":[],"class_list":{"0":"post-19548","1":"product","2":"type-product","3":"status-publish","4":"has-post-thumbnail","6":"product_cat-francais","7":"product_cat-developpement","8":"pa_auteurs-amelie-blanckaert","10":"first","11":"instock","12":"shipping-taxable","13":"purchasable","14":"product-type-simple"},"_links":{"self":[{"href":"https:\/\/baralivres.ma\/index.php?rest_route=\/wp\/v2\/product\/19548","targetHints":{"allow":["GET"]}}],"collection":[{"href":"https:\/\/baralivres.ma\/index.php?rest_route=\/wp\/v2\/product"}],"about":[{"href":"https:\/\/baralivres.ma\/index.php?rest_route=\/wp\/v2\/types\/product"}],"replies":[{"embeddable":true,"href":"https:\/\/baralivres.ma\/index.php?rest_route=%2Fwp%2Fv2%2Fcomments&post=19548"}],"version-history":[{"count":1,"href":"https:\/\/baralivres.ma\/index.php?rest_route=\/wp\/v2\/product\/19548\/revisions"}],"predecessor-version":[{"id":19553,"href":"https:\/\/baralivres.ma\/index.php?rest_route=\/wp\/v2\/product\/19548\/revisions\/19553"}],"wp:featuredmedia":[{"embeddable":true,"href":"https:\/\/baralivres.ma\/index.php?rest_route=\/wp\/v2\/media\/19552"}],"wp:attachment":[{"href":"https:\/\/baralivres.ma\/index.php?rest_route=%2Fwp%2Fv2%2Fmedia&parent=19548"}],"wp:term":[{"taxonomy":"product_cat","embeddable":true,"href":"https:\/\/baralivres.ma\/index.php?rest_route=%2Fwp%2Fv2%2Fproduct_cat&post=19548"},{"taxonomy":"product_tag","embeddable":true,"href":"https:\/\/baralivres.ma\/index.php?rest_route=%2Fwp%2Fv2%2Fproduct_tag&post=19548"}],"curies":[{"name":"wp","href":"https:\/\/api.w.org\/{rel}","templated":true}]}}