{"id":19547,"date":"2023-11-13T10:22:59","date_gmt":"2023-11-13T09:22:59","guid":{"rendered":"https:\/\/baralivres.ma\/?post_type=product&#038;p=19547"},"modified":"2023-11-13T10:23:00","modified_gmt":"2023-11-13T09:23:00","slug":"lamour-est-le-secret-de-la-vie","status":"publish","type":"product","link":"https:\/\/baralivres.ma\/?product=lamour-est-le-secret-de-la-vie","title":{"rendered":"L&rsquo;amour est le secret de la vie"},"content":{"rendered":"<p>Anselm Gr\u00fcn, figure spirituelle majeure, pr\u00e9sente un livre essentiel explorant le sens profond de l&rsquo;amour. \u00c0 travers une approche simple et \u00e9mouvante, il guide sur la fa\u00e7on de nourrir l&rsquo;amour, d\u00e9passant l&rsquo;id\u00e9alisation et les plaintes. Ce manuel offre la cl\u00e9 pour red\u00e9couvrir la dimension spirituelle de l&rsquo;amour, transformant m\u00eame les relations les plus chaotiques. Un chemin vers l&rsquo;intimit\u00e9 personnelle ouvrant la porte \u00e0 des relations profondes et authentiques. Anselm Gr\u00fcn, moine b\u00e9n\u00e9dictin allemand, partage des conseils de vie inspir\u00e9s par la sagesse chr\u00e9tienne, sans dogmatisme.<\/p>\n","protected":false},"excerpt":{"rendered":"<div class=\"group w-full text-token-text-primary border-b border-black\/10 gizmo:border-0 dark:border-gray-900\/50 gizmo:dark:border-0 bg-gray-50 gizmo:bg-transparent dark:bg-[#444654] gizmo:dark:bg-transparent\" data-testid=\"conversation-turn-39\">\n<div class=\"p-4 gizmo:py-2 justify-center text-base md:gap-6 md:py-6 m-auto\">\n<div class=\"flex flex-1 gap-4 text-base mx-auto md:gap-6 gizmo:gap-3 gizmo:md:px-5 gizmo:lg:px-1 gizmo:xl:px-5 md:max-w-2xl lg:max-w-[38rem] gizmo:md:max-w-3xl gizmo:lg:max-w-[40rem] gizmo:xl:max-w-[48rem] xl:max-w-3xl }\">\n<div class=\"relative flex w-[calc(100%-50px)] flex-col gizmo:w-full lg:w-[calc(100%-115px)] agent-turn\">\n<div class=\"flex-col gap-1 md:gap-3\">\n<div class=\"flex flex-grow flex-col max-w-full gap-3 gizmo:gap-0\">\n<div class=\"min-h-[20px] text-message peer flex flex-col items-start gap-3 whitespace-pre-wrap break-words peer-[.text-message]:mt-5 overflow-x-auto\" data-message-author-role=\"assistant\" data-message-id=\"bc5d8180-58a6-45e1-872e-092314e816f2\">\n<div class=\"markdown prose w-full break-words dark:prose-invert light\">\n<p>Anselm Gr\u00fcn explore l&rsquo;amour, d\u00e9passant id\u00e9alisation, plaintes. Manuel pour retrouver dimension spirituelle, relations authentiques.<\/p>\n<\/div>\n<\/div>\n<\/div>\n<div class=\"flex justify-between empty:hidden gizmo:justify-start gizmo:gap-3 lg:block gizmo:lg:flex\">\n<div class=\"text-gray-400 flex self-end lg:self-center justify-center gizmo:lg:justify-start mt-2 gizmo:mt-0 visible lg:gap-1 lg:absolute lg:top-0 lg:translate-x-full lg:right-0 lg:mt-0 lg:pl-2 gap-2 md:gap-3\"><button class=\"flex ml-auto gizmo:ml-0 gap-2 items-center rounded-md p-1 text-xs gizmo:gap-1.5 gizmo:pl-0 dark:text-gray-400 dark:hover:text-gray-200 disabled:dark:hover:text-gray-400 hover:text-gray-700\"><\/button><\/p>\n<div class=\"flex gap-1\"><\/div>\n<\/div>\n<\/div>\n<\/div>\n<\/div>\n<\/div>\n<\/div>\n<\/div>\n","protected":false},"featured_media":19549,"comment_status":"open","ping_status":"closed","template":"","meta":{"inline_featured_image":false},"product_cat":[204,91],"product_tag":[],"class_list":{"0":"post-19547","1":"product","2":"type-product","3":"status-publish","4":"has-post-thumbnail","6":"product_cat-francais","7":"product_cat-developpement","8":"pa_auteurs-anselm-grun","10":"first","11":"instock","12":"shipping-taxable","13":"purchasable","14":"product-type-simple"},"_links":{"self":[{"href":"https:\/\/baralivres.ma\/index.php?rest_route=\/wp\/v2\/product\/19547","targetHints":{"allow":["GET"]}}],"collection":[{"href":"https:\/\/baralivres.ma\/index.php?rest_route=\/wp\/v2\/product"}],"about":[{"href":"https:\/\/baralivres.ma\/index.php?rest_route=\/wp\/v2\/types\/product"}],"replies":[{"embeddable":true,"href":"https:\/\/baralivres.ma\/index.php?rest_route=%2Fwp%2Fv2%2Fcomments&post=19547"}],"version-history":[{"count":1,"href":"https:\/\/baralivres.ma\/index.php?rest_route=\/wp\/v2\/product\/19547\/revisions"}],"predecessor-version":[{"id":19550,"href":"https:\/\/baralivres.ma\/index.php?rest_route=\/wp\/v2\/product\/19547\/revisions\/19550"}],"wp:featuredmedia":[{"embeddable":true,"href":"https:\/\/baralivres.ma\/index.php?rest_route=\/wp\/v2\/media\/19549"}],"wp:attachment":[{"href":"https:\/\/baralivres.ma\/index.php?rest_route=%2Fwp%2Fv2%2Fmedia&parent=19547"}],"wp:term":[{"taxonomy":"product_cat","embeddable":true,"href":"https:\/\/baralivres.ma\/index.php?rest_route=%2Fwp%2Fv2%2Fproduct_cat&post=19547"},{"taxonomy":"product_tag","embeddable":true,"href":"https:\/\/baralivres.ma\/index.php?rest_route=%2Fwp%2Fv2%2Fproduct_tag&post=19547"}],"curies":[{"name":"wp","href":"https:\/\/api.w.org\/{rel}","templated":true}]}}