{"id":19528,"date":"2023-11-13T10:15:07","date_gmt":"2023-11-13T09:15:07","guid":{"rendered":"https:\/\/baralivres.ma\/?post_type=product&#038;p=19528"},"modified":"2023-11-13T10:15:08","modified_gmt":"2023-11-13T09:15:08","slug":"vivre-heureux-avec-son-enfant","status":"publish","type":"product","link":"https:\/\/baralivres.ma\/?product=vivre-heureux-avec-son-enfant","title":{"rendered":"Vivre heureux avec son enfant"},"content":{"rendered":"<p>Face aux col\u00e8res, refus de coucher ou manger chez l&rsquo;enfant, Catherine Gueguen propose une approche bas\u00e9e sur l&#8217;empathie. Utilisant des exemples et des donn\u00e9es des neurosciences affectives, elle encourage \u00e0 voir le monde \u00e0 travers les yeux de l&rsquo;enfant. Ce plaidoyer pour une \u00e9ducation bienveillante s&rsquo;appuie sur la relation empathique, soutenue par les derni\u00e8res d\u00e9couvertes sur le d\u00e9veloppement \u00e9motionnel du cerveau. Le Dr. Catherine Gueguen, p\u00e9diatre, plaide ainsi pour une vision \u00e9ducative diff\u00e9rente, mettant l&rsquo;accent sur la bienveillance et l&#8217;empathie envers les enfants.<\/p>\n","protected":false},"excerpt":{"rendered":"<div class=\"flex-1 overflow-hidden\">\n<div class=\"react-scroll-to-bottom--css-tgepr-79elbk h-full\">\n<div class=\"react-scroll-to-bottom--css-tgepr-1n7m0yu\">\n<div class=\"flex flex-col text-sm gizmo:pb-9 dark:bg-gray-800 gizmo:dark:bg-transparent\">\n<div class=\"group w-full text-token-text-primary border-b border-black\/10 gizmo:border-0 dark:border-gray-900\/50 gizmo:dark:border-0 bg-gray-50 gizmo:bg-transparent dark:bg-[#444654] gizmo:dark:bg-transparent\" data-testid=\"conversation-turn-39\">\n<div class=\"p-4 gizmo:py-2 justify-center text-base md:gap-6 md:py-6 m-auto\">\n<div class=\"flex flex-1 gap-4 text-base mx-auto md:gap-6 gizmo:gap-3 gizmo:md:px-5 gizmo:lg:px-1 gizmo:xl:px-5 md:max-w-2xl lg:max-w-[38rem] gizmo:md:max-w-3xl gizmo:lg:max-w-[40rem] gizmo:xl:max-w-[48rem] xl:max-w-3xl }\">\n<div class=\"relative flex w-[calc(100%-50px)] flex-col gizmo:w-full lg:w-[calc(100%-115px)] agent-turn\">\n<div class=\"flex-col gap-1 md:gap-3\">\n<div class=\"flex flex-grow flex-col max-w-full gap-3 gizmo:gap-0\">\n<div class=\"min-h-[20px] text-message peer flex flex-col items-start gap-3 whitespace-pre-wrap break-words peer-[.text-message]:mt-5 overflow-x-auto\" data-message-author-role=\"assistant\" data-message-id=\"39e4796e-a2b2-4fd7-9f00-43ddd2f2297b\">\n<div class=\"markdown prose w-full break-words dark:prose-invert light\">\n<p>Catherine Gueguen, p\u00e9diatre, pr\u00e9conise une \u00e9ducation bienveillante bas\u00e9e sur l&#8217;empathie et les neurosciences affectives.<\/p>\n<\/div>\n<\/div>\n<\/div>\n<div class=\"flex justify-between empty:hidden gizmo:justify-start gizmo:gap-3 lg:block gizmo:lg:flex\">\n<div class=\"text-gray-400 flex self-end lg:self-center justify-center gizmo:lg:justify-start mt-2 gizmo:mt-0 visible lg:gap-1 lg:absolute lg:top-0 lg:translate-x-full lg:right-0 lg:mt-0 lg:pl-2 gap-2 md:gap-3\"><button class=\"flex ml-auto gizmo:ml-0 gap-2 items-center rounded-md p-1 text-xs gizmo:gap-1.5 gizmo:pl-0 dark:text-gray-400 dark:hover:text-gray-200 disabled:dark:hover:text-gray-400 hover:text-gray-700\"><\/button><\/p>\n<div class=\"flex gap-1\"><\/div>\n<\/div>\n<\/div>\n<\/div>\n<\/div>\n<\/div>\n<\/div>\n<\/div>\n<div class=\"h-36 md:h-48 flex-shrink-0\"><\/div>\n<p><button class=\"cursor-pointer absolute z-10 rounded-full gizmo:bg-clip-padding border text-gray-600 dark:border-white\/10 dark:bg-white\/10 dark:text-gray-200 right-6 bottom-[124px] md:bottom-[180px] gizmo:md:bottom-[143px] lg:bottom-[120px] border-gray-200 bg-gray-50\"><\/button><\/div>\n<\/div>\n<\/div>\n<\/div>\n<div class=\"w-full pt-2 md:pt-0 border-t md:border-t-0 gizmo:border-t-0 dark:border-white\/20 md:border-transparent md:dark:border-transparent md:pl-2 gizmo:pl-0 gizmo:md:pl-0 md:w-[calc(100%-.5rem)] absolute bottom-0 left-0 md:bg-vert-light-gradient bg-white dark:bg-gray-800 md:!bg-transparent dark:md:bg-vert-dark-gradient\">\n<div class=\"relative flex h-full flex-1 items-stretch md:flex-col\">\n<div>\n<div class=\"h-full flex ml-1 md:w-full md:m-auto md:mb-4 gap-0 md:gap-2 justify-center\"><\/div>\n<\/div>\n<\/div>\n<\/div>\n","protected":false},"featured_media":19533,"comment_status":"open","ping_status":"closed","template":"","meta":{"inline_featured_image":false},"product_cat":[204,91],"product_tag":[],"class_list":{"0":"post-19528","1":"product","2":"type-product","3":"status-publish","4":"has-post-thumbnail","6":"product_cat-francais","7":"product_cat-developpement","8":"pa_auteurs-catherine-gueguen","10":"first","11":"instock","12":"shipping-taxable","13":"purchasable","14":"product-type-simple"},"_links":{"self":[{"href":"https:\/\/baralivres.ma\/index.php?rest_route=\/wp\/v2\/product\/19528","targetHints":{"allow":["GET"]}}],"collection":[{"href":"https:\/\/baralivres.ma\/index.php?rest_route=\/wp\/v2\/product"}],"about":[{"href":"https:\/\/baralivres.ma\/index.php?rest_route=\/wp\/v2\/types\/product"}],"replies":[{"embeddable":true,"href":"https:\/\/baralivres.ma\/index.php?rest_route=%2Fwp%2Fv2%2Fcomments&post=19528"}],"version-history":[{"count":1,"href":"https:\/\/baralivres.ma\/index.php?rest_route=\/wp\/v2\/product\/19528\/revisions"}],"predecessor-version":[{"id":19534,"href":"https:\/\/baralivres.ma\/index.php?rest_route=\/wp\/v2\/product\/19528\/revisions\/19534"}],"wp:featuredmedia":[{"embeddable":true,"href":"https:\/\/baralivres.ma\/index.php?rest_route=\/wp\/v2\/media\/19533"}],"wp:attachment":[{"href":"https:\/\/baralivres.ma\/index.php?rest_route=%2Fwp%2Fv2%2Fmedia&parent=19528"}],"wp:term":[{"taxonomy":"product_cat","embeddable":true,"href":"https:\/\/baralivres.ma\/index.php?rest_route=%2Fwp%2Fv2%2Fproduct_cat&post=19528"},{"taxonomy":"product_tag","embeddable":true,"href":"https:\/\/baralivres.ma\/index.php?rest_route=%2Fwp%2Fv2%2Fproduct_tag&post=19528"}],"curies":[{"name":"wp","href":"https:\/\/api.w.org\/{rel}","templated":true}]}}