{"id":19523,"date":"2023-11-13T10:11:54","date_gmt":"2023-11-13T09:11:54","guid":{"rendered":"https:\/\/baralivres.ma\/?post_type=product&#038;p=19523"},"modified":"2023-11-13T10:11:55","modified_gmt":"2023-11-13T09:11:55","slug":"dune-tome-6-la-maison-des-meres","status":"publish","type":"product","link":"https:\/\/baralivres.ma\/?product=dune-tome-6-la-maison-des-meres","title":{"rendered":"Dune &#8211; Tome 6 La maison des m\u00e8res"},"content":{"rendered":"<p>Dans des futurs lointains, les Maisons Atr\u00e9ides et Arkonens se livrent une lutte acharn\u00e9e pour le contr\u00f4le de l&rsquo;\u00e9pice sur Dune, une plan\u00e8te inhospitali\u00e8re habit\u00e9e par les Fremens et d&rsquo;immenses vers, attir\u00e9s par les vibrations des moissonneuses. Alors que les Arkonnens complotent avec l&#8217;empereur dans leur qu\u00eate de pouvoir, Paul Atr\u00e9ides, le fils du duc Leto, \u00e9merge comme le proph\u00e8te attendu par les Fremens.<\/p>\n<p>Dune g\u00eet en ruines, d\u00e9vast\u00e9e, r\u00e9duite en cendres atomiques, emportant avec elle ses habitants, temples et palais, ainsi que les colossaux vers producteurs d&rsquo;\u00e9pice. Les Honor\u00e9es Matriarches d\u00e9ferlent comme une mar\u00e9e furieuse \u00e0 travers l&rsquo;ancien Empire, laissant derri\u00e8re elles un sillage de destruction. Les plan\u00e8tes succombent les unes apr\u00e8s les autres. Seule la puissante faction Bene Gesserit, derni\u00e8re ligne de d\u00e9fense, peut encore faire face \u00e0 cette menace. Cependant, leur espoir r\u00e9side dans le secret entourant la Plan\u00e8te du Chapitre, o\u00f9 le d\u00e9sert se propage d\u00e9j\u00e0 pour r\u00e9tablir un \u00e9cosyst\u00e8me propice aux vers de sable et \u00e0 la production d&rsquo;\u00e9pice. La M\u00e8re Sup\u00e9rieure, Darwi Odrade, d\u00e9tient un atout suppl\u00e9mentaire : Miles Teg, l&rsquo;enfant ghola, descendant d&rsquo;un guerrier renomm\u00e9, dont le r\u00e9veil s&rsquo;annonce complexe&#8230;<\/p>\n","protected":false},"excerpt":{"rendered":"<p>Lutte f\u00e9roce entre Atr\u00e9ides et Arkonens pour l&rsquo;\u00e9pice sur Dune, proph\u00e9tie, ruines, menace des Matriarches.<\/p>\n","protected":false},"featured_media":19530,"comment_status":"open","ping_status":"closed","template":"","meta":{"inline_featured_image":false},"product_cat":[204,199],"product_tag":[],"class_list":{"0":"post-19523","1":"product","2":"type-product","3":"status-publish","4":"has-post-thumbnail","6":"product_cat-francais","7":"product_cat-histoires","8":"pa_auteurs-frank-herbert","10":"first","11":"instock","12":"shipping-taxable","13":"purchasable","14":"product-type-simple"},"_links":{"self":[{"href":"https:\/\/baralivres.ma\/index.php?rest_route=\/wp\/v2\/product\/19523","targetHints":{"allow":["GET"]}}],"collection":[{"href":"https:\/\/baralivres.ma\/index.php?rest_route=\/wp\/v2\/product"}],"about":[{"href":"https:\/\/baralivres.ma\/index.php?rest_route=\/wp\/v2\/types\/product"}],"replies":[{"embeddable":true,"href":"https:\/\/baralivres.ma\/index.php?rest_route=%2Fwp%2Fv2%2Fcomments&post=19523"}],"version-history":[{"count":1,"href":"https:\/\/baralivres.ma\/index.php?rest_route=\/wp\/v2\/product\/19523\/revisions"}],"predecessor-version":[{"id":19531,"href":"https:\/\/baralivres.ma\/index.php?rest_route=\/wp\/v2\/product\/19523\/revisions\/19531"}],"wp:featuredmedia":[{"embeddable":true,"href":"https:\/\/baralivres.ma\/index.php?rest_route=\/wp\/v2\/media\/19530"}],"wp:attachment":[{"href":"https:\/\/baralivres.ma\/index.php?rest_route=%2Fwp%2Fv2%2Fmedia&parent=19523"}],"wp:term":[{"taxonomy":"product_cat","embeddable":true,"href":"https:\/\/baralivres.ma\/index.php?rest_route=%2Fwp%2Fv2%2Fproduct_cat&post=19523"},{"taxonomy":"product_tag","embeddable":true,"href":"https:\/\/baralivres.ma\/index.php?rest_route=%2Fwp%2Fv2%2Fproduct_tag&post=19523"}],"curies":[{"name":"wp","href":"https:\/\/api.w.org\/{rel}","templated":true}]}}