{"id":19508,"date":"2023-11-13T10:06:10","date_gmt":"2023-11-13T09:06:10","guid":{"rendered":"https:\/\/baralivres.ma\/?post_type=product&#038;p=19508"},"modified":"2023-11-13T10:06:11","modified_gmt":"2023-11-13T09:06:11","slug":"en-ton-ame-et-conscience","status":"publish","type":"product","link":"https:\/\/baralivres.ma\/?product=en-ton-ame-et-conscience","title":{"rendered":"En ton \u00e2me et conscience&#8230;"},"content":{"rendered":"<p>Il y a un quart de si\u00e8cle, Evan et Kelsie sont descendus sur le port pour admirer les bateaux. Cependant, un inconnu a attaqu\u00e9 Kelsie, la faisant dispara\u00eetre \u00e0 jamais malgr\u00e9 l&rsquo;impuissance d&rsquo;Evan. Aujourd&rsquo;hui, chirurgien \u00e0 Miami, Evan est toujours hant\u00e9 par la culpabilit\u00e9 de ne pas avoir pu prot\u00e9ger sa petite s\u0153ur. Sa vie prend un tournant inattendu lorsque, dans le jardin de l&rsquo;h\u00f4pital, un enfant pr\u00e9tend que Kelsie est vivante quelque part. Perplexe et assoiff\u00e9 de r\u00e9ponses, Evan se lance dans une qu\u00eate improbable. Le myst\u00e8re s&rsquo;\u00e9paissit alors qu&rsquo;il doit accepter l&rsquo;impensable et faire des choix d\u00e9terminants pour son propre bien-\u00eatre et celui de sa famille. L&rsquo;intrigue, captivante et empreinte de suspense, pousse Evan \u00e0 r\u00e9\u00e9valuer le sens de la vie. Des critiques \u00e9logieuses soulignent la ma\u00eetrise et le rythme palpitant de cette histoire.<\/p>\n","protected":false},"excerpt":{"rendered":"<p>Evan, hant\u00e9 par la disparition de sa s\u0153ur Kelsie, d\u00e9couvre une piste inattendue, d\u00e9clenchant des choix cruciaux.<\/p>\n","protected":false},"featured_media":19516,"comment_status":"open","ping_status":"closed","template":"","meta":{"inline_featured_image":false},"product_cat":[204,91],"product_tag":[],"class_list":{"0":"post-19508","1":"product","2":"type-product","3":"status-publish","4":"has-post-thumbnail","6":"product_cat-francais","7":"product_cat-developpement","8":"pa_auteurs-claire-norton","10":"first","11":"instock","12":"shipping-taxable","13":"purchasable","14":"product-type-simple"},"_links":{"self":[{"href":"https:\/\/baralivres.ma\/index.php?rest_route=\/wp\/v2\/product\/19508","targetHints":{"allow":["GET"]}}],"collection":[{"href":"https:\/\/baralivres.ma\/index.php?rest_route=\/wp\/v2\/product"}],"about":[{"href":"https:\/\/baralivres.ma\/index.php?rest_route=\/wp\/v2\/types\/product"}],"replies":[{"embeddable":true,"href":"https:\/\/baralivres.ma\/index.php?rest_route=%2Fwp%2Fv2%2Fcomments&post=19508"}],"version-history":[{"count":1,"href":"https:\/\/baralivres.ma\/index.php?rest_route=\/wp\/v2\/product\/19508\/revisions"}],"predecessor-version":[{"id":19517,"href":"https:\/\/baralivres.ma\/index.php?rest_route=\/wp\/v2\/product\/19508\/revisions\/19517"}],"wp:featuredmedia":[{"embeddable":true,"href":"https:\/\/baralivres.ma\/index.php?rest_route=\/wp\/v2\/media\/19516"}],"wp:attachment":[{"href":"https:\/\/baralivres.ma\/index.php?rest_route=%2Fwp%2Fv2%2Fmedia&parent=19508"}],"wp:term":[{"taxonomy":"product_cat","embeddable":true,"href":"https:\/\/baralivres.ma\/index.php?rest_route=%2Fwp%2Fv2%2Fproduct_cat&post=19508"},{"taxonomy":"product_tag","embeddable":true,"href":"https:\/\/baralivres.ma\/index.php?rest_route=%2Fwp%2Fv2%2Fproduct_tag&post=19508"}],"curies":[{"name":"wp","href":"https:\/\/api.w.org\/{rel}","templated":true}]}}