{"id":19501,"date":"2023-11-13T10:00:08","date_gmt":"2023-11-13T09:00:08","guid":{"rendered":"https:\/\/baralivres.ma\/?post_type=product&#038;p=19501"},"modified":"2023-11-13T10:16:56","modified_gmt":"2023-11-13T09:16:56","slug":"transformation","status":"publish","type":"product","link":"https:\/\/baralivres.ma\/?product=transformation","title":{"rendered":"Transformation"},"content":{"rendered":"<p>Guide vers la transformation personnelle, l&rsquo;ouvrage de Catherine Barry d\u00e9voile les cl\u00e9s pour surmonter peurs, blocages et conflits. En comprenant les logiques pr\u00e9cises de la transformation, il offre un chemin vers la lib\u00e9ration des souffrances, permettant de passer d&rsquo;un \u00e9tat de blocage \u00e0 un \u00e9tat apais\u00e9 et confiant. Un livre essentiel pour comprendre le sens profond du changement et devenir libre \u00e0 son propre rythme.<\/p>\n","protected":false},"excerpt":{"rendered":"<p>Guide transformation personnelle : surmonter peurs, blocages. Catherine Barry expose cl\u00e9s pour lib\u00e9ration et confiance.<\/p>\n","protected":false},"featured_media":19503,"comment_status":"open","ping_status":"closed","template":"","meta":{"inline_featured_image":false},"product_cat":[204,91],"product_tag":[],"class_list":{"0":"post-19501","1":"product","2":"type-product","3":"status-publish","4":"has-post-thumbnail","6":"product_cat-francais","7":"product_cat-developpement","8":"pa_auteurs-catherine-barry","10":"first","11":"instock","12":"shipping-taxable","13":"purchasable","14":"product-type-simple"},"_links":{"self":[{"href":"https:\/\/baralivres.ma\/index.php?rest_route=\/wp\/v2\/product\/19501","targetHints":{"allow":["GET"]}}],"collection":[{"href":"https:\/\/baralivres.ma\/index.php?rest_route=\/wp\/v2\/product"}],"about":[{"href":"https:\/\/baralivres.ma\/index.php?rest_route=\/wp\/v2\/types\/product"}],"replies":[{"embeddable":true,"href":"https:\/\/baralivres.ma\/index.php?rest_route=%2Fwp%2Fv2%2Fcomments&post=19501"}],"version-history":[{"count":1,"href":"https:\/\/baralivres.ma\/index.php?rest_route=\/wp\/v2\/product\/19501\/revisions"}],"predecessor-version":[{"id":19504,"href":"https:\/\/baralivres.ma\/index.php?rest_route=\/wp\/v2\/product\/19501\/revisions\/19504"}],"wp:featuredmedia":[{"embeddable":true,"href":"https:\/\/baralivres.ma\/index.php?rest_route=\/wp\/v2\/media\/19503"}],"wp:attachment":[{"href":"https:\/\/baralivres.ma\/index.php?rest_route=%2Fwp%2Fv2%2Fmedia&parent=19501"}],"wp:term":[{"taxonomy":"product_cat","embeddable":true,"href":"https:\/\/baralivres.ma\/index.php?rest_route=%2Fwp%2Fv2%2Fproduct_cat&post=19501"},{"taxonomy":"product_tag","embeddable":true,"href":"https:\/\/baralivres.ma\/index.php?rest_route=%2Fwp%2Fv2%2Fproduct_tag&post=19501"}],"curies":[{"name":"wp","href":"https:\/\/api.w.org\/{rel}","templated":true}]}}