{"id":19500,"date":"2023-11-13T10:01:13","date_gmt":"2023-11-13T09:01:13","guid":{"rendered":"https:\/\/baralivres.ma\/?post_type=product&#038;p=19500"},"modified":"2024-11-18T13:53:16","modified_gmt":"2024-11-18T12:53:16","slug":"16-metamorphoses-dovide","status":"publish","type":"product","link":"https:\/\/baralivres.ma\/?product=16-metamorphoses-dovide","title":{"rendered":"16 M\u00e9tamorphoses d&rsquo;Ovide"},"content":{"rendered":"<p>\u00ab\u00a0Aussit\u00f4t qu&rsquo;Atlas fut touch\u00e9 par cette m\u00e9tamorphose, il se transforma int\u00e9gralement en une imposante montagne. Ses cheveux se m\u00e9tamorphos\u00e8rent en denses for\u00eats, ses \u00e9paules devinrent des cr\u00eates, sa t\u00eate se dressa comme une cime, et ses os se chang\u00e8rent en rochers. Allong\u00e9 de mani\u00e8re d\u00e9mesur\u00e9e, il supporta le vaste ciel orn\u00e9 de toutes ses \u00e9toiles. Dans cette narration d&rsquo;Ovide, nous sommes transport\u00e9s aux c\u00f4t\u00e9s des divinit\u00e9s et des h\u00e9ros les plus renomm\u00e9s de l&rsquo;Antiquit\u00e9. Jupiter s&rsquo;impose en tant que souverain du monde, Narcisse voue un culte \u00e0 sa propre image, et Pers\u00e9e accomplit des exploits multiples. Aventure, amour, d\u00e9fis et prouesses s&rsquo;entrelacent dans un univers \u00e0 la fois r\u00e9aliste et empreint de merveilles, vous invitant \u00e0 plonger dans ce r\u00e9cit captivant.\u00a0\u00bb<\/p>\n","protected":false},"excerpt":{"rendered":"<p>Atlas devient montagne, m\u00e9tamorphose divine, Ovide d\u00e9voile h\u00e9ros et dieux antiques, aventure, amour, exploits.<\/p>\n","protected":false},"featured_media":19519,"comment_status":"open","ping_status":"closed","template":"","meta":{"inline_featured_image":false},"product_cat":[203,204],"product_tag":[],"class_list":{"0":"post-19500","1":"product","2":"type-product","3":"status-publish","4":"has-post-thumbnail","6":"product_cat-adolescente","7":"product_cat-francais","8":"pa_auteurs-rachmuhl","10":"first","11":"instock","12":"shipping-taxable","13":"purchasable","14":"product-type-simple"},"_links":{"self":[{"href":"https:\/\/baralivres.ma\/index.php?rest_route=\/wp\/v2\/product\/19500","targetHints":{"allow":["GET"]}}],"collection":[{"href":"https:\/\/baralivres.ma\/index.php?rest_route=\/wp\/v2\/product"}],"about":[{"href":"https:\/\/baralivres.ma\/index.php?rest_route=\/wp\/v2\/types\/product"}],"replies":[{"embeddable":true,"href":"https:\/\/baralivres.ma\/index.php?rest_route=%2Fwp%2Fv2%2Fcomments&post=19500"}],"version-history":[{"count":1,"href":"https:\/\/baralivres.ma\/index.php?rest_route=\/wp\/v2\/product\/19500\/revisions"}],"predecessor-version":[{"id":19509,"href":"https:\/\/baralivres.ma\/index.php?rest_route=\/wp\/v2\/product\/19500\/revisions\/19509"}],"wp:featuredmedia":[{"embeddable":true,"href":"https:\/\/baralivres.ma\/index.php?rest_route=\/wp\/v2\/media\/19519"}],"wp:attachment":[{"href":"https:\/\/baralivres.ma\/index.php?rest_route=%2Fwp%2Fv2%2Fmedia&parent=19500"}],"wp:term":[{"taxonomy":"product_cat","embeddable":true,"href":"https:\/\/baralivres.ma\/index.php?rest_route=%2Fwp%2Fv2%2Fproduct_cat&post=19500"},{"taxonomy":"product_tag","embeddable":true,"href":"https:\/\/baralivres.ma\/index.php?rest_route=%2Fwp%2Fv2%2Fproduct_tag&post=19500"}],"curies":[{"name":"wp","href":"https:\/\/api.w.org\/{rel}","templated":true}]}}