{"id":19499,"date":"2023-11-13T10:00:33","date_gmt":"2023-11-13T09:00:33","guid":{"rendered":"https:\/\/baralivres.ma\/?post_type=product&#038;p=19499"},"modified":"2023-11-13T10:00:35","modified_gmt":"2023-11-13T09:00:35","slug":"psychanalyse-des-contes-de-fees","status":"publish","type":"product","link":"https:\/\/baralivres.ma\/?product=psychanalyse-des-contes-de-fees","title":{"rendered":"Psychanalyse des contes de f\u00e9es"},"content":{"rendered":"<p>Les contes de f\u00e9es ne traumatizent pas, mais r\u00e9pondent aux angoisses des jeunes lecteurs, selon Bettelheim. Cet ouvrage majeur explore la fonction th\u00e9rapeutique des contes pour enfants, offrant une compr\u00e9hension \u00e9clairante des \u00e9preuves futures. Illustr\u00e9 par des exemples des Mille et Une Nuits aux fr\u00e8res Grimm, le livre change notre perspective sur les contes, offrant aux enfants une chance de se comprendre dans le monde complexe qui les attend. Des recommandations enthousiastes soulignent son caract\u00e8re indispensable.<\/p>\n","protected":false},"excerpt":{"rendered":"<p>Bettelheim explore la th\u00e9rapie des contes de f\u00e9es, \u00e9clairant sur leur r\u00f4le rassurant pour les enfants.<\/p>\n","protected":false},"featured_media":19505,"comment_status":"open","ping_status":"closed","template":"","meta":{"inline_featured_image":false},"product_cat":[204,91],"product_tag":[],"class_list":{"0":"post-19499","1":"product","2":"type-product","3":"status-publish","4":"has-post-thumbnail","6":"product_cat-francais","7":"product_cat-developpement","8":"pa_auteurs-bruno-bettelheim","10":"first","11":"instock","12":"shipping-taxable","13":"purchasable","14":"product-type-simple"},"_links":{"self":[{"href":"https:\/\/baralivres.ma\/index.php?rest_route=\/wp\/v2\/product\/19499","targetHints":{"allow":["GET"]}}],"collection":[{"href":"https:\/\/baralivres.ma\/index.php?rest_route=\/wp\/v2\/product"}],"about":[{"href":"https:\/\/baralivres.ma\/index.php?rest_route=\/wp\/v2\/types\/product"}],"replies":[{"embeddable":true,"href":"https:\/\/baralivres.ma\/index.php?rest_route=%2Fwp%2Fv2%2Fcomments&post=19499"}],"version-history":[{"count":1,"href":"https:\/\/baralivres.ma\/index.php?rest_route=\/wp\/v2\/product\/19499\/revisions"}],"predecessor-version":[{"id":19506,"href":"https:\/\/baralivres.ma\/index.php?rest_route=\/wp\/v2\/product\/19499\/revisions\/19506"}],"wp:featuredmedia":[{"embeddable":true,"href":"https:\/\/baralivres.ma\/index.php?rest_route=\/wp\/v2\/media\/19505"}],"wp:attachment":[{"href":"https:\/\/baralivres.ma\/index.php?rest_route=%2Fwp%2Fv2%2Fmedia&parent=19499"}],"wp:term":[{"taxonomy":"product_cat","embeddable":true,"href":"https:\/\/baralivres.ma\/index.php?rest_route=%2Fwp%2Fv2%2Fproduct_cat&post=19499"},{"taxonomy":"product_tag","embeddable":true,"href":"https:\/\/baralivres.ma\/index.php?rest_route=%2Fwp%2Fv2%2Fproduct_tag&post=19499"}],"curies":[{"name":"wp","href":"https:\/\/api.w.org\/{rel}","templated":true}]}}