{"id":19492,"date":"2023-11-13T09:54:14","date_gmt":"2023-11-13T08:54:14","guid":{"rendered":"https:\/\/baralivres.ma\/?post_type=product&#038;p=19492"},"modified":"2024-11-18T13:54:22","modified_gmt":"2024-11-18T12:54:22","slug":"18-contes-de-la-naissance-du-monde","status":"publish","type":"product","link":"https:\/\/baralivres.ma\/?product=18-contes-de-la-naissance-du-monde","title":{"rendered":"18 contes de la naissance du monde"},"content":{"rendered":"<p>\u00ab\u00a0Aux premiers instants de la cr\u00e9ation, la Terre s&rsquo;\u00e9veilla, embellie de ses rivi\u00e8res, de ses montagnes et de ses for\u00eats. Dans le firmament au-dessus, les \u00e9toiles parsemaient le ciel, tandis que Titans et dieux d\u00e9j\u00e0 peuplaient ce monde en gestation. Comment \u00e9mergea-t-il : d&rsquo;un \u0153uf tel un oiseau, du ventre comme un nouveau-n\u00e9, ou flottant au sein des profondeurs oc\u00e9anes ? Quelle \u00e9tait sa physionomie avant l&rsquo;av\u00e8nement des hommes et des animaux ? Issus des cinq continents, ces r\u00e9cits enchanteurs d\u00e9peignent des perspectives vari\u00e9es, parfois \u00e9tonnantes, sur la gen\u00e8se du monde.\u00a0\u00bb<\/p>\n","protected":false},"excerpt":{"rendered":"<p>\u00ab\u00a0Titans, dieux peupl\u00e8rent la Terre naissante, \u00e9clair\u00e9e par \u00e9toiles. R\u00e9cits divers \u00e9voquent l&rsquo;origine mystique.\u00a0\u00bb<\/p>\n","protected":false},"featured_media":19493,"comment_status":"open","ping_status":"closed","template":"","meta":{"inline_featured_image":false},"product_cat":[203,204],"product_tag":[],"class_list":{"0":"post-19492","1":"product","2":"type-product","3":"status-publish","4":"has-post-thumbnail","6":"product_cat-adolescente","7":"product_cat-francais","8":"pa_auteurs-rachmuhl","10":"first","11":"instock","12":"shipping-taxable","13":"purchasable","14":"product-type-simple"},"_links":{"self":[{"href":"https:\/\/baralivres.ma\/index.php?rest_route=\/wp\/v2\/product\/19492","targetHints":{"allow":["GET"]}}],"collection":[{"href":"https:\/\/baralivres.ma\/index.php?rest_route=\/wp\/v2\/product"}],"about":[{"href":"https:\/\/baralivres.ma\/index.php?rest_route=\/wp\/v2\/types\/product"}],"replies":[{"embeddable":true,"href":"https:\/\/baralivres.ma\/index.php?rest_route=%2Fwp%2Fv2%2Fcomments&post=19492"}],"version-history":[{"count":1,"href":"https:\/\/baralivres.ma\/index.php?rest_route=\/wp\/v2\/product\/19492\/revisions"}],"predecessor-version":[{"id":19495,"href":"https:\/\/baralivres.ma\/index.php?rest_route=\/wp\/v2\/product\/19492\/revisions\/19495"}],"wp:featuredmedia":[{"embeddable":true,"href":"https:\/\/baralivres.ma\/index.php?rest_route=\/wp\/v2\/media\/19493"}],"wp:attachment":[{"href":"https:\/\/baralivres.ma\/index.php?rest_route=%2Fwp%2Fv2%2Fmedia&parent=19492"}],"wp:term":[{"taxonomy":"product_cat","embeddable":true,"href":"https:\/\/baralivres.ma\/index.php?rest_route=%2Fwp%2Fv2%2Fproduct_cat&post=19492"},{"taxonomy":"product_tag","embeddable":true,"href":"https:\/\/baralivres.ma\/index.php?rest_route=%2Fwp%2Fv2%2Fproduct_tag&post=19492"}],"curies":[{"name":"wp","href":"https:\/\/api.w.org\/{rel}","templated":true}]}}