{"id":19482,"date":"2023-11-13T09:51:31","date_gmt":"2023-11-13T08:51:31","guid":{"rendered":"https:\/\/baralivres.ma\/?post_type=product&#038;p=19482"},"modified":"2024-11-18T13:54:38","modified_gmt":"2024-11-18T12:54:38","slug":"juste-la-fin-du-monde-bac-2024","status":"publish","type":"product","link":"https:\/\/baralivres.ma\/?product=juste-la-fin-du-monde-bac-2024","title":{"rendered":"Juste la fin du monde &#8211; Bac 2024"},"content":{"rendered":"<p>Apr\u00e8s une longue absence, Louis d\u00e9cide de rendre visite \u00e0 sa famille pour leur annoncer sa mort imminente. Sa m\u00e8re, sa petite s\u0153ur, son fr\u00e8re et sa belle-s\u0153ur se r\u00e9unissent en anticipation de sa venue. Cependant, les retrouvailles ne se d\u00e9roulent pas sans heurts : au cours de la conversation, des reproches \u00e9mergent, ravivant d&rsquo;anciennes blessures. \u00c0 chaque instant, le fragile \u00e9difice familial est menac\u00e9 par un conflit latent. \u00c0 travers le langage pudique de Lagarce, toujours \u00e0 la recherche du mot le plus juste, la pi\u00e8ce traduit notre difficult\u00e9 \u00e0 communiquer. La simplicit\u00e9 po\u00e9tique conf\u00e8re \u00e0 ce dimanche en famille la puissance d&rsquo;un mythe moderne, \u00e9levant \u00ab\u00a0Juste la fin du monde\u00a0\u00bb au rang de classique. L&rsquo;\u00e9tude de l&rsquo;\u0153uvre comprend des questions transversales, des explications de textes et des points de grammaire. Le parcours \u00ab\u00a0Crise personnelle, crise familiale\u00a0\u00bb explore la trag\u00e9die familiale de l&rsquo;Antiquit\u00e9 \u00e0 nos jours, le poids de la famille dans le th\u00e9\u00e2tre du XXe si\u00e8cle, et les retrouvailles familiales sous tension chez Lagarce. En outre, diff\u00e9rentes interpr\u00e9tations de la pi\u00e8ce sont examin\u00e9es, notamment l&rsquo;analyse de trois mises en sc\u00e8ne et l&rsquo;adaptation cin\u00e9matographique de Xavier Dolan en 2016. Des sujets de bac sont \u00e9galement propos\u00e9s.<\/p>\n","protected":false},"excerpt":{"rendered":"<p>Louis annonce sa mort prochaine \u00e0 sa famille, ravivant les tensions familiales dans une rencontre d\u00e9licate.<\/p>\n","protected":false},"featured_media":19489,"comment_status":"open","ping_status":"closed","template":"","meta":{"inline_featured_image":false},"product_cat":[203,204],"product_tag":[],"class_list":{"0":"post-19482","1":"product","2":"type-product","3":"status-publish","4":"has-post-thumbnail","6":"product_cat-adolescente","7":"product_cat-francais","8":"pa_auteurs-jean-luc-lagarce","10":"first","11":"instock","12":"shipping-taxable","13":"purchasable","14":"product-type-simple"},"_links":{"self":[{"href":"https:\/\/baralivres.ma\/index.php?rest_route=\/wp\/v2\/product\/19482","targetHints":{"allow":["GET"]}}],"collection":[{"href":"https:\/\/baralivres.ma\/index.php?rest_route=\/wp\/v2\/product"}],"about":[{"href":"https:\/\/baralivres.ma\/index.php?rest_route=\/wp\/v2\/types\/product"}],"replies":[{"embeddable":true,"href":"https:\/\/baralivres.ma\/index.php?rest_route=%2Fwp%2Fv2%2Fcomments&post=19482"}],"version-history":[{"count":1,"href":"https:\/\/baralivres.ma\/index.php?rest_route=\/wp\/v2\/product\/19482\/revisions"}],"predecessor-version":[{"id":19491,"href":"https:\/\/baralivres.ma\/index.php?rest_route=\/wp\/v2\/product\/19482\/revisions\/19491"}],"wp:featuredmedia":[{"embeddable":true,"href":"https:\/\/baralivres.ma\/index.php?rest_route=\/wp\/v2\/media\/19489"}],"wp:attachment":[{"href":"https:\/\/baralivres.ma\/index.php?rest_route=%2Fwp%2Fv2%2Fmedia&parent=19482"}],"wp:term":[{"taxonomy":"product_cat","embeddable":true,"href":"https:\/\/baralivres.ma\/index.php?rest_route=%2Fwp%2Fv2%2Fproduct_cat&post=19482"},{"taxonomy":"product_tag","embeddable":true,"href":"https:\/\/baralivres.ma\/index.php?rest_route=%2Fwp%2Fv2%2Fproduct_tag&post=19482"}],"curies":[{"name":"wp","href":"https:\/\/api.w.org\/{rel}","templated":true}]}}