{"id":19479,"date":"2023-11-13T09:50:16","date_gmt":"2023-11-13T08:50:16","guid":{"rendered":"https:\/\/baralivres.ma\/?post_type=product&#038;p=19479"},"modified":"2024-05-05T15:42:25","modified_gmt":"2024-05-05T14:42:25","slug":"lequation-du-miracle","status":"publish","type":"product","link":"https:\/\/baralivres.ma\/?product=lequation-du-miracle","title":{"rendered":"L&rsquo;Equation du miracle"},"content":{"rendered":"<p>Hal Elrod, c\u00e9l\u00e8bre cr\u00e9ateur du \u00ab\u00a0Miracle Morning\u00a0\u00bb qui a r\u00e9volutionn\u00e9 la vie de millions de lecteurs \u00e0 travers le monde en pr\u00e9conisant un r\u00e9veil matinal, partage aujourd&rsquo;hui ce qu&rsquo;il appelle \u00ab\u00a0l&rsquo;\u00e9quation du miracle\u00a0\u00bb. Cette \u00e9quation repose sur deux d\u00e9cisions fondamentales : maintenir une foi in\u00e9branlable et fournir un effort extra-ordinaire. \u00c0 travers cette approche, Elrod guide les lecteurs pour atteindre leurs objectifs les plus ambitieux, m\u00eame les plus intimidants et improbables.<\/p>\n<p>Il illustre son propos en racontant comment il a utilis\u00e9 cette \u00e9quation pour booster sa carri\u00e8re de mani\u00e8re spectaculaire et faire face \u00e0 un cancer avec seulement 30 % de chances de survie. L&rsquo;\u00e9quation du miracle devient ainsi un guide pratique pour transformer les d\u00e9fis en opportunit\u00e9s et r\u00e9aliser des exploits.<\/p>\n","protected":false},"excerpt":{"rendered":"<p>Hal Elrod, cr\u00e9ateur du Miracle Morning, d\u00e9voile \u00ab\u00a0l&rsquo;\u00e9quation du miracle\u00a0\u00bb bas\u00e9e sur foi in\u00e9branlable et effort extra-ordinaire.<\/p>\n","protected":false},"featured_media":19486,"comment_status":"open","ping_status":"closed","template":"","meta":{"inline_featured_image":false},"product_cat":[3674,204,91],"product_tag":[],"class_list":{"0":"post-19479","1":"product","2":"type-product","3":"status-publish","4":"has-post-thumbnail","6":"product_cat-best-s","7":"product_cat-francais","8":"product_cat-developpement","9":"pa_auteurs-hal-elrod","11":"first","12":"instock","13":"shipping-taxable","14":"purchasable","15":"product-type-simple"},"_links":{"self":[{"href":"https:\/\/baralivres.ma\/index.php?rest_route=\/wp\/v2\/product\/19479","targetHints":{"allow":["GET"]}}],"collection":[{"href":"https:\/\/baralivres.ma\/index.php?rest_route=\/wp\/v2\/product"}],"about":[{"href":"https:\/\/baralivres.ma\/index.php?rest_route=\/wp\/v2\/types\/product"}],"replies":[{"embeddable":true,"href":"https:\/\/baralivres.ma\/index.php?rest_route=%2Fwp%2Fv2%2Fcomments&post=19479"}],"version-history":[{"count":1,"href":"https:\/\/baralivres.ma\/index.php?rest_route=\/wp\/v2\/product\/19479\/revisions"}],"predecessor-version":[{"id":19487,"href":"https:\/\/baralivres.ma\/index.php?rest_route=\/wp\/v2\/product\/19479\/revisions\/19487"}],"wp:featuredmedia":[{"embeddable":true,"href":"https:\/\/baralivres.ma\/index.php?rest_route=\/wp\/v2\/media\/19486"}],"wp:attachment":[{"href":"https:\/\/baralivres.ma\/index.php?rest_route=%2Fwp%2Fv2%2Fmedia&parent=19479"}],"wp:term":[{"taxonomy":"product_cat","embeddable":true,"href":"https:\/\/baralivres.ma\/index.php?rest_route=%2Fwp%2Fv2%2Fproduct_cat&post=19479"},{"taxonomy":"product_tag","embeddable":true,"href":"https:\/\/baralivres.ma\/index.php?rest_route=%2Fwp%2Fv2%2Fproduct_tag&post=19479"}],"curies":[{"name":"wp","href":"https:\/\/api.w.org\/{rel}","templated":true}]}}