{"id":19476,"date":"2023-11-13T09:49:40","date_gmt":"2023-11-13T08:49:40","guid":{"rendered":"https:\/\/baralivres.ma\/?post_type=product&#038;p=19476"},"modified":"2023-11-13T09:49:41","modified_gmt":"2023-11-13T08:49:41","slug":"vaincre-la-codependance","status":"publish","type":"product","link":"https:\/\/baralivres.ma\/?product=vaincre-la-codependance","title":{"rendered":"Vaincre la cod\u00e9pendance"},"content":{"rendered":"<p>Si vous vivez aux c\u00f4t\u00e9s d&rsquo;un travailleur compulsif ou assumez les probl\u00e8mes des autres, vous pourriez \u00eatre cod\u00e9pendant. Melody Beattie, psychologue, propose de vous affranchir de cette dynamique, vous permettant de mener une vie \u00e9panouissante tout en apportant un soutien authentique \u00e0 votre entourage. Elle, c\u00e9l\u00e8bre auteure de psychologie, est notamment connue pour son best-seller \u00ab\u00a0Vaincre la cod\u00e9pendance\u00a0\u00bb.<\/p>\n","protected":false},"excerpt":{"rendered":"<p>Lib\u00e9rez-vous de la cod\u00e9pendance avec l&rsquo;aide de Melody Beattie, psychologue, pour vivre pleinement et aider authentiquement.<\/p>\n","protected":false},"featured_media":19483,"comment_status":"open","ping_status":"closed","template":"","meta":{"inline_featured_image":false},"product_cat":[204,91],"product_tag":[],"class_list":{"0":"post-19476","1":"product","2":"type-product","3":"status-publish","4":"has-post-thumbnail","6":"product_cat-francais","7":"product_cat-developpement","8":"pa_auteurs-melody-beattie","10":"first","11":"instock","12":"shipping-taxable","13":"purchasable","14":"product-type-simple"},"_links":{"self":[{"href":"https:\/\/baralivres.ma\/index.php?rest_route=\/wp\/v2\/product\/19476","targetHints":{"allow":["GET"]}}],"collection":[{"href":"https:\/\/baralivres.ma\/index.php?rest_route=\/wp\/v2\/product"}],"about":[{"href":"https:\/\/baralivres.ma\/index.php?rest_route=\/wp\/v2\/types\/product"}],"replies":[{"embeddable":true,"href":"https:\/\/baralivres.ma\/index.php?rest_route=%2Fwp%2Fv2%2Fcomments&post=19476"}],"version-history":[{"count":1,"href":"https:\/\/baralivres.ma\/index.php?rest_route=\/wp\/v2\/product\/19476\/revisions"}],"predecessor-version":[{"id":19484,"href":"https:\/\/baralivres.ma\/index.php?rest_route=\/wp\/v2\/product\/19476\/revisions\/19484"}],"wp:featuredmedia":[{"embeddable":true,"href":"https:\/\/baralivres.ma\/index.php?rest_route=\/wp\/v2\/media\/19483"}],"wp:attachment":[{"href":"https:\/\/baralivres.ma\/index.php?rest_route=%2Fwp%2Fv2%2Fmedia&parent=19476"}],"wp:term":[{"taxonomy":"product_cat","embeddable":true,"href":"https:\/\/baralivres.ma\/index.php?rest_route=%2Fwp%2Fv2%2Fproduct_cat&post=19476"},{"taxonomy":"product_tag","embeddable":true,"href":"https:\/\/baralivres.ma\/index.php?rest_route=%2Fwp%2Fv2%2Fproduct_tag&post=19476"}],"curies":[{"name":"wp","href":"https:\/\/api.w.org\/{rel}","templated":true}]}}