{"id":19473,"date":"2023-11-13T09:46:20","date_gmt":"2023-11-13T08:46:20","guid":{"rendered":"https:\/\/baralivres.ma\/?post_type=product&#038;p=19473"},"modified":"2024-05-05T15:42:39","modified_gmt":"2024-05-05T14:42:39","slug":"miracle-morning","status":"publish","type":"product","link":"https:\/\/baralivres.ma\/?product=miracle-morning","title":{"rendered":"Miracle morning"},"content":{"rendered":"<p>La cl\u00e9 du bonheur et du succ\u00e8s r\u00e9side dans le r\u00e9veil matinal, r\u00e9v\u00e8le Hal Elrod. Commencez chaque jour par une routine personnelle pour une vie plus enrichissante, efficace et positive. Le rituel transformateur selon Madame Figaro et Femme Actuelle. Hal Elrod, conf\u00e9rencier en d\u00e9veloppement personnel, partage cette d\u00e9couverte ayant chang\u00e9 sa vie et celle de nombreux lecteurs.<\/p>\n","protected":false},"excerpt":{"rendered":"<p>R\u00e9veil matinal, cl\u00e9 bonheur et succ\u00e8s. Hal Elrod partage rituel transformateur pour vie enrichissante.<\/p>\n","protected":false},"featured_media":19477,"comment_status":"open","ping_status":"closed","template":"","meta":{"inline_featured_image":false},"product_cat":[3674,204,91],"product_tag":[],"class_list":{"0":"post-19473","1":"product","2":"type-product","3":"status-publish","4":"has-post-thumbnail","6":"product_cat-best-s","7":"product_cat-francais","8":"product_cat-developpement","9":"pa_auteurs-hal-elrod","11":"first","12":"instock","13":"shipping-taxable","14":"purchasable","15":"product-type-simple"},"_links":{"self":[{"href":"https:\/\/baralivres.ma\/index.php?rest_route=\/wp\/v2\/product\/19473","targetHints":{"allow":["GET"]}}],"collection":[{"href":"https:\/\/baralivres.ma\/index.php?rest_route=\/wp\/v2\/product"}],"about":[{"href":"https:\/\/baralivres.ma\/index.php?rest_route=\/wp\/v2\/types\/product"}],"replies":[{"embeddable":true,"href":"https:\/\/baralivres.ma\/index.php?rest_route=%2Fwp%2Fv2%2Fcomments&post=19473"}],"version-history":[{"count":1,"href":"https:\/\/baralivres.ma\/index.php?rest_route=\/wp\/v2\/product\/19473\/revisions"}],"predecessor-version":[{"id":19478,"href":"https:\/\/baralivres.ma\/index.php?rest_route=\/wp\/v2\/product\/19473\/revisions\/19478"}],"wp:featuredmedia":[{"embeddable":true,"href":"https:\/\/baralivres.ma\/index.php?rest_route=\/wp\/v2\/media\/19477"}],"wp:attachment":[{"href":"https:\/\/baralivres.ma\/index.php?rest_route=%2Fwp%2Fv2%2Fmedia&parent=19473"}],"wp:term":[{"taxonomy":"product_cat","embeddable":true,"href":"https:\/\/baralivres.ma\/index.php?rest_route=%2Fwp%2Fv2%2Fproduct_cat&post=19473"},{"taxonomy":"product_tag","embeddable":true,"href":"https:\/\/baralivres.ma\/index.php?rest_route=%2Fwp%2Fv2%2Fproduct_tag&post=19473"}],"curies":[{"name":"wp","href":"https:\/\/api.w.org\/{rel}","templated":true}]}}