{"id":19465,"date":"2023-11-13T09:42:33","date_gmt":"2023-11-13T08:42:33","guid":{"rendered":"https:\/\/baralivres.ma\/?post_type=product&#038;p=19465"},"modified":"2023-11-13T09:42:34","modified_gmt":"2023-11-13T08:42:34","slug":"sepanouir","status":"publish","type":"product","link":"https:\/\/baralivres.ma\/?product=sepanouir","title":{"rendered":"S&rsquo;\u00e9panouir"},"content":{"rendered":"<p>Martin Seligman, fondateur de la psychologie positive, propose une approche r\u00e9volutionnaire ax\u00e9e sur l&rsquo;\u00e9panouissement humain. Depuis 1998, il explore le bonheur, sugg\u00e9rant que la satisfaction des d\u00e9sirs ne suffit pas. Seligman met en avant le besoin de sens, d&rsquo;engagement et de relations humaines pour un \u00e9panouissement authentique. \u00c0 travers ses recherches, il offre une m\u00e9thode brillante pour optimiser nos vies, que ce soit dans l&rsquo;\u00e9ducation, le monde professionnel ou le quotidien, en reconnaissant ce qui compte vraiment.<\/p>\n","protected":false},"excerpt":{"rendered":"<p>Fondateur psychologie positive, Seligman explore bonheur, privil\u00e9giant sens, engagement et relations pour \u00e9panouissement authentique.<\/p>\n","protected":false},"featured_media":19469,"comment_status":"open","ping_status":"closed","template":"","meta":{"inline_featured_image":false},"product_cat":[204,91],"product_tag":[],"class_list":{"0":"post-19465","1":"product","2":"type-product","3":"status-publish","4":"has-post-thumbnail","6":"product_cat-francais","7":"product_cat-developpement","8":"pa_auteurs-martin-e-p-seligman","10":"first","11":"instock","12":"shipping-taxable","13":"purchasable","14":"product-type-simple"},"_links":{"self":[{"href":"https:\/\/baralivres.ma\/index.php?rest_route=\/wp\/v2\/product\/19465","targetHints":{"allow":["GET"]}}],"collection":[{"href":"https:\/\/baralivres.ma\/index.php?rest_route=\/wp\/v2\/product"}],"about":[{"href":"https:\/\/baralivres.ma\/index.php?rest_route=\/wp\/v2\/types\/product"}],"replies":[{"embeddable":true,"href":"https:\/\/baralivres.ma\/index.php?rest_route=%2Fwp%2Fv2%2Fcomments&post=19465"}],"version-history":[{"count":1,"href":"https:\/\/baralivres.ma\/index.php?rest_route=\/wp\/v2\/product\/19465\/revisions"}],"predecessor-version":[{"id":19472,"href":"https:\/\/baralivres.ma\/index.php?rest_route=\/wp\/v2\/product\/19465\/revisions\/19472"}],"wp:featuredmedia":[{"embeddable":true,"href":"https:\/\/baralivres.ma\/index.php?rest_route=\/wp\/v2\/media\/19469"}],"wp:attachment":[{"href":"https:\/\/baralivres.ma\/index.php?rest_route=%2Fwp%2Fv2%2Fmedia&parent=19465"}],"wp:term":[{"taxonomy":"product_cat","embeddable":true,"href":"https:\/\/baralivres.ma\/index.php?rest_route=%2Fwp%2Fv2%2Fproduct_cat&post=19465"},{"taxonomy":"product_tag","embeddable":true,"href":"https:\/\/baralivres.ma\/index.php?rest_route=%2Fwp%2Fv2%2Fproduct_tag&post=19465"}],"curies":[{"name":"wp","href":"https:\/\/api.w.org\/{rel}","templated":true}]}}