{"id":19461,"date":"2023-11-13T09:38:23","date_gmt":"2023-11-13T08:38:23","guid":{"rendered":"https:\/\/baralivres.ma\/?post_type=product&#038;p=19461"},"modified":"2023-11-13T09:38:24","modified_gmt":"2023-11-13T08:38:24","slug":"vaincre-lautosabotage","status":"publish","type":"product","link":"https:\/\/baralivres.ma\/?product=vaincre-lautosabotage","title":{"rendered":"Vaincre l&rsquo;autosabotage"},"content":{"rendered":"<p>Face \u00e0 des obstacles tels que les phobies, les addictions et le sentiment de ne pas \u00eatre \u00e0 la hauteur, de nombreuses personnes se sentent ali\u00e9n\u00e9es et font face \u00e0 l&rsquo;autosabotage. Hazel Gale, championne du monde de kick-boxing, a elle-m\u00eame surmont\u00e9 ces blocages en se tournant vers l&rsquo;hypnoth\u00e9rapie cognitive. Cette approche, inspir\u00e9e des neurosciences et de la psychologie positive, se pr\u00e9sente comme une forme d&rsquo;autoanalyse.<\/p>\n<p>En d\u00e9pit du stress et de la fatigue chronique propres aux sportifs de haut niveau, Hazel Gale a utilis\u00e9 l&rsquo;hypnoth\u00e9rapie pour surmonter sa d\u00e9pression et remporter de nouveaux titres de championne. Sa m\u00e9thode, r\u00e9sultat de cette exp\u00e9rience, est d\u00e9crite comme un manuel de combat \u00e0 appliquer au quotidien, offrant une solution efficace et originale pour triompher de diverses luttes personnelles. Cette approche est salu\u00e9e comme un moyen concret de venir \u00e0 bout des obstacles qui entravent le chemin vers le bien-\u00eatre et la r\u00e9ussite.<\/p>\n","protected":false},"excerpt":{"rendered":"<p>Hazel Gale, championne de kick-boxing, surmonte phobies et d\u00e9pression par l&rsquo;hypnoth\u00e9rapie cognitive, offrant m\u00e9thode efficace.<\/p>\n","protected":false},"featured_media":19467,"comment_status":"open","ping_status":"closed","template":"","meta":{"inline_featured_image":false},"product_cat":[204,91],"product_tag":[],"class_list":{"0":"post-19461","1":"product","2":"type-product","3":"status-publish","4":"has-post-thumbnail","6":"product_cat-francais","7":"product_cat-developpement","8":"pa_auteurs-hazel-gale","10":"first","11":"instock","12":"shipping-taxable","13":"purchasable","14":"product-type-simple"},"_links":{"self":[{"href":"https:\/\/baralivres.ma\/index.php?rest_route=\/wp\/v2\/product\/19461","targetHints":{"allow":["GET"]}}],"collection":[{"href":"https:\/\/baralivres.ma\/index.php?rest_route=\/wp\/v2\/product"}],"about":[{"href":"https:\/\/baralivres.ma\/index.php?rest_route=\/wp\/v2\/types\/product"}],"replies":[{"embeddable":true,"href":"https:\/\/baralivres.ma\/index.php?rest_route=%2Fwp%2Fv2%2Fcomments&post=19461"}],"version-history":[{"count":1,"href":"https:\/\/baralivres.ma\/index.php?rest_route=\/wp\/v2\/product\/19461\/revisions"}],"predecessor-version":[{"id":19468,"href":"https:\/\/baralivres.ma\/index.php?rest_route=\/wp\/v2\/product\/19461\/revisions\/19468"}],"wp:featuredmedia":[{"embeddable":true,"href":"https:\/\/baralivres.ma\/index.php?rest_route=\/wp\/v2\/media\/19467"}],"wp:attachment":[{"href":"https:\/\/baralivres.ma\/index.php?rest_route=%2Fwp%2Fv2%2Fmedia&parent=19461"}],"wp:term":[{"taxonomy":"product_cat","embeddable":true,"href":"https:\/\/baralivres.ma\/index.php?rest_route=%2Fwp%2Fv2%2Fproduct_cat&post=19461"},{"taxonomy":"product_tag","embeddable":true,"href":"https:\/\/baralivres.ma\/index.php?rest_route=%2Fwp%2Fv2%2Fproduct_tag&post=19461"}],"curies":[{"name":"wp","href":"https:\/\/api.w.org\/{rel}","templated":true}]}}