{"id":19446,"date":"2023-11-10T18:06:01","date_gmt":"2023-11-10T17:06:01","guid":{"rendered":"https:\/\/baralivres.ma\/?post_type=product&#038;p=19446"},"modified":"2024-03-14T13:51:33","modified_gmt":"2024-03-14T12:51:33","slug":"cultiver-lintelligence-relationnelle-2","status":"publish","type":"product","link":"https:\/\/baralivres.ma\/?product=cultiver-lintelligence-relationnelle-2","title":{"rendered":"Cultiver l&rsquo;intelligence relationnelle"},"content":{"rendered":"<p>\u00ab\u00a0Cultiver l&rsquo;intelligence relationnelle selon Daniel Goleman, expert en psychologie et neuroscience, explore les neurosciences pour guider vers des relations plus riches et \u00e9panouissantes. Ce guide pratique d\u00e9voile des cl\u00e9s pour comprendre, ma\u00eetriser, et cultiver ses \u00e9motions, renfor\u00e7ant ainsi les liens amicaux, amoureux, et professionnels. \u00c0 travers une approche accessible des neurosciences, l&rsquo;auteur du best-seller mondial &lsquo;L&rsquo;Intelligence \u00e9motionnelle&rsquo; offre des conseils pour une vie relationnelle \u00e9quilibr\u00e9e.\u00a0\u00bb<\/p>\n","protected":false},"excerpt":{"rendered":"<p>\u00ab\u00a0Cultiver l&rsquo;intelligence relationnelle pour des relations \u00e9panouissantes et une meilleure connaissance de soi-m\u00eame.\u00a0\u00bb<\/p>\n","protected":false},"featured_media":19447,"comment_status":"open","ping_status":"closed","template":"","meta":{"inline_featured_image":false},"product_cat":[204,91],"product_tag":[],"class_list":{"0":"post-19446","1":"product","2":"type-product","3":"status-publish","4":"has-post-thumbnail","6":"product_cat-francais","7":"product_cat-developpement","8":"pa_auteurs-daniel-goleman","10":"first","11":"instock","12":"shipping-taxable","13":"purchasable","14":"product-type-simple"},"_links":{"self":[{"href":"https:\/\/baralivres.ma\/index.php?rest_route=\/wp\/v2\/product\/19446","targetHints":{"allow":["GET"]}}],"collection":[{"href":"https:\/\/baralivres.ma\/index.php?rest_route=\/wp\/v2\/product"}],"about":[{"href":"https:\/\/baralivres.ma\/index.php?rest_route=\/wp\/v2\/types\/product"}],"replies":[{"embeddable":true,"href":"https:\/\/baralivres.ma\/index.php?rest_route=%2Fwp%2Fv2%2Fcomments&post=19446"}],"version-history":[{"count":1,"href":"https:\/\/baralivres.ma\/index.php?rest_route=\/wp\/v2\/product\/19446\/revisions"}],"predecessor-version":[{"id":19448,"href":"https:\/\/baralivres.ma\/index.php?rest_route=\/wp\/v2\/product\/19446\/revisions\/19448"}],"wp:featuredmedia":[{"embeddable":true,"href":"https:\/\/baralivres.ma\/index.php?rest_route=\/wp\/v2\/media\/19447"}],"wp:attachment":[{"href":"https:\/\/baralivres.ma\/index.php?rest_route=%2Fwp%2Fv2%2Fmedia&parent=19446"}],"wp:term":[{"taxonomy":"product_cat","embeddable":true,"href":"https:\/\/baralivres.ma\/index.php?rest_route=%2Fwp%2Fv2%2Fproduct_cat&post=19446"},{"taxonomy":"product_tag","embeddable":true,"href":"https:\/\/baralivres.ma\/index.php?rest_route=%2Fwp%2Fv2%2Fproduct_tag&post=19446"}],"curies":[{"name":"wp","href":"https:\/\/api.w.org\/{rel}","templated":true}]}}