{"id":19440,"date":"2023-11-10T18:00:35","date_gmt":"2023-11-10T17:00:35","guid":{"rendered":"https:\/\/baralivres.ma\/?post_type=product&#038;p=19440"},"modified":"2024-05-05T15:43:05","modified_gmt":"2024-05-05T14:43:05","slug":"ikigai","status":"publish","type":"product","link":"https:\/\/baralivres.ma\/?product=ikigai","title":{"rendered":"Ikigai"},"content":{"rendered":"<p>\u00ab\u00a0La sc\u00e8ne se d\u00e9roule dans un parc \u00e0 Tokyo. Deux amis discutent du sens de la vie et de la long\u00e9vit\u00e9 des Japonais. Ils \u00e9voquent le terme \u00ab\u00a0ikigai\u00a0\u00bb, signifiant la \u00ab\u00a0joie d&rsquo;\u00eatre toujours occup\u00e9\u00a0\u00bb. Les Japonais croient que chacun poss\u00e8de un ikigai, une raison d&rsquo;exister, qui les motive \u00e0 se lever chaque matin et \u00e0 \u00eatre acteurs de leur vie. Comment les \u00ab\u00a0supercentenaires\u00a0\u00bb d\u00e9finissent-ils leur ikigai et comment les guide-t-il au quotidien ? Quelles habitudes adopter pour mieux vivre ? Dans ce livre qui oscille entre le guide et le t\u00e9moignage, les auteurs nous invitent \u00e0 d\u00e9couvrir notre propre ikigai pour une vie longue et harmonieuse.\u00a0\u00bb<\/p>\n","protected":false},"excerpt":{"rendered":"<p>\u00ab\u00a0D\u00e9couvrez l&rsquo;ikigai, la raison d&rsquo;\u00eatre des Japonais, pour une vie \u00e9panouissante et harmonieuse au quotidien.\u00a0\u00bb<\/p>\n","protected":false},"featured_media":19441,"comment_status":"open","ping_status":"closed","template":"","meta":{"inline_featured_image":false},"product_cat":[3674,204,91],"product_tag":[],"class_list":{"0":"post-19440","1":"product","2":"type-product","3":"status-publish","4":"has-post-thumbnail","6":"product_cat-best-s","7":"product_cat-francais","8":"product_cat-developpement","9":"pa_auteurs-hector-garcia-francesc-miralles","11":"first","12":"instock","13":"shipping-taxable","14":"purchasable","15":"product-type-simple"},"_links":{"self":[{"href":"https:\/\/baralivres.ma\/index.php?rest_route=\/wp\/v2\/product\/19440","targetHints":{"allow":["GET"]}}],"collection":[{"href":"https:\/\/baralivres.ma\/index.php?rest_route=\/wp\/v2\/product"}],"about":[{"href":"https:\/\/baralivres.ma\/index.php?rest_route=\/wp\/v2\/types\/product"}],"replies":[{"embeddable":true,"href":"https:\/\/baralivres.ma\/index.php?rest_route=%2Fwp%2Fv2%2Fcomments&post=19440"}],"version-history":[{"count":1,"href":"https:\/\/baralivres.ma\/index.php?rest_route=\/wp\/v2\/product\/19440\/revisions"}],"predecessor-version":[{"id":19442,"href":"https:\/\/baralivres.ma\/index.php?rest_route=\/wp\/v2\/product\/19440\/revisions\/19442"}],"wp:featuredmedia":[{"embeddable":true,"href":"https:\/\/baralivres.ma\/index.php?rest_route=\/wp\/v2\/media\/19441"}],"wp:attachment":[{"href":"https:\/\/baralivres.ma\/index.php?rest_route=%2Fwp%2Fv2%2Fmedia&parent=19440"}],"wp:term":[{"taxonomy":"product_cat","embeddable":true,"href":"https:\/\/baralivres.ma\/index.php?rest_route=%2Fwp%2Fv2%2Fproduct_cat&post=19440"},{"taxonomy":"product_tag","embeddable":true,"href":"https:\/\/baralivres.ma\/index.php?rest_route=%2Fwp%2Fv2%2Fproduct_tag&post=19440"}],"curies":[{"name":"wp","href":"https:\/\/api.w.org\/{rel}","templated":true}]}}