{"id":19437,"date":"2023-11-10T18:00:57","date_gmt":"2023-11-10T17:00:57","guid":{"rendered":"https:\/\/baralivres.ma\/?post_type=product&#038;p=19437"},"modified":"2023-11-10T18:00:58","modified_gmt":"2023-11-10T17:00:58","slug":"dune-tome-5-les-heretiques-de-dune","status":"publish","type":"product","link":"https:\/\/baralivres.ma\/?product=dune-tome-5-les-heretiques-de-dune","title":{"rendered":"Dune &#8211; Tome 5 Les h\u00e9r\u00e9tiques de Dune"},"content":{"rendered":"<p>Dans un avenir lointain, Dune, la plan\u00e8te d\u00e9sertique, est le th\u00e9\u00e2tre d&rsquo;une lutte f\u00e9roce entre les Maisons Atr\u00e9ides et Arkonens pour le contr\u00f4le de l&rsquo;\u00e9pice, une ressource pr\u00e9cieuse. Paul Atr\u00e9ides, fils du duc Leto, \u00e9merge comme une figure messianique parmi les Fremens.<\/p>\n<p>Des mill\u00e9naires apr\u00e8s la mort de Leto II le Tyran, l&rsquo;Empereur-Dieu, Dune, renomm\u00e9e Rakis, redevient un d\u00e9sert d\u00e9sert\u00e9. Cependant, une nouvelle intrigue \u00e9merge autour de Sheeana, une jeune fille qui semble avoir le pouvoir de commander aux vers g\u00e9ants. Pendant ce temps, les \u00c9gar\u00e9s de la Grande Dispersion commencent \u00e0 revenir, suscitant l&rsquo;attention sur Rakis. La plan\u00e8te retrouvera-t-elle sa notori\u00e9t\u00e9 gr\u00e2ce \u00e0 des \u00e9v\u00e9nements myst\u00e9rieux et aux secrets de l&rsquo;\u00c9pice ?<\/p>\n","protected":false},"excerpt":{"rendered":"<p>Lutte des Maisons Atr\u00e9ides et Arkonens sur Dune pour l&rsquo;\u00e9pice, Paul messie, suite apr\u00e8s Leto II.<\/p>\n","protected":false},"featured_media":19443,"comment_status":"open","ping_status":"closed","template":"","meta":{"inline_featured_image":false},"product_cat":[204,199],"product_tag":[],"class_list":{"0":"post-19437","1":"product","2":"type-product","3":"status-publish","4":"has-post-thumbnail","6":"product_cat-francais","7":"product_cat-histoires","8":"pa_auteurs-frank-herbert","10":"first","11":"instock","12":"shipping-taxable","13":"purchasable","14":"product-type-simple"},"_links":{"self":[{"href":"https:\/\/baralivres.ma\/index.php?rest_route=\/wp\/v2\/product\/19437","targetHints":{"allow":["GET"]}}],"collection":[{"href":"https:\/\/baralivres.ma\/index.php?rest_route=\/wp\/v2\/product"}],"about":[{"href":"https:\/\/baralivres.ma\/index.php?rest_route=\/wp\/v2\/types\/product"}],"replies":[{"embeddable":true,"href":"https:\/\/baralivres.ma\/index.php?rest_route=%2Fwp%2Fv2%2Fcomments&post=19437"}],"version-history":[{"count":1,"href":"https:\/\/baralivres.ma\/index.php?rest_route=\/wp\/v2\/product\/19437\/revisions"}],"predecessor-version":[{"id":19444,"href":"https:\/\/baralivres.ma\/index.php?rest_route=\/wp\/v2\/product\/19437\/revisions\/19444"}],"wp:featuredmedia":[{"embeddable":true,"href":"https:\/\/baralivres.ma\/index.php?rest_route=\/wp\/v2\/media\/19443"}],"wp:attachment":[{"href":"https:\/\/baralivres.ma\/index.php?rest_route=%2Fwp%2Fv2%2Fmedia&parent=19437"}],"wp:term":[{"taxonomy":"product_cat","embeddable":true,"href":"https:\/\/baralivres.ma\/index.php?rest_route=%2Fwp%2Fv2%2Fproduct_cat&post=19437"},{"taxonomy":"product_tag","embeddable":true,"href":"https:\/\/baralivres.ma\/index.php?rest_route=%2Fwp%2Fv2%2Fproduct_tag&post=19437"}],"curies":[{"name":"wp","href":"https:\/\/api.w.org\/{rel}","templated":true}]}}