{"id":19431,"date":"2023-11-10T17:43:49","date_gmt":"2023-11-10T16:43:49","guid":{"rendered":"https:\/\/baralivres.ma\/?post_type=product&#038;p=19431"},"modified":"2024-05-05T15:43:38","modified_gmt":"2024-05-05T14:43:38","slug":"la-guerison-des-5-blessures","status":"publish","type":"product","link":"https:\/\/baralivres.ma\/?product=la-guerison-des-5-blessures","title":{"rendered":"La Gu\u00e9rison des 5 blessures"},"content":{"rendered":"<p>La tr\u00e8s attendue suite du best-seller de Lise Bourbeau, \u00ab\u00a0Les 5 blessures qui emp\u00eachent d&rsquo;\u00eatre soi-m\u00eame\u00a0\u00bb. Comment gu\u00e9rir et reconna\u00eetre nos blessures ? Appliquez les conseils de Bourbeau pour prendre conscience des occasions o\u00f9 l&rsquo;ego dirige nos pens\u00e9es et actes, essentiel \u00e0 la gu\u00e9rison et \u00e0 la paix int\u00e9rieure. Lise BOURBEAU, auteure de best-sellers mondialement traduits, est la fondatrice des \u00e9ditions E.T.C. \u2013 \u00c9coute Ton Corps \u2013, la plus grande \u00e9cole de d\u00e9veloppement personnel au Qu\u00e9bec.<\/p>\n","protected":false},"excerpt":{"rendered":"<p>\u00ab\u00a0Suite des 5 blessures de Lise Bourbeau : gu\u00e9rir, reconna\u00eetre l&rsquo;ego pour paix int\u00e9rieure. Succ\u00e8s mondial.\u00a0\u00bb<\/p>\n","protected":false},"featured_media":19432,"comment_status":"open","ping_status":"closed","template":"","meta":{"inline_featured_image":false},"product_cat":[3674,204,91],"product_tag":[],"class_list":{"0":"post-19431","1":"product","2":"type-product","3":"status-publish","4":"has-post-thumbnail","6":"product_cat-best-s","7":"product_cat-francais","8":"product_cat-developpement","9":"pa_auteurs-lise-bourbeau","11":"first","12":"instock","13":"shipping-taxable","14":"purchasable","15":"product-type-simple"},"_links":{"self":[{"href":"https:\/\/baralivres.ma\/index.php?rest_route=\/wp\/v2\/product\/19431","targetHints":{"allow":["GET"]}}],"collection":[{"href":"https:\/\/baralivres.ma\/index.php?rest_route=\/wp\/v2\/product"}],"about":[{"href":"https:\/\/baralivres.ma\/index.php?rest_route=\/wp\/v2\/types\/product"}],"replies":[{"embeddable":true,"href":"https:\/\/baralivres.ma\/index.php?rest_route=%2Fwp%2Fv2%2Fcomments&post=19431"}],"version-history":[{"count":1,"href":"https:\/\/baralivres.ma\/index.php?rest_route=\/wp\/v2\/product\/19431\/revisions"}],"predecessor-version":[{"id":19433,"href":"https:\/\/baralivres.ma\/index.php?rest_route=\/wp\/v2\/product\/19431\/revisions\/19433"}],"wp:featuredmedia":[{"embeddable":true,"href":"https:\/\/baralivres.ma\/index.php?rest_route=\/wp\/v2\/media\/19432"}],"wp:attachment":[{"href":"https:\/\/baralivres.ma\/index.php?rest_route=%2Fwp%2Fv2%2Fmedia&parent=19431"}],"wp:term":[{"taxonomy":"product_cat","embeddable":true,"href":"https:\/\/baralivres.ma\/index.php?rest_route=%2Fwp%2Fv2%2Fproduct_cat&post=19431"},{"taxonomy":"product_tag","embeddable":true,"href":"https:\/\/baralivres.ma\/index.php?rest_route=%2Fwp%2Fv2%2Fproduct_tag&post=19431"}],"curies":[{"name":"wp","href":"https:\/\/api.w.org\/{rel}","templated":true}]}}