{"id":19430,"date":"2023-11-10T17:47:46","date_gmt":"2023-11-10T16:47:46","guid":{"rendered":"https:\/\/baralivres.ma\/?post_type=product&#038;p=19430"},"modified":"2023-11-10T17:47:47","modified_gmt":"2023-11-10T16:47:47","slug":"wonder-2","status":"publish","type":"product","link":"https:\/\/baralivres.ma\/?product=wonder-2","title":{"rendered":"Wonder"},"content":{"rendered":"<p>\u00ab\u00a0Ne jugez pas un livre sur sa couverture. Ne jugez pas un gar\u00e7on sur son apparence\u00a0\u00bb sont les mots d&rsquo;August, un jeune de dix ans n\u00e9 avec une malformation faciale. Pour la premi\u00e8re fois, il va \u00e0 l&rsquo;\u00e9cole, confront\u00e9 au d\u00e9fi de prouver qu&rsquo;il est semblable \u00e0 ses camarades malgr\u00e9 les apparences. La narration explore les th\u00e8mes de l&rsquo;acceptation, de la tol\u00e9rance et de la d\u00e9couverte de soi dans un environnement scolaire.<\/p>\n","protected":false},"excerpt":{"rendered":"<p><button class=\"dark:text-white disabled:text-gray-300 dark:disabled:text-gray-400\"><\/button>August, n\u00e9 avec une malformation faciale, d\u00e9bute au coll\u00e8ge, confrontant ses pairs \u00e0 la diff\u00e9rence et l&rsquo;acceptation.<\/p>\n","protected":false},"featured_media":19435,"comment_status":"open","ping_status":"closed","template":"","meta":{"inline_featured_image":false},"product_cat":[204,199],"product_tag":[],"class_list":{"0":"post-19430","1":"product","2":"type-product","3":"status-publish","4":"has-post-thumbnail","6":"product_cat-francais","7":"product_cat-histoires","8":"pa_auteurs-juliette-le","10":"first","11":"instock","12":"shipping-taxable","13":"purchasable","14":"product-type-simple"},"_links":{"self":[{"href":"https:\/\/baralivres.ma\/index.php?rest_route=\/wp\/v2\/product\/19430","targetHints":{"allow":["GET"]}}],"collection":[{"href":"https:\/\/baralivres.ma\/index.php?rest_route=\/wp\/v2\/product"}],"about":[{"href":"https:\/\/baralivres.ma\/index.php?rest_route=\/wp\/v2\/types\/product"}],"replies":[{"embeddable":true,"href":"https:\/\/baralivres.ma\/index.php?rest_route=%2Fwp%2Fv2%2Fcomments&post=19430"}],"version-history":[{"count":1,"href":"https:\/\/baralivres.ma\/index.php?rest_route=\/wp\/v2\/product\/19430\/revisions"}],"predecessor-version":[{"id":19436,"href":"https:\/\/baralivres.ma\/index.php?rest_route=\/wp\/v2\/product\/19430\/revisions\/19436"}],"wp:featuredmedia":[{"embeddable":true,"href":"https:\/\/baralivres.ma\/index.php?rest_route=\/wp\/v2\/media\/19435"}],"wp:attachment":[{"href":"https:\/\/baralivres.ma\/index.php?rest_route=%2Fwp%2Fv2%2Fmedia&parent=19430"}],"wp:term":[{"taxonomy":"product_cat","embeddable":true,"href":"https:\/\/baralivres.ma\/index.php?rest_route=%2Fwp%2Fv2%2Fproduct_cat&post=19430"},{"taxonomy":"product_tag","embeddable":true,"href":"https:\/\/baralivres.ma\/index.php?rest_route=%2Fwp%2Fv2%2Fproduct_tag&post=19430"}],"curies":[{"name":"wp","href":"https:\/\/api.w.org\/{rel}","templated":true}]}}