{"id":19427,"date":"2023-11-10T17:38:25","date_gmt":"2023-11-10T16:38:25","guid":{"rendered":"https:\/\/baralivres.ma\/?post_type=product&#038;p=19427"},"modified":"2025-04-17T15:25:50","modified_gmt":"2025-04-17T14:25:50","slug":"la-puissance-de-lacceptation","status":"publish","type":"product","link":"https:\/\/baralivres.ma\/?product=la-puissance-de-lacceptation","title":{"rendered":"La Puissance de l&rsquo;acceptation"},"content":{"rendered":"<p>Ce livre d\u00e9voile la quintessence de l&rsquo;enseignement de Lise Bourbeau : le secret du bonheur r\u00e9side dans l&rsquo;acceptation de soi. Il propose d&rsquo;apprendre \u00e0 s&rsquo;\u00e9couter, \u00e0 distinguer entre acceptation, soumission et compr\u00e9hension. Explorez la nature du v\u00e9ritable amour, \u00e9vitant les confusions courantes avec le d\u00e9vouement, la piti\u00e9 ou la passion. Un guide pr\u00e9cieux pour accompagner tout au long de la vie. Lise BOURBEAU, auteure de best-sellers mondialement traduits, est la fondatrice des \u00e9ditions E.T.C. \u2013 \u00c9coute Ton Corps \u2013, la plus grande \u00e9cole de d\u00e9veloppement personnel au Qu\u00e9bec. Le livre a \u00e9t\u00e9 pr\u00e9c\u00e9demment publi\u00e9 sous le titre : \u00ab\u00a0Amour, amour, amour. La Puissance de l&rsquo;acceptation\u00a0\u00bb.<\/p>\n","protected":false},"excerpt":{"rendered":"<p>Ce livre r\u00e9v\u00e8le l&rsquo;essence de l&rsquo;enseignement de Lise Bourbeau : la cl\u00e9 du bonheur est l&rsquo;acceptation de soi. Apprenez \u00e0 vous \u00e9couter et \u00e0 diff\u00e9rencier acceptation, soumission et compr\u00e9hension. D\u00e9couvrez le v\u00e9ritable amour et \u00e9vitez les confusions courantes. Un guide pr\u00e9cieux pour toute la vie.<\/p>\n","protected":false},"featured_media":19428,"comment_status":"open","ping_status":"closed","template":"","meta":{"inline_featured_image":false},"product_cat":[3896,91],"product_tag":[],"class_list":{"0":"post-19427","1":"product","2":"type-product","3":"status-publish","4":"has-post-thumbnail","6":"product_cat-developpement-francais","7":"product_cat-developpement","8":"pa_auteurs-lise-bourbeau","10":"first","11":"instock","12":"shipping-taxable","13":"purchasable","14":"product-type-simple"},"_links":{"self":[{"href":"https:\/\/baralivres.ma\/index.php?rest_route=\/wp\/v2\/product\/19427","targetHints":{"allow":["GET"]}}],"collection":[{"href":"https:\/\/baralivres.ma\/index.php?rest_route=\/wp\/v2\/product"}],"about":[{"href":"https:\/\/baralivres.ma\/index.php?rest_route=\/wp\/v2\/types\/product"}],"replies":[{"embeddable":true,"href":"https:\/\/baralivres.ma\/index.php?rest_route=%2Fwp%2Fv2%2Fcomments&post=19427"}],"version-history":[{"count":1,"href":"https:\/\/baralivres.ma\/index.php?rest_route=\/wp\/v2\/product\/19427\/revisions"}],"predecessor-version":[{"id":19429,"href":"https:\/\/baralivres.ma\/index.php?rest_route=\/wp\/v2\/product\/19427\/revisions\/19429"}],"wp:featuredmedia":[{"embeddable":true,"href":"https:\/\/baralivres.ma\/index.php?rest_route=\/wp\/v2\/media\/19428"}],"wp:attachment":[{"href":"https:\/\/baralivres.ma\/index.php?rest_route=%2Fwp%2Fv2%2Fmedia&parent=19427"}],"wp:term":[{"taxonomy":"product_cat","embeddable":true,"href":"https:\/\/baralivres.ma\/index.php?rest_route=%2Fwp%2Fv2%2Fproduct_cat&post=19427"},{"taxonomy":"product_tag","embeddable":true,"href":"https:\/\/baralivres.ma\/index.php?rest_route=%2Fwp%2Fv2%2Fproduct_tag&post=19427"}],"curies":[{"name":"wp","href":"https:\/\/api.w.org\/{rel}","templated":true}]}}