{"id":19419,"date":"2023-11-10T17:33:23","date_gmt":"2023-11-10T16:33:23","guid":{"rendered":"https:\/\/baralivres.ma\/?post_type=product&#038;p=19419"},"modified":"2023-11-10T17:33:24","modified_gmt":"2023-11-10T16:33:24","slug":"u4-stephane","status":"publish","type":"product","link":"https:\/\/baralivres.ma\/?product=u4-stephane","title":{"rendered":"U4 : St\u00e9phane"},"content":{"rendered":"<p>St\u00e9phane, Yannis, Koridwen, Jules, adolescents de 15 \u00e0 18 ans, r\u00e9sistent au virus U4, qui a \u00e9radiqu\u00e9 90 % de la population mondiale. Alors qu&rsquo;ils ne se connaissent pas, tous se dirigent vers le m\u00eame point de ralliement \u00e0 Paris, marquant le d\u00e9but d&rsquo;une aventure o\u00f9 chacun doit affronter le chaos post-apocalyptique, d\u00e9cider de ses priorit\u00e9s et surmonter des obstacles pour tenter de se retrouver et trouver des r\u00e9ponses \u00e0 leurs questions existentielles.<\/p>\n","protected":false},"excerpt":{"rendered":"<p>Survivants d&rsquo;une pand\u00e9mie, St\u00e9phane, Yannis, Koridwen et Jules convergent vers un m\u00eame rendez-vous \u00e0 Paris.<\/p>\n","protected":false},"featured_media":19425,"comment_status":"open","ping_status":"closed","template":"","meta":{"inline_featured_image":false},"product_cat":[204,199],"product_tag":[],"class_list":{"0":"post-19419","1":"product","2":"type-product","3":"status-publish","4":"has-post-thumbnail","6":"product_cat-francais","7":"product_cat-histoires","8":"pa_auteurs-vincent-villeminot","10":"first","11":"instock","12":"shipping-taxable","13":"purchasable","14":"product-type-simple"},"_links":{"self":[{"href":"https:\/\/baralivres.ma\/index.php?rest_route=\/wp\/v2\/product\/19419","targetHints":{"allow":["GET"]}}],"collection":[{"href":"https:\/\/baralivres.ma\/index.php?rest_route=\/wp\/v2\/product"}],"about":[{"href":"https:\/\/baralivres.ma\/index.php?rest_route=\/wp\/v2\/types\/product"}],"replies":[{"embeddable":true,"href":"https:\/\/baralivres.ma\/index.php?rest_route=%2Fwp%2Fv2%2Fcomments&post=19419"}],"version-history":[{"count":1,"href":"https:\/\/baralivres.ma\/index.php?rest_route=\/wp\/v2\/product\/19419\/revisions"}],"predecessor-version":[{"id":19426,"href":"https:\/\/baralivres.ma\/index.php?rest_route=\/wp\/v2\/product\/19419\/revisions\/19426"}],"wp:featuredmedia":[{"embeddable":true,"href":"https:\/\/baralivres.ma\/index.php?rest_route=\/wp\/v2\/media\/19425"}],"wp:attachment":[{"href":"https:\/\/baralivres.ma\/index.php?rest_route=%2Fwp%2Fv2%2Fmedia&parent=19419"}],"wp:term":[{"taxonomy":"product_cat","embeddable":true,"href":"https:\/\/baralivres.ma\/index.php?rest_route=%2Fwp%2Fv2%2Fproduct_cat&post=19419"},{"taxonomy":"product_tag","embeddable":true,"href":"https:\/\/baralivres.ma\/index.php?rest_route=%2Fwp%2Fv2%2Fproduct_tag&post=19419"}],"curies":[{"name":"wp","href":"https:\/\/api.w.org\/{rel}","templated":true}]}}