{"id":19410,"date":"2023-11-10T17:23:36","date_gmt":"2023-11-10T16:23:36","guid":{"rendered":"https:\/\/baralivres.ma\/?post_type=product&#038;p=19410"},"modified":"2023-11-10T17:23:37","modified_gmt":"2023-11-10T16:23:37","slug":"les-cles-de-la-vitalite","status":"publish","type":"product","link":"https:\/\/baralivres.ma\/?product=les-cles-de-la-vitalite","title":{"rendered":"Les Cl\u00e9s de la vitalit\u00e9"},"content":{"rendered":"<p>Lise Bourbeau, souvent per\u00e7ue comme intemporelle, partage dans ce livre ses secrets pour maintenir une vitalit\u00e9 \u00e9quivalente \u00e0 celle d&rsquo;une femme de 50 ans \u00e0 79 ans. Apr\u00e8s le succ\u00e8s de \u00ab\u00a0Les 5 blessures qui emp\u00eachent d&rsquo;\u00eatre soi\u00a0\u00bb, elle explore comment la pens\u00e9e, l&rsquo;amour, le comportement et l&rsquo;imagination influencent notre approche de l&rsquo;\u00e2ge. Le livre propose des m\u00e9thodes claires pour retarder le vieillissement, conserver et augmenter l&rsquo;\u00e9nergie, r\u00e9pondre \u00e0 ses besoins, r\u00e9duire le stress, favorisant ainsi une vie physique et spirituelle en harmonie avec l&rsquo;existence. Les ouvrages de Lise Bourbeau rencontrent un grand succ\u00e8s chez Pocket.<\/p>\n","protected":false},"excerpt":{"rendered":"<p>Lise Bourbeau, \u00e0 79 ans, d\u00e9voile secrets pour vitalit\u00e9, retarder vieillissement, \u00e9nergie, bien-\u00eatre physique et spirituel.<\/p>\n","protected":false},"featured_media":19413,"comment_status":"open","ping_status":"closed","template":"","meta":{"inline_featured_image":false},"product_cat":[204,91],"product_tag":[],"class_list":{"0":"post-19410","1":"product","2":"type-product","3":"status-publish","4":"has-post-thumbnail","6":"product_cat-francais","7":"product_cat-developpement","8":"pa_auteurs-lise-bourbeau","10":"first","11":"instock","12":"shipping-taxable","13":"purchasable","14":"product-type-simple"},"_links":{"self":[{"href":"https:\/\/baralivres.ma\/index.php?rest_route=\/wp\/v2\/product\/19410","targetHints":{"allow":["GET"]}}],"collection":[{"href":"https:\/\/baralivres.ma\/index.php?rest_route=\/wp\/v2\/product"}],"about":[{"href":"https:\/\/baralivres.ma\/index.php?rest_route=\/wp\/v2\/types\/product"}],"replies":[{"embeddable":true,"href":"https:\/\/baralivres.ma\/index.php?rest_route=%2Fwp%2Fv2%2Fcomments&post=19410"}],"version-history":[{"count":1,"href":"https:\/\/baralivres.ma\/index.php?rest_route=\/wp\/v2\/product\/19410\/revisions"}],"predecessor-version":[{"id":19415,"href":"https:\/\/baralivres.ma\/index.php?rest_route=\/wp\/v2\/product\/19410\/revisions\/19415"}],"wp:featuredmedia":[{"embeddable":true,"href":"https:\/\/baralivres.ma\/index.php?rest_route=\/wp\/v2\/media\/19413"}],"wp:attachment":[{"href":"https:\/\/baralivres.ma\/index.php?rest_route=%2Fwp%2Fv2%2Fmedia&parent=19410"}],"wp:term":[{"taxonomy":"product_cat","embeddable":true,"href":"https:\/\/baralivres.ma\/index.php?rest_route=%2Fwp%2Fv2%2Fproduct_cat&post=19410"},{"taxonomy":"product_tag","embeddable":true,"href":"https:\/\/baralivres.ma\/index.php?rest_route=%2Fwp%2Fv2%2Fproduct_tag&post=19410"}],"curies":[{"name":"wp","href":"https:\/\/api.w.org\/{rel}","templated":true}]}}