{"id":19400,"date":"2023-11-10T17:13:58","date_gmt":"2023-11-10T16:13:58","guid":{"rendered":"https:\/\/baralivres.ma\/?post_type=product&#038;p=19400"},"modified":"2023-11-10T17:13:59","modified_gmt":"2023-11-10T16:13:59","slug":"liberez-votre-cerveau","status":"publish","type":"product","link":"https:\/\/baralivres.ma\/?product=liberez-votre-cerveau","title":{"rendered":"Lib\u00e9rez votre cerveau !"},"content":{"rendered":"<p>Dans son livre captivant, Idriss Aberkane explore la \u00ab\u00a0neuroergonomie\u00a0\u00bb pour r\u00e9v\u00e9ler que chacun poss\u00e8de un potentiel intellectuel sous-estim\u00e9. En d\u00e9montrant comment utiliser au mieux notre cerveau dans divers domaines de la vie, Aberkane offre des conseils pratiques pour penser, apprendre et vivre de mani\u00e8re plus \u00e9panouissante. Gr\u00e2ce \u00e0 la science et \u00e0 des exemples concrets, il d\u00e9mystifie l&rsquo;id\u00e9e que certaines personnes sont intrins\u00e8quement plus intelligentes, soulignant plut\u00f4t l&rsquo;importance de comprendre et d&rsquo;exploiter diff\u00e9remment nos ressources mentales. Un guide stimulant pour exploiter pleinement le potentiel de chacun.<\/p>\n","protected":false},"excerpt":{"rendered":"<p>Dans son livre captivant, Idriss Aberkane explore la \u00ab\u00a0neuroergonomie\u00a0\u00bb pour r\u00e9v\u00e9ler que chacun poss\u00e8de un potentiel intellectuel sous-estim\u00e9. En d\u00e9montrant comment utiliser au mieux notre cerveau dans divers domaines de la vie, Aberkane offre des conseils pratiques pour penser, apprendre et vivre de mani\u00e8re plus \u00e9panouissante. Gr\u00e2ce \u00e0 la science et \u00e0 des exemples concrets, [&hellip;]<\/p>\n","protected":false},"featured_media":19403,"comment_status":"open","ping_status":"closed","template":"","meta":{"inline_featured_image":false},"product_cat":[204,91],"product_tag":[],"class_list":{"0":"post-19400","1":"product","2":"type-product","3":"status-publish","4":"has-post-thumbnail","6":"product_cat-francais","7":"product_cat-developpement","8":"pa_auteurs-idriss-j-aberkane","10":"first","11":"instock","12":"shipping-taxable","13":"purchasable","14":"product-type-simple"},"_links":{"self":[{"href":"https:\/\/baralivres.ma\/index.php?rest_route=\/wp\/v2\/product\/19400","targetHints":{"allow":["GET"]}}],"collection":[{"href":"https:\/\/baralivres.ma\/index.php?rest_route=\/wp\/v2\/product"}],"about":[{"href":"https:\/\/baralivres.ma\/index.php?rest_route=\/wp\/v2\/types\/product"}],"replies":[{"embeddable":true,"href":"https:\/\/baralivres.ma\/index.php?rest_route=%2Fwp%2Fv2%2Fcomments&post=19400"}],"version-history":[{"count":2,"href":"https:\/\/baralivres.ma\/index.php?rest_route=\/wp\/v2\/product\/19400\/revisions"}],"predecessor-version":[{"id":19405,"href":"https:\/\/baralivres.ma\/index.php?rest_route=\/wp\/v2\/product\/19400\/revisions\/19405"}],"wp:featuredmedia":[{"embeddable":true,"href":"https:\/\/baralivres.ma\/index.php?rest_route=\/wp\/v2\/media\/19403"}],"wp:attachment":[{"href":"https:\/\/baralivres.ma\/index.php?rest_route=%2Fwp%2Fv2%2Fmedia&parent=19400"}],"wp:term":[{"taxonomy":"product_cat","embeddable":true,"href":"https:\/\/baralivres.ma\/index.php?rest_route=%2Fwp%2Fv2%2Fproduct_cat&post=19400"},{"taxonomy":"product_tag","embeddable":true,"href":"https:\/\/baralivres.ma\/index.php?rest_route=%2Fwp%2Fv2%2Fproduct_tag&post=19400"}],"curies":[{"name":"wp","href":"https:\/\/api.w.org\/{rel}","templated":true}]}}