{"id":19397,"date":"2023-11-10T17:08:05","date_gmt":"2023-11-10T16:08:05","guid":{"rendered":"https:\/\/baralivres.ma\/?post_type=product&#038;p=19397"},"modified":"2023-11-10T17:10:24","modified_gmt":"2023-11-10T16:10:24","slug":"cessez-de-manger-vos-emotions","status":"publish","type":"product","link":"https:\/\/baralivres.ma\/?product=cessez-de-manger-vos-emotions","title":{"rendered":"Cessez de manger vos \u00e9motions"},"content":{"rendered":"<p>Dans cet ouvrage novateur, les expertes Isabelle Huot, docteure en nutrition, et Catherine Sen\u00e9cal, docteure en psychologie, explorent le lien intime entre nos \u00e9motions et nos habitudes alimentaires. Proposant une approche holistique, elles partagent des solutions pratiques, des exercices, et des astuces \u00e9prouv\u00e9es pour aider le lecteur \u00e0 comprendre et \u00e0 transformer sa relation avec la nourriture. Cette collaboration unique entre une nutritionniste et une psychologue offre une perspective compl\u00e8te, guidant chacun vers un rapport plus \u00e9quilibr\u00e9 et sain avec son alimentation. Un guide essentiel pour ceux qui cherchent \u00e0 cultiver une alimentation consciente et \u00e0 d\u00e9passer les d\u00e9sordres alimentaires.<\/p>\n","protected":false},"excerpt":{"rendered":"<p>Isabelle Huot, docteure en nutrition, et Catherine Sen\u00e9cal, docteure en psychologie, exposent la relation entre \u00e9motions et d\u00e9sordres alimentaires, offrant des solutions pratiques. Leur expertise combine exercices et astuces pour une approche \u00e9quilibr\u00e9e de l&rsquo;alimentation. Ce guide r\u00e9volutionne notre rapport aux aliments.<\/p>\n","protected":false},"featured_media":19398,"comment_status":"open","ping_status":"closed","template":"","meta":{"inline_featured_image":false},"product_cat":[204,91],"product_tag":[],"class_list":{"0":"post-19397","1":"product","2":"type-product","3":"status-publish","4":"has-post-thumbnail","6":"product_cat-francais","7":"product_cat-developpement","8":"pa_auteurs-isabelle-huot","10":"first","11":"instock","12":"shipping-taxable","13":"purchasable","14":"product-type-simple"},"_links":{"self":[{"href":"https:\/\/baralivres.ma\/index.php?rest_route=\/wp\/v2\/product\/19397","targetHints":{"allow":["GET"]}}],"collection":[{"href":"https:\/\/baralivres.ma\/index.php?rest_route=\/wp\/v2\/product"}],"about":[{"href":"https:\/\/baralivres.ma\/index.php?rest_route=\/wp\/v2\/types\/product"}],"replies":[{"embeddable":true,"href":"https:\/\/baralivres.ma\/index.php?rest_route=%2Fwp%2Fv2%2Fcomments&post=19397"}],"version-history":[{"count":1,"href":"https:\/\/baralivres.ma\/index.php?rest_route=\/wp\/v2\/product\/19397\/revisions"}],"predecessor-version":[{"id":19399,"href":"https:\/\/baralivres.ma\/index.php?rest_route=\/wp\/v2\/product\/19397\/revisions\/19399"}],"wp:featuredmedia":[{"embeddable":true,"href":"https:\/\/baralivres.ma\/index.php?rest_route=\/wp\/v2\/media\/19398"}],"wp:attachment":[{"href":"https:\/\/baralivres.ma\/index.php?rest_route=%2Fwp%2Fv2%2Fmedia&parent=19397"}],"wp:term":[{"taxonomy":"product_cat","embeddable":true,"href":"https:\/\/baralivres.ma\/index.php?rest_route=%2Fwp%2Fv2%2Fproduct_cat&post=19397"},{"taxonomy":"product_tag","embeddable":true,"href":"https:\/\/baralivres.ma\/index.php?rest_route=%2Fwp%2Fv2%2Fproduct_tag&post=19397"}],"curies":[{"name":"wp","href":"https:\/\/api.w.org\/{rel}","templated":true}]}}