{"id":19386,"date":"2023-11-10T16:50:01","date_gmt":"2023-11-10T15:50:01","guid":{"rendered":"https:\/\/baralivres.ma\/?post_type=product&#038;p=19386"},"modified":"2023-11-10T16:52:48","modified_gmt":"2023-11-10T15:52:48","slug":"ame-de-sorciere-ou-la-magie-du-feminin","status":"publish","type":"product","link":"https:\/\/baralivres.ma\/?product=ame-de-sorciere-ou-la-magie-du-feminin","title":{"rendered":"Ame de sorci\u00e8re ou La magie du f\u00e9minin"},"content":{"rendered":"<p>La sorci\u00e8re, symbole subversif du f\u00e9minisme, resurgit pour interroger nos choix, notre rapport au monde, au corps, \u00e0 la nature, et \u00e0 la sexualit\u00e9. Sages-femmes, gu\u00e9risseuses, femmes de pouvoir, elles ont d\u00e9fi\u00e9 l&rsquo;ordre \u00e9tabli, laissant un h\u00e9ritage riche en savoir. Odile Chabrillac, naturopathe et psychoth\u00e9rapeute, explore ces enseignements : c\u00e9l\u00e9brer le corps, se connecter \u00e0 la nature, utiliser les plantes, et embrasser l&rsquo;\u00e9nergie f\u00e9minine. Un voyage vers la magie du f\u00e9minin.<\/p>\n","protected":false},"excerpt":{"rendered":"<p>La sorci\u00e8re, symbole f\u00e9ministe, revisite nos choix, le corps, la nature. Un h\u00e9ritage magique f\u00e9minin.<\/p>\n","protected":false},"featured_media":19388,"comment_status":"open","ping_status":"closed","template":"","meta":{"inline_featured_image":false},"product_cat":[204,91],"product_tag":[],"class_list":{"0":"post-19386","1":"product","2":"type-product","3":"status-publish","4":"has-post-thumbnail","6":"product_cat-francais","7":"product_cat-developpement","8":"pa_auteurs-odile-chabrillac","10":"first","11":"instock","12":"shipping-taxable","13":"purchasable","14":"product-type-simple"},"_links":{"self":[{"href":"https:\/\/baralivres.ma\/index.php?rest_route=\/wp\/v2\/product\/19386","targetHints":{"allow":["GET"]}}],"collection":[{"href":"https:\/\/baralivres.ma\/index.php?rest_route=\/wp\/v2\/product"}],"about":[{"href":"https:\/\/baralivres.ma\/index.php?rest_route=\/wp\/v2\/types\/product"}],"replies":[{"embeddable":true,"href":"https:\/\/baralivres.ma\/index.php?rest_route=%2Fwp%2Fv2%2Fcomments&post=19386"}],"version-history":[{"count":1,"href":"https:\/\/baralivres.ma\/index.php?rest_route=\/wp\/v2\/product\/19386\/revisions"}],"predecessor-version":[{"id":19389,"href":"https:\/\/baralivres.ma\/index.php?rest_route=\/wp\/v2\/product\/19386\/revisions\/19389"}],"wp:featuredmedia":[{"embeddable":true,"href":"https:\/\/baralivres.ma\/index.php?rest_route=\/wp\/v2\/media\/19388"}],"wp:attachment":[{"href":"https:\/\/baralivres.ma\/index.php?rest_route=%2Fwp%2Fv2%2Fmedia&parent=19386"}],"wp:term":[{"taxonomy":"product_cat","embeddable":true,"href":"https:\/\/baralivres.ma\/index.php?rest_route=%2Fwp%2Fv2%2Fproduct_cat&post=19386"},{"taxonomy":"product_tag","embeddable":true,"href":"https:\/\/baralivres.ma\/index.php?rest_route=%2Fwp%2Fv2%2Fproduct_tag&post=19386"}],"curies":[{"name":"wp","href":"https:\/\/api.w.org\/{rel}","templated":true}]}}