{"id":19385,"date":"2023-11-10T17:12:29","date_gmt":"2023-11-10T16:12:29","guid":{"rendered":"https:\/\/baralivres.ma\/?post_type=product&#038;p=19385"},"modified":"2023-11-10T17:14:01","modified_gmt":"2023-11-10T16:14:01","slug":"u4-koridwen","status":"publish","type":"product","link":"https:\/\/baralivres.ma\/?product=u4-koridwen","title":{"rendered":"U4 : Koridwen"},"content":{"rendered":"<p>Koridwen, Jules, St\u00e9phane et Yannis, \u00e2g\u00e9s de 15 \u00e0 18 ans, survivent au virus U4 qui a d\u00e9cim\u00e9 90 % de la population mondiale. Sans se conna\u00eetre, ils convergent tous vers le m\u00eame rendez-vous \u00e0 Paris. Dans ce contexte post-apocalyptique, Koridwen, la derni\u00e8re survivante de Menesguen, prend la d\u00e9cision audacieuse de parcourir 541 kilom\u00e8tres en tracteur pour rejoindre la capitale. Anim\u00e9e par la conviction qu&rsquo;elle est destin\u00e9e \u00e0 quelque chose d&rsquo;exceptionnel, elle se lance dans un p\u00e9riple dangereux pour affronter l&rsquo;inconnu.<\/p>\n","protected":false},"excerpt":{"rendered":"<p>Quatre survivants d&rsquo;une pand\u00e9mie mondiale convergent vers Paris pour un myst\u00e9rieux rendez-vous, liant leurs destins.<\/p>\n","protected":false},"featured_media":19401,"comment_status":"open","ping_status":"closed","template":"","meta":{"inline_featured_image":false},"product_cat":[204,199],"product_tag":[],"class_list":{"0":"post-19385","1":"product","2":"type-product","3":"status-publish","4":"has-post-thumbnail","6":"product_cat-francais","7":"product_cat-histoires","8":"pa_auteurs-yves-grevet","10":"first","11":"instock","12":"shipping-taxable","13":"purchasable","14":"product-type-simple"},"_links":{"self":[{"href":"https:\/\/baralivres.ma\/index.php?rest_route=\/wp\/v2\/product\/19385","targetHints":{"allow":["GET"]}}],"collection":[{"href":"https:\/\/baralivres.ma\/index.php?rest_route=\/wp\/v2\/product"}],"about":[{"href":"https:\/\/baralivres.ma\/index.php?rest_route=\/wp\/v2\/types\/product"}],"replies":[{"embeddable":true,"href":"https:\/\/baralivres.ma\/index.php?rest_route=%2Fwp%2Fv2%2Fcomments&post=19385"}],"version-history":[{"count":1,"href":"https:\/\/baralivres.ma\/index.php?rest_route=\/wp\/v2\/product\/19385\/revisions"}],"predecessor-version":[{"id":19402,"href":"https:\/\/baralivres.ma\/index.php?rest_route=\/wp\/v2\/product\/19385\/revisions\/19402"}],"wp:featuredmedia":[{"embeddable":true,"href":"https:\/\/baralivres.ma\/index.php?rest_route=\/wp\/v2\/media\/19401"}],"wp:attachment":[{"href":"https:\/\/baralivres.ma\/index.php?rest_route=%2Fwp%2Fv2%2Fmedia&parent=19385"}],"wp:term":[{"taxonomy":"product_cat","embeddable":true,"href":"https:\/\/baralivres.ma\/index.php?rest_route=%2Fwp%2Fv2%2Fproduct_cat&post=19385"},{"taxonomy":"product_tag","embeddable":true,"href":"https:\/\/baralivres.ma\/index.php?rest_route=%2Fwp%2Fv2%2Fproduct_tag&post=19385"}],"curies":[{"name":"wp","href":"https:\/\/api.w.org\/{rel}","templated":true}]}}