{"id":19382,"date":"2023-11-10T16:35:22","date_gmt":"2023-11-10T15:35:22","guid":{"rendered":"https:\/\/baralivres.ma\/?post_type=product&#038;p=19382"},"modified":"2023-11-10T16:43:24","modified_gmt":"2023-11-10T15:43:24","slug":"fort-comme-un-hypersensible","status":"publish","type":"product","link":"https:\/\/baralivres.ma\/?product=fort-comme-un-hypersensible","title":{"rendered":"Fort comme un hypersensible"},"content":{"rendered":"<p>L&rsquo;artiste polymorphe Maurice Barth\u00e9lemy d\u00e9voile, avec humour et authenticit\u00e9, sa vie en tant qu&rsquo;hypersensible, d\u00e9mystifiant cette nature souvent mal comprise. En collaboration avec la psychopraticienne Charlotte Wils, sp\u00e9cialiste de l&rsquo;accompagnement des personnes hypersensibles, Barth\u00e9lemy offre des conseils pratiques pour mieux se comprendre, s&rsquo;accepter et appr\u00e9cier la richesse de la diff\u00e9rence hypersensible. Un t\u00e9moignage salutaire et \u00e9clairant.<\/p>\n","protected":false},"excerpt":{"rendered":"<p>Avec humour et sinc\u00e9rit\u00e9, Maurice Barth\u00e9lemy partage son exp\u00e9rience d&rsquo;hypersensibilit\u00e9, d\u00e9mystifiant cette nature souvent m\u00e9connue. En collaboration avec la psychopraticienne Charlotte Wils, il offre des cl\u00e9s pour mieux se comprendre, s&rsquo;accepter et embrasser la diff\u00e9rence.<\/p>\n","protected":false},"featured_media":19383,"comment_status":"open","ping_status":"closed","template":"","meta":{"inline_featured_image":false},"product_cat":[204,91],"product_tag":[],"class_list":{"0":"post-19382","1":"product","2":"type-product","3":"status-publish","4":"has-post-thumbnail","6":"product_cat-francais","7":"product_cat-developpement","8":"pa_auteurs-maurice-barthelemy","10":"first","11":"instock","12":"shipping-taxable","13":"purchasable","14":"product-type-simple"},"_links":{"self":[{"href":"https:\/\/baralivres.ma\/index.php?rest_route=\/wp\/v2\/product\/19382","targetHints":{"allow":["GET"]}}],"collection":[{"href":"https:\/\/baralivres.ma\/index.php?rest_route=\/wp\/v2\/product"}],"about":[{"href":"https:\/\/baralivres.ma\/index.php?rest_route=\/wp\/v2\/types\/product"}],"replies":[{"embeddable":true,"href":"https:\/\/baralivres.ma\/index.php?rest_route=%2Fwp%2Fv2%2Fcomments&post=19382"}],"version-history":[{"count":1,"href":"https:\/\/baralivres.ma\/index.php?rest_route=\/wp\/v2\/product\/19382\/revisions"}],"predecessor-version":[{"id":19384,"href":"https:\/\/baralivres.ma\/index.php?rest_route=\/wp\/v2\/product\/19382\/revisions\/19384"}],"wp:featuredmedia":[{"embeddable":true,"href":"https:\/\/baralivres.ma\/index.php?rest_route=\/wp\/v2\/media\/19383"}],"wp:attachment":[{"href":"https:\/\/baralivres.ma\/index.php?rest_route=%2Fwp%2Fv2%2Fmedia&parent=19382"}],"wp:term":[{"taxonomy":"product_cat","embeddable":true,"href":"https:\/\/baralivres.ma\/index.php?rest_route=%2Fwp%2Fv2%2Fproduct_cat&post=19382"},{"taxonomy":"product_tag","embeddable":true,"href":"https:\/\/baralivres.ma\/index.php?rest_route=%2Fwp%2Fv2%2Fproduct_tag&post=19382"}],"curies":[{"name":"wp","href":"https:\/\/api.w.org\/{rel}","templated":true}]}}