{"id":19376,"date":"2023-11-10T16:25:52","date_gmt":"2023-11-10T15:25:52","guid":{"rendered":"https:\/\/baralivres.ma\/?post_type=product&#038;p=19376"},"modified":"2023-11-10T16:25:52","modified_gmt":"2023-11-10T15:25:52","slug":"la-selection-tome-1","status":"publish","type":"product","link":"https:\/\/baralivres.ma\/?product=la-selection-tome-1","title":{"rendered":"La s\u00e9lection &#8211; tome 1"},"content":{"rendered":"<p>Parmi 35 candidates, la S\u00e9lection offre aux jeunes filles l&rsquo;opportunit\u00e9 de quitter leur destin pr\u00e9caire pour un monde de luxe en s\u00e9duisant le prince h\u00e9ritier, Maxon. Pour America Singer, cependant, c&rsquo;est un cauchemar : abandonner son amour, sa famille, et se lancer dans une comp\u00e9tition f\u00e9roce. Tout change lorsque America rencontre le prince, bouleversant ses plans initiaux.<\/p>\n","protected":false},"excerpt":{"rendered":"<p>Dans la comp\u00e9tition royale, America Singer doit choisir entre amour interdit et l&rsquo;opportunit\u00e9 d&rsquo;une vie meilleure.<\/p>\n","protected":false},"featured_media":19379,"comment_status":"open","ping_status":"closed","template":"","meta":{"inline_featured_image":false},"product_cat":[204,199],"product_tag":[],"class_list":{"0":"post-19376","1":"product","2":"type-product","3":"status-publish","4":"has-post-thumbnail","6":"product_cat-francais","7":"product_cat-histoires","8":"pa_auteurs-kiera-cass","10":"first","11":"instock","12":"shipping-taxable","13":"purchasable","14":"product-type-simple"},"_links":{"self":[{"href":"https:\/\/baralivres.ma\/index.php?rest_route=\/wp\/v2\/product\/19376","targetHints":{"allow":["GET"]}}],"collection":[{"href":"https:\/\/baralivres.ma\/index.php?rest_route=\/wp\/v2\/product"}],"about":[{"href":"https:\/\/baralivres.ma\/index.php?rest_route=\/wp\/v2\/types\/product"}],"replies":[{"embeddable":true,"href":"https:\/\/baralivres.ma\/index.php?rest_route=%2Fwp%2Fv2%2Fcomments&post=19376"}],"version-history":[{"count":1,"href":"https:\/\/baralivres.ma\/index.php?rest_route=\/wp\/v2\/product\/19376\/revisions"}],"predecessor-version":[{"id":19380,"href":"https:\/\/baralivres.ma\/index.php?rest_route=\/wp\/v2\/product\/19376\/revisions\/19380"}],"wp:featuredmedia":[{"embeddable":true,"href":"https:\/\/baralivres.ma\/index.php?rest_route=\/wp\/v2\/media\/19379"}],"wp:attachment":[{"href":"https:\/\/baralivres.ma\/index.php?rest_route=%2Fwp%2Fv2%2Fmedia&parent=19376"}],"wp:term":[{"taxonomy":"product_cat","embeddable":true,"href":"https:\/\/baralivres.ma\/index.php?rest_route=%2Fwp%2Fv2%2Fproduct_cat&post=19376"},{"taxonomy":"product_tag","embeddable":true,"href":"https:\/\/baralivres.ma\/index.php?rest_route=%2Fwp%2Fv2%2Fproduct_tag&post=19376"}],"curies":[{"name":"wp","href":"https:\/\/api.w.org\/{rel}","templated":true}]}}