{"id":19369,"date":"2023-11-10T16:09:08","date_gmt":"2023-11-10T15:09:08","guid":{"rendered":"https:\/\/baralivres.ma\/?post_type=product&#038;p=19369"},"modified":"2023-11-10T16:09:10","modified_gmt":"2023-11-10T15:09:10","slug":"la-riviere-a-lenvers-tome-2-hannah","status":"publish","type":"product","link":"https:\/\/baralivres.ma\/?product=la-riviere-a-lenvers-tome-2-hannah","title":{"rendered":"La rivi\u00e8re \u00e0 l&rsquo;envers &#8211; tome 2 Hannah"},"content":{"rendered":"<p>Hannah, l&rsquo;h\u00e9ro\u00efne, d\u00e9voile son \u00e9pop\u00e9e en qu\u00eate de l&rsquo;eau immortelle, suivant la vertigineuse Route du Ciel et traversant le d\u00e9sert. Son r\u00e9cit d\u00e9voile des contr\u00e9es in\u00e9dites tout en red\u00e9couvrant des paysages familiers tels que la For\u00eat de l&rsquo;Oubli, la prairie, et l&rsquo;oc\u00e9an. Une suite fascinante aux aventures de La rivi\u00e8re \u00e0 l&rsquo;envers de Tomek.<\/p>\n","protected":false},"excerpt":{"rendered":"<p>Hannah poursuit l&rsquo;\u00e9pop\u00e9e de La rivi\u00e8re \u00e0 l&rsquo;envers \u00e0 la recherche de l&rsquo;eau immortelle. Nouvelles contr\u00e9es, nouveaux d\u00e9fis.<\/p>\n","protected":false},"featured_media":19372,"comment_status":"open","ping_status":"closed","template":"","meta":{"inline_featured_image":false},"product_cat":[204,199],"product_tag":[],"class_list":{"0":"post-19369","1":"product","2":"type-product","3":"status-publish","4":"has-post-thumbnail","6":"product_cat-francais","7":"product_cat-histoires","8":"pa_auteurs-jean-claude-mourlevat","10":"first","11":"instock","12":"shipping-taxable","13":"purchasable","14":"product-type-simple"},"_links":{"self":[{"href":"https:\/\/baralivres.ma\/index.php?rest_route=\/wp\/v2\/product\/19369","targetHints":{"allow":["GET"]}}],"collection":[{"href":"https:\/\/baralivres.ma\/index.php?rest_route=\/wp\/v2\/product"}],"about":[{"href":"https:\/\/baralivres.ma\/index.php?rest_route=\/wp\/v2\/types\/product"}],"replies":[{"embeddable":true,"href":"https:\/\/baralivres.ma\/index.php?rest_route=%2Fwp%2Fv2%2Fcomments&post=19369"}],"version-history":[{"count":1,"href":"https:\/\/baralivres.ma\/index.php?rest_route=\/wp\/v2\/product\/19369\/revisions"}],"predecessor-version":[{"id":19373,"href":"https:\/\/baralivres.ma\/index.php?rest_route=\/wp\/v2\/product\/19369\/revisions\/19373"}],"wp:featuredmedia":[{"embeddable":true,"href":"https:\/\/baralivres.ma\/index.php?rest_route=\/wp\/v2\/media\/19372"}],"wp:attachment":[{"href":"https:\/\/baralivres.ma\/index.php?rest_route=%2Fwp%2Fv2%2Fmedia&parent=19369"}],"wp:term":[{"taxonomy":"product_cat","embeddable":true,"href":"https:\/\/baralivres.ma\/index.php?rest_route=%2Fwp%2Fv2%2Fproduct_cat&post=19369"},{"taxonomy":"product_tag","embeddable":true,"href":"https:\/\/baralivres.ma\/index.php?rest_route=%2Fwp%2Fv2%2Fproduct_tag&post=19369"}],"curies":[{"name":"wp","href":"https:\/\/api.w.org\/{rel}","templated":true}]}}