{"id":19366,"date":"2023-11-10T16:08:39","date_gmt":"2023-11-10T15:08:39","guid":{"rendered":"https:\/\/baralivres.ma\/?post_type=product&#038;p=19366"},"modified":"2023-11-10T16:11:29","modified_gmt":"2023-11-10T15:11:29","slug":"la-bhagavad-gita-ou-lart-dagir","status":"publish","type":"product","link":"https:\/\/baralivres.ma\/?product=la-bhagavad-gita-ou-lart-dagir","title":{"rendered":"La Bhagavad G\u00eet\u00e2 ou L&rsquo;art d&rsquo;agir"},"content":{"rendered":"<p>R\u00e9v\u00e9lation philosophique depuis 24 si\u00e8cles, la Bhagavad G\u00eet\u00e2 est \u00e0 l&rsquo;Inde ce qu&rsquo;est l&rsquo;Odyss\u00e9e \u00e0 l&rsquo;Occident. Inspirant figures telles que Gandhi, Martin Luther King et Nelson Mandela, ce texte demeure une source majeure de la philosophie du yoga. Colette Poggi, docteure en philosophie, offre une exploration captivante de son histoire et de ses enseignements, r\u00e9v\u00e9lant des le\u00e7ons intemporelles sur la justice, la vocation et la r\u00e9silience face \u00e0 l&rsquo;absurdit\u00e9. Un ouvrage essentiel.<\/p>\n<p>&nbsp;<\/p>\n","protected":false},"excerpt":{"rendered":"<p>La Bhagavad G\u00eet\u00e2, joyau philosophique indien, inspire justice, vocation, r\u00e9silience. Colette Poggi offre une exploration captivante.<\/p>\n","protected":false},"featured_media":19370,"comment_status":"open","ping_status":"closed","template":"","meta":{"inline_featured_image":false},"product_cat":[204,91],"product_tag":[],"class_list":{"0":"post-19366","1":"product","2":"type-product","3":"status-publish","4":"has-post-thumbnail","6":"product_cat-francais","7":"product_cat-developpement","8":"pa_auteurs-colette-poggi","10":"first","11":"instock","12":"shipping-taxable","13":"purchasable","14":"product-type-simple"},"_links":{"self":[{"href":"https:\/\/baralivres.ma\/index.php?rest_route=\/wp\/v2\/product\/19366","targetHints":{"allow":["GET"]}}],"collection":[{"href":"https:\/\/baralivres.ma\/index.php?rest_route=\/wp\/v2\/product"}],"about":[{"href":"https:\/\/baralivres.ma\/index.php?rest_route=\/wp\/v2\/types\/product"}],"replies":[{"embeddable":true,"href":"https:\/\/baralivres.ma\/index.php?rest_route=%2Fwp%2Fv2%2Fcomments&post=19366"}],"version-history":[{"count":1,"href":"https:\/\/baralivres.ma\/index.php?rest_route=\/wp\/v2\/product\/19366\/revisions"}],"predecessor-version":[{"id":19371,"href":"https:\/\/baralivres.ma\/index.php?rest_route=\/wp\/v2\/product\/19366\/revisions\/19371"}],"wp:featuredmedia":[{"embeddable":true,"href":"https:\/\/baralivres.ma\/index.php?rest_route=\/wp\/v2\/media\/19370"}],"wp:attachment":[{"href":"https:\/\/baralivres.ma\/index.php?rest_route=%2Fwp%2Fv2%2Fmedia&parent=19366"}],"wp:term":[{"taxonomy":"product_cat","embeddable":true,"href":"https:\/\/baralivres.ma\/index.php?rest_route=%2Fwp%2Fv2%2Fproduct_cat&post=19366"},{"taxonomy":"product_tag","embeddable":true,"href":"https:\/\/baralivres.ma\/index.php?rest_route=%2Fwp%2Fv2%2Fproduct_tag&post=19366"}],"curies":[{"name":"wp","href":"https:\/\/api.w.org\/{rel}","templated":true}]}}