{"id":19360,"date":"2023-11-10T15:58:19","date_gmt":"2023-11-10T14:58:19","guid":{"rendered":"https:\/\/baralivres.ma\/?post_type=product&#038;p=19360"},"modified":"2023-11-10T15:58:20","modified_gmt":"2023-11-10T14:58:20","slug":"la-poule-au-bois-dormant-les-ptites-poules-tome-13","status":"publish","type":"product","link":"https:\/\/baralivres.ma\/?product=la-poule-au-bois-dormant-les-ptites-poules-tome-13","title":{"rendered":"La poule au bois dormant &#8211; Les p&rsquo;tites poules &#8211; tome 13"},"content":{"rendered":"<p>Carmen, Carm\u00e9lito, et B\u00e9lino d\u00e9cident de rendre visite \u00e0 Coq Papi dans la cit\u00e9 voisine. \u00c0 leur grande surprise, ils se retrouvent confront\u00e9s \u00e0 l&rsquo;hostilit\u00e9 des citadins envers les campagnards. Les trois amis, pourtant venus en paix, sont mal accueillis. Cependant, un \u00e9v\u00e9nement extraordinaire se produit, mettant en lumi\u00e8re l&rsquo;importance des petites poules des champs et d\u00e9montrant que malgr\u00e9 les diff\u00e9rences, la coop\u00e9ration entre les habitants des campagnes et des villes est essentielle.<\/p>\n","protected":false},"excerpt":{"rendered":"<p>Carmen, Carm\u00e9lito et B\u00e9lino, petits poulets, surmontent l&rsquo;hostilit\u00e9 urbaine, d\u00e9montrant l&rsquo;importance de la coop\u00e9ration intercommunautaire.<\/p>\n","protected":false},"featured_media":19361,"comment_status":"open","ping_status":"closed","template":"","meta":{"inline_featured_image":false},"product_cat":[204,199],"product_tag":[],"class_list":{"0":"post-19360","1":"product","2":"type-product","3":"status-publish","4":"has-post-thumbnail","6":"product_cat-francais","7":"product_cat-histoires","8":"pa_auteurs-christian-jolibois","10":"first","11":"instock","12":"shipping-taxable","13":"purchasable","14":"product-type-simple"},"_links":{"self":[{"href":"https:\/\/baralivres.ma\/index.php?rest_route=\/wp\/v2\/product\/19360","targetHints":{"allow":["GET"]}}],"collection":[{"href":"https:\/\/baralivres.ma\/index.php?rest_route=\/wp\/v2\/product"}],"about":[{"href":"https:\/\/baralivres.ma\/index.php?rest_route=\/wp\/v2\/types\/product"}],"replies":[{"embeddable":true,"href":"https:\/\/baralivres.ma\/index.php?rest_route=%2Fwp%2Fv2%2Fcomments&post=19360"}],"version-history":[{"count":1,"href":"https:\/\/baralivres.ma\/index.php?rest_route=\/wp\/v2\/product\/19360\/revisions"}],"predecessor-version":[{"id":19362,"href":"https:\/\/baralivres.ma\/index.php?rest_route=\/wp\/v2\/product\/19360\/revisions\/19362"}],"wp:featuredmedia":[{"embeddable":true,"href":"https:\/\/baralivres.ma\/index.php?rest_route=\/wp\/v2\/media\/19361"}],"wp:attachment":[{"href":"https:\/\/baralivres.ma\/index.php?rest_route=%2Fwp%2Fv2%2Fmedia&parent=19360"}],"wp:term":[{"taxonomy":"product_cat","embeddable":true,"href":"https:\/\/baralivres.ma\/index.php?rest_route=%2Fwp%2Fv2%2Fproduct_cat&post=19360"},{"taxonomy":"product_tag","embeddable":true,"href":"https:\/\/baralivres.ma\/index.php?rest_route=%2Fwp%2Fv2%2Fproduct_tag&post=19360"}],"curies":[{"name":"wp","href":"https:\/\/api.w.org\/{rel}","templated":true}]}}