{"id":19359,"date":"2023-11-10T16:00:17","date_gmt":"2023-11-10T15:00:17","guid":{"rendered":"https:\/\/baralivres.ma\/?post_type=product&#038;p=19359"},"modified":"2023-11-10T16:00:18","modified_gmt":"2023-11-10T15:00:18","slug":"voir-en-pleine-conscience","status":"publish","type":"product","link":"https:\/\/baralivres.ma\/?product=voir-en-pleine-conscience","title":{"rendered":"Voir en pleine conscience"},"content":{"rendered":"<p>Avec des m\u00e9ditations br\u00e8ves et des exercices simples, Thich Nhat Hanh nous enseigne \u00e0 voir au-del\u00e0 des illusions, des pr\u00e9jug\u00e9s et de nos conceptions \u00e9troites. Il nous encourage \u00e0 appr\u00e9cier pleinement les choses et les \u00eatres, r\u00e9v\u00e9lant ainsi la cl\u00e9 du bonheur profond. Ces pratiques nous guident vers un recentrage sur l&rsquo;essentiel, invitant \u00e0 une perception plus lucide de la r\u00e9alit\u00e9 pour une vie \u00e9panouissante.<\/p>\n","protected":false},"excerpt":{"rendered":"<p>Thich Nhat Hanh guide \u00e0 travers des m\u00e9ditations pour percevoir la r\u00e9alit\u00e9 au-del\u00e0 des illusions et pr\u00e9jug\u00e9s, favorisant le bonheur authentique.<\/p>\n","protected":false},"featured_media":19364,"comment_status":"open","ping_status":"closed","template":"","meta":{"inline_featured_image":false},"product_cat":[204,91],"product_tag":[],"class_list":{"0":"post-19359","1":"product","2":"type-product","3":"status-publish","4":"has-post-thumbnail","6":"product_cat-francais","7":"product_cat-developpement","8":"pa_auteurs-thich-nhat-hanh-2","10":"first","11":"instock","12":"shipping-taxable","13":"purchasable","14":"product-type-simple"},"_links":{"self":[{"href":"https:\/\/baralivres.ma\/index.php?rest_route=\/wp\/v2\/product\/19359","targetHints":{"allow":["GET"]}}],"collection":[{"href":"https:\/\/baralivres.ma\/index.php?rest_route=\/wp\/v2\/product"}],"about":[{"href":"https:\/\/baralivres.ma\/index.php?rest_route=\/wp\/v2\/types\/product"}],"replies":[{"embeddable":true,"href":"https:\/\/baralivres.ma\/index.php?rest_route=%2Fwp%2Fv2%2Fcomments&post=19359"}],"version-history":[{"count":1,"href":"https:\/\/baralivres.ma\/index.php?rest_route=\/wp\/v2\/product\/19359\/revisions"}],"predecessor-version":[{"id":19365,"href":"https:\/\/baralivres.ma\/index.php?rest_route=\/wp\/v2\/product\/19359\/revisions\/19365"}],"wp:featuredmedia":[{"embeddable":true,"href":"https:\/\/baralivres.ma\/index.php?rest_route=\/wp\/v2\/media\/19364"}],"wp:attachment":[{"href":"https:\/\/baralivres.ma\/index.php?rest_route=%2Fwp%2Fv2%2Fmedia&parent=19359"}],"wp:term":[{"taxonomy":"product_cat","embeddable":true,"href":"https:\/\/baralivres.ma\/index.php?rest_route=%2Fwp%2Fv2%2Fproduct_cat&post=19359"},{"taxonomy":"product_tag","embeddable":true,"href":"https:\/\/baralivres.ma\/index.php?rest_route=%2Fwp%2Fv2%2Fproduct_tag&post=19359"}],"curies":[{"name":"wp","href":"https:\/\/api.w.org\/{rel}","templated":true}]}}