{"id":19353,"date":"2023-11-10T15:51:52","date_gmt":"2023-11-10T14:51:52","guid":{"rendered":"https:\/\/baralivres.ma\/?post_type=product&#038;p=19353"},"modified":"2023-11-10T15:51:53","modified_gmt":"2023-11-10T14:51:53","slug":"la-petite-poule-qui-voulait-voir-la-mer","status":"publish","type":"product","link":"https:\/\/baralivres.ma\/?product=la-petite-poule-qui-voulait-voir-la-mer","title":{"rendered":"La petite poule qui voulait voir la mer"},"content":{"rendered":"<p>Carm\u00e9la, une petite poule blanche, exprime le d\u00e9sir audacieux de voir la mer, bien que son p\u00e8re, le coq, consid\u00e8re cela comme une id\u00e9e folle. Il lui ordonne de se coucher, mais Carm\u00e9la, remplie d&rsquo;excitation, \u00e9prouve des difficult\u00e9s \u00e0 trouver le sommeil.<\/p>\n","protected":false},"excerpt":{"rendered":"<p>Carm\u00e9la, la petite poule, r\u00eave de voir la mer malgr\u00e9 l&rsquo;incr\u00e9dulit\u00e9 de son p\u00e8re, le coq.<\/p>\n","protected":false},"featured_media":19356,"comment_status":"open","ping_status":"closed","template":"","meta":{"inline_featured_image":false},"product_cat":[204,199],"product_tag":[],"class_list":{"0":"post-19353","1":"product","2":"type-product","3":"status-publish","4":"has-post-thumbnail","6":"product_cat-francais","7":"product_cat-histoires","8":"pa_auteurs-christian-jolibois","10":"first","11":"instock","12":"shipping-taxable","13":"purchasable","14":"product-type-simple"},"_links":{"self":[{"href":"https:\/\/baralivres.ma\/index.php?rest_route=\/wp\/v2\/product\/19353","targetHints":{"allow":["GET"]}}],"collection":[{"href":"https:\/\/baralivres.ma\/index.php?rest_route=\/wp\/v2\/product"}],"about":[{"href":"https:\/\/baralivres.ma\/index.php?rest_route=\/wp\/v2\/types\/product"}],"replies":[{"embeddable":true,"href":"https:\/\/baralivres.ma\/index.php?rest_route=%2Fwp%2Fv2%2Fcomments&post=19353"}],"version-history":[{"count":1,"href":"https:\/\/baralivres.ma\/index.php?rest_route=\/wp\/v2\/product\/19353\/revisions"}],"predecessor-version":[{"id":19357,"href":"https:\/\/baralivres.ma\/index.php?rest_route=\/wp\/v2\/product\/19353\/revisions\/19357"}],"wp:featuredmedia":[{"embeddable":true,"href":"https:\/\/baralivres.ma\/index.php?rest_route=\/wp\/v2\/media\/19356"}],"wp:attachment":[{"href":"https:\/\/baralivres.ma\/index.php?rest_route=%2Fwp%2Fv2%2Fmedia&parent=19353"}],"wp:term":[{"taxonomy":"product_cat","embeddable":true,"href":"https:\/\/baralivres.ma\/index.php?rest_route=%2Fwp%2Fv2%2Fproduct_cat&post=19353"},{"taxonomy":"product_tag","embeddable":true,"href":"https:\/\/baralivres.ma\/index.php?rest_route=%2Fwp%2Fv2%2Fproduct_tag&post=19353"}],"curies":[{"name":"wp","href":"https:\/\/api.w.org\/{rel}","templated":true}]}}