{"id":19350,"date":"2023-11-10T15:51:37","date_gmt":"2023-11-10T14:51:37","guid":{"rendered":"https:\/\/baralivres.ma\/?post_type=product&#038;p=19350"},"modified":"2023-11-10T15:51:38","modified_gmt":"2023-11-10T14:51:38","slug":"combattre-en-pleine-conscience","status":"publish","type":"product","link":"https:\/\/baralivres.ma\/?product=combattre-en-pleine-conscience","title":{"rendered":"Combattre en pleine conscience"},"content":{"rendered":"<p>Dans les moments d&rsquo;agression, de col\u00e8re ou de d\u00e9sespoir, Thich Nhat Hanh propose des m\u00e9ditations pour transformer ces difficult\u00e9s en opportunit\u00e9s de croissance et de compr\u00e9hension. L&rsquo;accent est mis sur l&rsquo;\u00e9coute, la compassion et la communication authentique, ramenant \u00e0 l&rsquo;essentiel de la vie.<\/p>\n","protected":false},"excerpt":{"rendered":"<p>M\u00e9ditations de Thich Nhat Hanh pour transformer agression, col\u00e8re et d\u00e9sespoir en croissance, compr\u00e9hension et authenticit\u00e9.<\/p>\n","protected":false},"featured_media":19354,"comment_status":"open","ping_status":"closed","template":"","meta":{"inline_featured_image":false},"product_cat":[204,91],"product_tag":[],"class_list":{"0":"post-19350","1":"product","2":"type-product","3":"status-publish","4":"has-post-thumbnail","6":"product_cat-francais","7":"product_cat-developpement","8":"pa_auteurs-thich-nhat-hanh-2","10":"first","11":"instock","12":"shipping-taxable","13":"purchasable","14":"product-type-simple"},"_links":{"self":[{"href":"https:\/\/baralivres.ma\/index.php?rest_route=\/wp\/v2\/product\/19350","targetHints":{"allow":["GET"]}}],"collection":[{"href":"https:\/\/baralivres.ma\/index.php?rest_route=\/wp\/v2\/product"}],"about":[{"href":"https:\/\/baralivres.ma\/index.php?rest_route=\/wp\/v2\/types\/product"}],"replies":[{"embeddable":true,"href":"https:\/\/baralivres.ma\/index.php?rest_route=%2Fwp%2Fv2%2Fcomments&post=19350"}],"version-history":[{"count":1,"href":"https:\/\/baralivres.ma\/index.php?rest_route=\/wp\/v2\/product\/19350\/revisions"}],"predecessor-version":[{"id":19355,"href":"https:\/\/baralivres.ma\/index.php?rest_route=\/wp\/v2\/product\/19350\/revisions\/19355"}],"wp:featuredmedia":[{"embeddable":true,"href":"https:\/\/baralivres.ma\/index.php?rest_route=\/wp\/v2\/media\/19354"}],"wp:attachment":[{"href":"https:\/\/baralivres.ma\/index.php?rest_route=%2Fwp%2Fv2%2Fmedia&parent=19350"}],"wp:term":[{"taxonomy":"product_cat","embeddable":true,"href":"https:\/\/baralivres.ma\/index.php?rest_route=%2Fwp%2Fv2%2Fproduct_cat&post=19350"},{"taxonomy":"product_tag","embeddable":true,"href":"https:\/\/baralivres.ma\/index.php?rest_route=%2Fwp%2Fv2%2Fproduct_tag&post=19350"}],"curies":[{"name":"wp","href":"https:\/\/api.w.org\/{rel}","templated":true}]}}