{"id":19337,"date":"2023-11-10T15:32:16","date_gmt":"2023-11-10T14:32:16","guid":{"rendered":"https:\/\/baralivres.ma\/?post_type=product&#038;p=19337"},"modified":"2023-11-10T15:32:17","modified_gmt":"2023-11-10T14:32:17","slug":"la-colere","status":"publish","type":"product","link":"https:\/\/baralivres.ma\/?product=la-colere","title":{"rendered":"La col\u00e8re"},"content":{"rendered":"<p>\u00ab\u00a0Thich Nhat Hanh, v\u00e9n\u00e9rable ma\u00eetre bouddhiste, offre des conseils pr\u00e9cieux pour dominer la col\u00e8re, restaurer l&rsquo;harmonie int\u00e9rieure et inspirer une vie paisible. Ses actions en faveur de la paix au Vietnam lui ont valu le soutien de Martin Luther King pour le prix Nobel de la paix en 1967. R\u00e9fugi\u00e9 politique en France depuis 1972, il a fond\u00e9 le Village des Pruniers en 1982, une communaut\u00e9 o\u00f9 il anime des s\u00e9minaires. Son enseignement, salu\u00e9 par le Dala\u00ef-Lama, propose une nouvelle perspective pour r\u00e9tablir la \u00ab\u00a0Terre Pure\u00a0\u00bb en soi.\u00a0\u00bb<\/p>\n","protected":false},"excerpt":{"rendered":"<p>\u00ab\u00a0Thich Nhat Hanh guide \u00e0 apaiser la col\u00e8re, retrouver l&rsquo;harmonie, inspirant paix int\u00e9rieure. Conseils pr\u00e9cieux du ma\u00eetre bouddhiste.\u00a0\u00bb<\/p>\n","protected":false},"featured_media":19338,"comment_status":"open","ping_status":"closed","template":"","meta":{"inline_featured_image":false},"product_cat":[204,91],"product_tag":[],"class_list":{"0":"post-19337","1":"product","2":"type-product","3":"status-publish","4":"has-post-thumbnail","6":"product_cat-francais","7":"product_cat-developpement","8":"pa_auteurs-thich-nhat-hanh","10":"first","11":"instock","12":"shipping-taxable","13":"purchasable","14":"product-type-simple"},"_links":{"self":[{"href":"https:\/\/baralivres.ma\/index.php?rest_route=\/wp\/v2\/product\/19337","targetHints":{"allow":["GET"]}}],"collection":[{"href":"https:\/\/baralivres.ma\/index.php?rest_route=\/wp\/v2\/product"}],"about":[{"href":"https:\/\/baralivres.ma\/index.php?rest_route=\/wp\/v2\/types\/product"}],"replies":[{"embeddable":true,"href":"https:\/\/baralivres.ma\/index.php?rest_route=%2Fwp%2Fv2%2Fcomments&post=19337"}],"version-history":[{"count":1,"href":"https:\/\/baralivres.ma\/index.php?rest_route=\/wp\/v2\/product\/19337\/revisions"}],"predecessor-version":[{"id":19339,"href":"https:\/\/baralivres.ma\/index.php?rest_route=\/wp\/v2\/product\/19337\/revisions\/19339"}],"wp:featuredmedia":[{"embeddable":true,"href":"https:\/\/baralivres.ma\/index.php?rest_route=\/wp\/v2\/media\/19338"}],"wp:attachment":[{"href":"https:\/\/baralivres.ma\/index.php?rest_route=%2Fwp%2Fv2%2Fmedia&parent=19337"}],"wp:term":[{"taxonomy":"product_cat","embeddable":true,"href":"https:\/\/baralivres.ma\/index.php?rest_route=%2Fwp%2Fv2%2Fproduct_cat&post=19337"},{"taxonomy":"product_tag","embeddable":true,"href":"https:\/\/baralivres.ma\/index.php?rest_route=%2Fwp%2Fv2%2Fproduct_tag&post=19337"}],"curies":[{"name":"wp","href":"https:\/\/api.w.org\/{rel}","templated":true}]}}