{"id":19330,"date":"2023-11-10T15:29:00","date_gmt":"2023-11-10T14:29:00","guid":{"rendered":"https:\/\/baralivres.ma\/?post_type=product&#038;p=19330"},"modified":"2024-11-27T15:17:45","modified_gmt":"2024-11-27T14:17:45","slug":"papi-est-un-super-menteur-tome-2-le-super-chevalier","status":"publish","type":"product","link":"https:\/\/baralivres.ma\/?product=papi-est-un-super-menteur-tome-2-le-super-chevalier","title":{"rendered":"Papi est un super menteur &#8211; Tome 2 Le super chevalier"},"content":{"rendered":"<p>Papi, un sage d\u00e9l\u00e9gu\u00e9 de classe aux c\u00f4t\u00e9s de Jeanne d&rsquo;Arc, nous transporte magistralement \u00e0 travers la fascinante \u00e9poque de la guerre de Cent Ans. Avec une plume empreinte de tendresse et de malice, il partage ses souvenirs, d\u00e9voilant des tranches d&rsquo;histoire \u00e9piques, agr\u00e9ment\u00e9es de destriers fougueux, d&rsquo;\u00e9p\u00e9es \u00e9tincelantes, de heaumes protecteurs, de boucliers r\u00e9solus, de trompettes retentissantes et d&rsquo;arbal\u00e8tes redoutables. Accrochez-vous \u00e0 vos pyjamas, car Papi, avec son r\u00e9cit irr\u00e9sistible, nous emm\u00e8ne dans un p\u00e9riple captivant au c\u0153ur de l&rsquo;\u00e8re des chevaliers.<\/p>\n","protected":false},"excerpt":{"rendered":"<p>Papi, d\u00e9l\u00e9gu\u00e9 de classe avec Jeanne d&rsquo;Arc, partage ses aventures \u00e9piques \u00e0 travers la guerre de Cent Ans.<\/p>\n","protected":false},"featured_media":19332,"comment_status":"open","ping_status":"closed","template":"","meta":{"inline_featured_image":false},"product_cat":[203,204],"product_tag":[],"class_list":{"0":"post-19330","1":"product","2":"type-product","3":"status-publish","4":"has-post-thumbnail","6":"product_cat-adolescente","7":"product_cat-francais","8":"pa_auteurs-gregory-nicolas","10":"first","11":"instock","12":"shipping-taxable","13":"purchasable","14":"product-type-simple"},"_links":{"self":[{"href":"https:\/\/baralivres.ma\/index.php?rest_route=\/wp\/v2\/product\/19330","targetHints":{"allow":["GET"]}}],"collection":[{"href":"https:\/\/baralivres.ma\/index.php?rest_route=\/wp\/v2\/product"}],"about":[{"href":"https:\/\/baralivres.ma\/index.php?rest_route=\/wp\/v2\/types\/product"}],"replies":[{"embeddable":true,"href":"https:\/\/baralivres.ma\/index.php?rest_route=%2Fwp%2Fv2%2Fcomments&post=19330"}],"version-history":[{"count":1,"href":"https:\/\/baralivres.ma\/index.php?rest_route=\/wp\/v2\/product\/19330\/revisions"}],"predecessor-version":[{"id":19333,"href":"https:\/\/baralivres.ma\/index.php?rest_route=\/wp\/v2\/product\/19330\/revisions\/19333"}],"wp:featuredmedia":[{"embeddable":true,"href":"https:\/\/baralivres.ma\/index.php?rest_route=\/wp\/v2\/media\/19332"}],"wp:attachment":[{"href":"https:\/\/baralivres.ma\/index.php?rest_route=%2Fwp%2Fv2%2Fmedia&parent=19330"}],"wp:term":[{"taxonomy":"product_cat","embeddable":true,"href":"https:\/\/baralivres.ma\/index.php?rest_route=%2Fwp%2Fv2%2Fproduct_cat&post=19330"},{"taxonomy":"product_tag","embeddable":true,"href":"https:\/\/baralivres.ma\/index.php?rest_route=%2Fwp%2Fv2%2Fproduct_tag&post=19330"}],"curies":[{"name":"wp","href":"https:\/\/api.w.org\/{rel}","templated":true}]}}