{"id":19320,"date":"2023-11-10T15:22:54","date_gmt":"2023-11-10T14:22:54","guid":{"rendered":"https:\/\/baralivres.ma\/?post_type=product&#038;p=19320"},"modified":"2023-11-10T15:25:50","modified_gmt":"2023-11-10T14:25:50","slug":"espoir","status":"publish","type":"product","link":"https:\/\/baralivres.ma\/?product=espoir","title":{"rendered":"Espoir"},"content":{"rendered":"<p>\u00ab\u00a0Espoir\u00a0\u00bb est un guide canalis\u00e9 de la Source visant \u00e0 \u00e9lever la vibration pendant la transition plan\u00e9taire. Il offre des conseils pour embrasser une r\u00e9alit\u00e9 plus vraie, r\u00e9veiller l&rsquo;humour, la joie et le plaisir. Le livre encourage \u00e0 se lib\u00e9rer du mental et de l&rsquo;ego, \u00e0 accueillir la g\u00e9n\u00e9rosit\u00e9 de l&rsquo;univers et \u00e0 se reconnecter \u00e0 soi pour redevenir la personne la plus importante de sa vie. Un manuel pour ceux qui souhaitent s&rsquo;ouvrir \u00e0 une existence plus \u00e9panouissante.<\/p>\n","protected":false},"excerpt":{"rendered":"<p>Guide canalis\u00e9 de la Source, \u00ab\u00a0Espoir\u00a0\u00bb \u00e9l\u00e8ve la vibration et ouvre \u00e0 une r\u00e9alit\u00e9 plus \u00e9lev\u00e9e, joyeuse.<\/p>\n","protected":false},"featured_media":19326,"comment_status":"open","ping_status":"closed","template":"","meta":{"inline_featured_image":false},"product_cat":[204,91],"product_tag":[],"class_list":{"0":"post-19320","1":"product","2":"type-product","3":"status-publish","4":"has-post-thumbnail","6":"product_cat-francais","7":"product_cat-developpement","8":"pa_auteurs-aurore-roegiers","10":"first","11":"instock","12":"shipping-taxable","13":"purchasable","14":"product-type-simple"},"_links":{"self":[{"href":"https:\/\/baralivres.ma\/index.php?rest_route=\/wp\/v2\/product\/19320","targetHints":{"allow":["GET"]}}],"collection":[{"href":"https:\/\/baralivres.ma\/index.php?rest_route=\/wp\/v2\/product"}],"about":[{"href":"https:\/\/baralivres.ma\/index.php?rest_route=\/wp\/v2\/types\/product"}],"replies":[{"embeddable":true,"href":"https:\/\/baralivres.ma\/index.php?rest_route=%2Fwp%2Fv2%2Fcomments&post=19320"}],"version-history":[{"count":1,"href":"https:\/\/baralivres.ma\/index.php?rest_route=\/wp\/v2\/product\/19320\/revisions"}],"predecessor-version":[{"id":19327,"href":"https:\/\/baralivres.ma\/index.php?rest_route=\/wp\/v2\/product\/19320\/revisions\/19327"}],"wp:featuredmedia":[{"embeddable":true,"href":"https:\/\/baralivres.ma\/index.php?rest_route=\/wp\/v2\/media\/19326"}],"wp:attachment":[{"href":"https:\/\/baralivres.ma\/index.php?rest_route=%2Fwp%2Fv2%2Fmedia&parent=19320"}],"wp:term":[{"taxonomy":"product_cat","embeddable":true,"href":"https:\/\/baralivres.ma\/index.php?rest_route=%2Fwp%2Fv2%2Fproduct_cat&post=19320"},{"taxonomy":"product_tag","embeddable":true,"href":"https:\/\/baralivres.ma\/index.php?rest_route=%2Fwp%2Fv2%2Fproduct_tag&post=19320"}],"curies":[{"name":"wp","href":"https:\/\/api.w.org\/{rel}","templated":true}]}}